{"id":13976,"date":"2025-09-01T15:46:16","date_gmt":"2025-09-01T14:46:16","guid":{"rendered":"https:\/\/www.bluesquarehub.com\/expertise\/health-system-strengthening\/"},"modified":"2025-10-27T16:42:14","modified_gmt":"2025-10-27T15:42:14","slug":"health-system-strengthening","status":"publish","type":"page","link":"https:\/\/www.bluesquarehub.com\/fr\/expertise\/health-system-strengthening\/","title":{"rendered":"Renforcement des syst\u00e8mes de sant\u00e9"},"content":{"rendered":"    <div class=\"hero-section  py-60 md:py-[160px] text-center bg-cover bg-center  bg-dark text-white  [&#038;_.sub-title-home]:opacity-80 [&#038;_.sub-title-home]:text-[32px] md:[&#038;_.sub-title-home]:text-[20px]\"\n         style=\"background-image: url('https:\/\/www.bluesquarehub.com\/wp-content\/uploads\/2025\/07\/Hero-Section-1.jpg')\">\n        <div class=\"container \">\n            \n<h5 class=\" wp-block-heading eplus-wrapper eplus-styles-uid-677210\">Expertise<\/h5>\n\n\n<h1 class=\" wp-block-heading has-text-align-center eplus-wrapper\">Renforcement des syst\u00e8mes de sant\u00e9<\/h1>\n\n\n        <\/div>\n    <\/div>\n    \n\n    <div class=\"wrapper-container-block overflow-hidden py-[90px] md:!py-[64px] bg-color-white \"\n         id=\"block_884cc239f6c1ab89bc3f0778ecd9b6cb\"\n         style=\"  \">\n        <div class=\"container\">\n            \n<h5 class=\" wp-block-heading has-text-align-center eplus-wrapper eplus-styles-uid-677210\">Nos expertises<\/h5>\n\n<h2 class=\" wp-block-heading has-text-align-left eplus-wrapper eplus-styles-uid-1dc980\">Financement de la sant\u00e9<\/h2>\n\n<p class=\"body-20 has-text-align-left eplus-wrapper eplus-styles-uid-1dc980\">Nous concevons des <strong>plateformes num\u00e9riques<\/strong> qui relient les<strong> flux financiers \u00e0 la prestation de services<\/strong>, aidant les pays \u00e0 suivre les budgets, g\u00e9rer les paiements et am\u00e9liorer la transparence. Qu\u2019il s\u2019agisse de financement bas\u00e9 sur la performance ou de suivi des ressources, nos outils offrent la visibilit\u00e9 n\u00e9cessaire aux d\u00e9cideurs pour que chaque investissement en sant\u00e9 ait un impact r\u00e9el.<\/p>\n\n<p class=\"body-20 has-text-align-left has-text-color has-link-color eplus-wrapper wp-elements-257c2896f6d98a0c4992ef751f5f89ae eplus-styles-uid-1dc980\" style=\"color:#4361ee\"><a href=\"https:\/\/www.bluesquarehub.com\/expertise\/health-financing\/\" target=\"_blank\" rel=\"noreferrer noopener\">D\u00e9couvrez notre expertise en Financement de la sant\u00e9<\/a><\/p>\n\n<h2 class=\" wp-block-heading has-text-align-left eplus-wrapper eplus-styles-uid-1dc980\">Cha\u00eenes d\u2019approvisionnement et logistique<\/h2>\n\n<p class=\"body-20 has-text-align-left eplus-wrapper eplus-styles-uid-1dc980\">L\u2019acc\u00e8s aux m\u00e9dicaments et aux vaccins d\u00e9pend de syst\u00e8mes logistiques solides. Bluesquare accompagne les gouvernements gr\u00e2ce \u00e0 des outils num\u00e9riques pour la <strong>visibilit\u00e9 des stocks, la pr\u00e9vision des besoins et la distribution jusqu\u2019au dernier kilom\u00e8tre<\/strong>. En int\u00e9grant les donn\u00e9es de la cha\u00eene d\u2019approvisionnement et en construisant des tableaux de bord en temps r\u00e9el, nous contribuons \u00e0 garantir la disponibilit\u00e9 des produits essentiels l\u00e0 o\u00f9 et quand ils sont n\u00e9cessaires.<\/p>\n\n<p class=\"body-20 has-text-align-left has-text-color has-link-color eplus-wrapper wp-elements-2256ad50c3daf8d6a386a857f902091f eplus-styles-uid-1dc980\" style=\"color:#4361ee\"><a href=\"https:\/\/www.bluesquarehub.com\/fr\/expertise\/health-system-strengthening\/chaine-dapprovisionnement-et-logistique\/\" target=\"_blank\" rel=\"noreferrer noopener\">D\u00e9couvrez notre expertise en Logistique<\/a><\/p>\n\n        <\/div>\n    <\/div>\n    \n\n    <div class=\"wrapper-container-block overflow-hidden py-[90px] md:!py-[64px] bg-color-white \"\n         id=\"block_cd28d4c4ae8f545b9a6b7b3cfd1411ea\"\n         style=\"  \">\n        <div class=\"container\">\n            \n<div class=\"gradient-section wp-block-group has-background eplus-wrapper eplus-styles-uid-aa584b\" style=\"background:linear-gradient(90deg,rgb(25,32,65) 2%,rgb(102,0,0) 100%)\"><div class=\"wp-block-group__inner-container is-layout-constrained wp-block-group-is-layout-constrained\">\n<h2 class=\"wp-block-heading has-text-align-center has-white-color has-text-color has-link-color eplus-wrapper wp-elements-45683c25d2b6ac640375e7266dc39bb8\">Pr\u00eat \u00e0 optimiser vos syst\u00e8mes de donn\u00e9es ?<\/h2>\n\n\n\n<p class=\"body-24 has-text-align-center has-white-color has-text-color has-link-color eplus-wrapper wp-elements-4e734f73a6e8a0826cfdf216ae0ab5fa\">Parlez \u00e0 un expert de Bluesquare. Contactez-nous maintenant.<\/p>\n\n\n\n<div class=\"wp-block-buttons eplus-wrapper is-content-justification-center is-layout-flex wp-container-core-buttons-is-layout-16018d1d wp-block-buttons-is-layout-flex\"><div class=\" wp-block-button eplus-wrapper eplus-styles-uid-a42b80\"><a class=\"wp-block-button__link has-background wp-element-button\" href=\"https:\/\/www.bluesquarehub.com\/fr\/contact\/\" style=\"background-color:#4361ee\" target=\"_blank\" rel=\"noreferrer noopener\">Contact<\/a><\/div><\/div>\n<\/div><\/div>\n\n        <\/div>\n    <\/div>\n    \n\n    <div class=\"wrapper-container-block overflow-hidden py-[90px] md:!py-[64px] bg-color-blue \"\n         id=\"block_7f7dc9a582333e35d62c6bf9a8eacda7\"\n         style=\"  \">\n        <div class=\"container\">\n            \n<h5 class=\" wp-block-heading has-text-align-center eplus-wrapper eplus-styles-uid-677210\">Collaboration<\/h5>\n\n\n<h2 class=\" wp-block-heading has-text-align-center eplus-wrapper\">Nous les soutenons<\/h2>\n\n\n<div class=\"wp-block-columns eplus-wrapper is-layout-flex wp-container-core-columns-is-layout-9d6595d7 wp-block-columns-is-layout-flex eplus-styles-uid-287b58\">\n<div class=\"wp-block-column eplus-wrapper is-layout-flow wp-block-column-is-layout-flow\"><div class=\"wp-block-safe-svg-svg-icon safe-svg-cover\" style=\"text-align: center;\">\n\t\t\t\t<div class=\"safe-svg-inside safe-svg-inline\" style=\"width: 48px; height: 49px; background-color: var(--wp--preset--color--); color: var(--wp--preset--color--); padding-top: ; padding-right: ; padding-bottom: ; padding-left: ; margin-top: ; margin-right: ; margin-bottom: ; margin-left: ;\"><?xml version=\"1.0\" encoding=\"UTF-8\"?> <svg xmlns=\"http:\/\/www.w3.org\/2000\/svg\" width=\"48\" height=\"49\" viewbox=\"0 0 48 49\" fill=\"none\"><g clip-path=\"url(#clip0_4736_26482)\"><path d=\"M20 2.90901C22.4752 1.47995 25.5248 1.47995 28 2.90901L40.7846 10.2902C43.2598 11.7193 44.7846 14.3603 44.7846 17.2184V31.9808C44.7846 34.8389 43.2598 37.4799 40.7846 38.909L28 46.2902C25.5248 47.7193 22.4752 47.7193 20 46.2902L7.21539 38.909C4.74018 37.4799 3.21539 34.8389 3.21539 31.9808V17.2184C3.21539 14.3603 4.74018 11.7193 7.21539 10.2902L20 2.90901Z\" fill=\"#4361EE\"><\/path><mask id=\"mask0_4736_26482\" style=\"mask-type:alpha\" maskunits=\"userSpaceOnUse\" x=\"12\" y=\"12\" width=\"24\" height=\"25\"><rect x=\"12\" y=\"12.5996\" width=\"24\" height=\"24\" fill=\"#D9D9D9\"><\/rect><\/mask><g mask=\"url(#mask0_4736_26482)\"><path d=\"M22.5 27.0996V28.0996C22.5 28.5163 22.6458 28.8704 22.9375 29.1621C23.2292 29.4538 23.5833 29.5996 24 29.5996C24.4167 29.5996 24.7708 29.4538 25.0625 29.1621C25.3542 28.8704 25.5 28.5163 25.5 28.0996V27.0996H26.5C26.9167 27.0996 27.2708 26.9538 27.5625 26.6621C27.8542 26.3704 28 26.0163 28 25.5996C28 25.1829 27.8542 24.8288 27.5625 24.5371C27.2708 24.2454 26.9167 24.0996 26.5 24.0996H25.5V23.0996C25.5 22.6829 25.3542 22.3288 25.0625 22.0371C24.7708 21.7454 24.4167 21.5996 24 21.5996C23.5833 21.5996 23.2292 21.7454 22.9375 22.0371C22.6458 22.3288 22.5 22.6829 22.5 23.0996V24.0996H21.5C21.0833 24.0996 20.7292 24.2454 20.4375 24.5371C20.1458 24.8288 20 25.1829 20 25.5996C20 26.0163 20.1458 26.3704 20.4375 26.6621C20.7292 26.9538 21.0833 27.0996 21.5 27.0996H22.5ZM18 33.5996C17.45 33.5996 16.9792 33.4038 16.5875 33.0121C16.1958 32.6204 16 32.1496 16 31.5996V22.5996C16 22.2829 16.0708 21.9829 16.2125 21.6996C16.3542 21.4163 16.55 21.1829 16.8 20.9996L22.8 16.4996C23.15 16.2329 23.55 16.0996 24 16.0996C24.45 16.0996 24.85 16.2329 25.2 16.4996L31.2 20.9996C31.45 21.1829 31.6458 21.4163 31.7875 21.6996C31.9292 21.9829 32 22.2829 32 22.5996V31.5996C32 32.1496 31.8042 32.6204 31.4125 33.0121C31.0208 33.4038 30.55 33.5996 30 33.5996H18Z\" fill=\"white\"><\/path><\/g><\/g><defs><clippath id=\"clip0_4736_26482\"><rect y=\"0.599609\" width=\"48\" height=\"48\" rx=\"4\" fill=\"white\"><\/rect><\/clippath><\/defs><\/svg> <\/div>\n\t\t\t<\/div>\n\n\n<p class=\"opacity-text-100 has-text-align-center eplus-wrapper\"><strong><strong>Autorit\u00e9s publiques<\/strong><\/strong><\/p>\n\n\n\n<p class=\" has-text-align-center eplus-wrapper\">Minist\u00e8res de la sant\u00e9, programmes sociaux et environnementaux, etc.<\/p>\n<\/div>\n\n\n\n<div class=\"wp-block-column eplus-wrapper is-layout-flow wp-block-column-is-layout-flow\"><div class=\"wp-block-safe-svg-svg-icon safe-svg-cover\" style=\"text-align: center;\">\n\t\t\t\t<div class=\"safe-svg-inside safe-svg-inline\" style=\"width: 48px; height: 49px; background-color: var(--wp--preset--color--); color: var(--wp--preset--color--); padding-top: ; padding-right: ; padding-bottom: ; padding-left: ; margin-top: ; margin-right: ; margin-bottom: ; margin-left: ;\"><?xml version=\"1.0\" encoding=\"UTF-8\"?> <svg xmlns=\"http:\/\/www.w3.org\/2000\/svg\" width=\"48\" height=\"49\" viewbox=\"0 0 48 49\" fill=\"none\"><g clip-path=\"url(#clip0_4736_26490)\"><path d=\"M20 2.90901C22.4752 1.47995 25.5248 1.47995 28 2.90901L40.7846 10.2902C43.2598 11.7193 44.7846 14.3603 44.7846 17.2184V31.9808C44.7846 34.8389 43.2598 37.4799 40.7846 38.909L28 46.2902C25.5248 47.7193 22.4752 47.7193 20 46.2902L7.21539 38.909C4.74018 37.4799 3.21539 34.8389 3.21539 31.9808V17.2184C3.21539 14.3603 4.74018 11.7193 7.21539 10.2902L20 2.90901Z\" fill=\"#4361EE\"><\/path><mask id=\"mask0_4736_26490\" style=\"mask-type:alpha\" maskunits=\"userSpaceOnUse\" x=\"12\" y=\"12\" width=\"24\" height=\"25\"><rect x=\"12\" y=\"12.5996\" width=\"24\" height=\"24\" fill=\"#D9D9D9\"><\/rect><\/mask><g mask=\"url(#mask0_4736_26490)\"><path d=\"M24 34.5996C22.6167 34.5996 21.3167 34.3371 20.1 33.8121C18.8833 33.2871 17.825 32.5746 16.925 31.6746C16.025 30.7746 15.3125 29.7163 14.7875 28.4996C14.2625 27.2829 14 25.9829 14 24.5996C14 23.2163 14.2625 21.9163 14.7875 20.6996C15.3125 19.4829 16.025 18.4246 16.925 17.5246C17.825 16.6246 18.8833 15.9121 20.1 15.3871C21.3167 14.8621 22.6167 14.5996 24 14.5996C25.3833 14.5996 26.6833 14.8621 27.9 15.3871C29.1167 15.9121 30.175 16.6246 31.075 17.5246C31.975 18.4246 32.6875 19.4829 33.2125 20.6996C33.7375 21.9163 34 23.2163 34 24.5996C34 25.9829 33.7375 27.2829 33.2125 28.4996C32.6875 29.7163 31.975 30.7746 31.075 31.6746C30.175 32.5746 29.1167 33.2871 27.9 33.8121C26.6833 34.3371 25.3833 34.5996 24 34.5996ZM24 32.5996C26.2333 32.5996 28.125 31.8246 29.675 30.2746C31.225 28.7246 32 26.8329 32 24.5996C32 24.4829 31.9958 24.3621 31.9875 24.2371C31.9792 24.1121 31.975 24.0079 31.975 23.9246C31.8917 24.4079 31.6667 24.8079 31.3 25.1246C30.9333 25.4413 30.5 25.5996 30 25.5996H28C27.45 25.5996 26.9792 25.4038 26.5875 25.0121C26.1958 24.6204 26 24.1496 26 23.5996V22.5996H22V20.5996C22 20.0496 22.1958 19.5788 22.5875 19.1871C22.9792 18.7954 23.45 18.5996 24 18.5996H25C25 18.2163 25.1042 17.8788 25.3125 17.5871C25.5208 17.2954 25.775 17.0579 26.075 16.8746C25.7417 16.7913 25.4042 16.7246 25.0625 16.6746C24.7208 16.6246 24.3667 16.5996 24 16.5996C21.7667 16.5996 19.875 17.3746 18.325 18.9246C16.775 20.4746 16 22.3663 16 24.5996H21C22.1 24.5996 23.0417 24.9913 23.825 25.7746C24.6083 26.5579 25 27.4996 25 28.5996V29.5996H22V32.3496C22.3333 32.4329 22.6625 32.4954 22.9875 32.5371C23.3125 32.5788 23.65 32.5996 24 32.5996Z\" fill=\"white\"><\/path><\/g><\/g><defs><clippath id=\"clip0_4736_26490\"><rect y=\"0.599609\" width=\"48\" height=\"48\" rx=\"4\" fill=\"white\"><\/rect><\/clippath><\/defs><\/svg> <\/div>\n\t\t\t<\/div>\n\n<p class=\"opacity-text-100 has-text-align-center eplus-wrapper eplus-styles-uid-f5c7f8\"><strong>Organisations internationales<\/strong><\/p>\n\n\n<p class=\" has-text-align-center eplus-wrapper\">Organisation mondiale de la Sant\u00e9, agences des Nations Unies, etc.<\/p>\n<\/div>\n\n\n\n<div class=\"wp-block-column eplus-wrapper is-layout-flow wp-block-column-is-layout-flow\"><div class=\"wp-block-safe-svg-svg-icon safe-svg-cover\" style=\"text-align: center;\">\n\t\t\t\t<div class=\"safe-svg-inside safe-svg-inline\" style=\"width: 48px; height: 48px; background-color: var(--wp--preset--color--); color: var(--wp--preset--color--); padding-top: ; padding-right: ; padding-bottom: ; padding-left: ; margin-top: ; margin-right: ; margin-bottom: ; margin-left: ;\"><?xml version=\"1.0\" encoding=\"UTF-8\"?> <svg xmlns=\"http:\/\/www.w3.org\/2000\/svg\" width=\"48\" height=\"48\" viewbox=\"0 0 48 48\" fill=\"none\"><g clip-path=\"url(#clip0_4736_20389)\"><path d=\"M20 2.3094C22.4752 0.880339 25.5248 0.880339 28 2.3094L40.7846 9.6906C43.2598 11.1197 44.7846 13.7607 44.7846 16.6188V31.3812C44.7846 34.2393 43.2598 36.8803 40.7846 38.3094L28 45.6906C25.5248 47.1197 22.4752 47.1197 20 45.6906L7.21539 38.3094C4.74018 36.8803 3.21539 34.2393 3.21539 31.3812V16.6188C3.21539 13.7607 4.74018 11.1197 7.21539 9.6906L20 2.3094Z\" fill=\"#4361EE\"><\/path><mask id=\"mask0_4736_20389\" style=\"mask-type:alpha\" maskunits=\"userSpaceOnUse\" x=\"12\" y=\"12\" width=\"24\" height=\"24\"><rect x=\"12\" y=\"12\" width=\"24\" height=\"24\" fill=\"#D9D9D9\"><\/rect><\/mask><g mask=\"url(#mask0_4736_20389)\"><path d=\"M15.9 23.175C15.7167 22.975 15.625 22.7375 15.625 22.4625C15.625 22.1875 15.7167 21.95 15.9 21.75L18.7 18.95L17.625 17.875L17.325 18.175C17.125 18.375 16.8875 18.475 16.6125 18.475C16.3375 18.475 16.1 18.375 15.9 18.175C15.7167 17.975 15.625 17.7375 15.625 17.4625C15.625 17.1875 15.7167 16.9583 15.9 16.775L17.9 14.775C18.1 14.575 18.3375 14.475 18.6125 14.475C18.8875 14.475 19.125 14.575 19.325 14.775C19.525 14.9583 19.625 15.1916 19.625 15.475C19.625 15.7583 19.525 15.9916 19.325 16.175L19.025 16.475L20.1 17.55L22.9 14.75C23.1 14.55 23.3375 14.45 23.6125 14.45C23.8875 14.45 24.125 14.55 24.325 14.75C24.525 14.95 24.625 15.1875 24.625 15.4625C24.625 15.7375 24.525 15.975 24.325 16.175L23.65 16.825L25.2 18.375L22.375 21.175C22.1917 21.375 22.1 21.6125 22.1 21.8875C22.1 22.1625 22.1917 22.4 22.375 22.6C22.575 22.8 22.8125 22.9 23.0875 22.9C23.3625 22.9 23.6 22.8 23.8 22.6L26.6 19.775L28.125 21.275L25.3 24.1C25.1 24.3 25 24.5375 25 24.8125C25 25.0875 25.1 25.325 25.3 25.525C25.4833 25.7083 25.7125 25.7958 25.9875 25.7875C26.2625 25.7791 26.5 25.6833 26.7 25.5L29.5 22.675L31.025 24.2C31.4083 24.5833 31.6 25.0541 31.6 25.6125C31.6 26.1708 31.4083 26.6416 31.025 27.025L30.325 27.75L34.2 31.6C34.3667 31.7666 34.4083 31.95 34.325 32.15C34.2417 32.35 34.0833 32.45 33.85 32.45H32.825C32.625 32.45 32.4292 32.4083 32.2375 32.325C32.0458 32.2416 31.8833 32.1333 31.75 32L28.9 29.15L28.2 29.875C27.8167 30.2583 27.3458 30.45 26.7875 30.45C26.2292 30.45 25.7583 30.2583 25.375 29.875L18 22.5L17.325 23.175C17.125 23.3583 16.8875 23.45 16.6125 23.45C16.3375 23.45 16.1 23.3583 15.9 23.175Z\" fill=\"white\"><\/path><\/g><\/g><defs><clippath id=\"clip0_4736_20389\"><rect width=\"48\" height=\"48\" rx=\"4\" fill=\"white\"><\/rect><\/clippath><\/defs><\/svg> <\/div>\n\t\t\t<\/div>\n\n\n<p class=\"opacity-text-100 has-text-align-center eplus-wrapper\"><strong><strong>Organisations non gouvernementales (ONG)<\/strong><\/strong><\/p>\n\n\n\n<p class=\" has-text-align-center eplus-wrapper\">Organisations internationales et nationales<\/p>\n<\/div>\n<\/div>\n\n        <\/div>\n    <\/div>\n    ","protected":false},"excerpt":{"rendered":"","protected":false},"author":4,"featured_media":0,"parent":681,"menu_order":0,"comment_status":"closed","ping_status":"closed","template":"","meta":{"_acf_changed":false,"content-type":"","editor_plus_copied_stylings":"{}","footnotes":""},"class_list":["post-13976","page","type-page","status-publish","hentry"],"acf":[],"yoast_head":"<!-- This site is optimized with the Yoast SEO plugin v27.1.1 - https:\/\/yoast.com\/product\/yoast-seo-wordpress\/ -->\n<title>Renforcement des syst\u00e8mes de sant\u00e9 - Bluesquare<\/title>\n<meta name=\"description\" content=\"Discover Bluesquare&#039;s expertise in health system strengthening: health financing and supply chain &amp; logistics.\" \/>\n<meta name=\"robots\" content=\"index, follow, max-snippet:-1, max-image-preview:large, max-video-preview:-1\" \/>\n<link rel=\"canonical\" href=\"https:\/\/www.bluesquarehub.com\/fr\/expertise\/health-system-strengthening\/\" \/>\n<meta property=\"og:locale\" content=\"fr_FR\" \/>\n<meta property=\"og:type\" content=\"article\" \/>\n<meta property=\"og:title\" content=\"Renforcement des syst\u00e8mes de sant\u00e9 - Bluesquare\" \/>\n<meta property=\"og:description\" content=\"Discover Bluesquare&#039;s expertise in health system strengthening: health financing and supply chain &amp; logistics.\" \/>\n<meta property=\"og:url\" content=\"https:\/\/www.bluesquarehub.com\/fr\/expertise\/health-system-strengthening\/\" \/>\n<meta property=\"og:site_name\" content=\"Bluesquare\" \/>\n<meta property=\"article:modified_time\" content=\"2025-10-27T15:42:14+00:00\" \/>\n<meta name=\"twitter:card\" content=\"summary_large_image\" \/>\n<meta name=\"twitter:site\" content=\"@blsqhub\" \/>\n<meta name=\"twitter:label1\" content=\"Dur\u00e9e de lecture estim\u00e9e\" \/>\n\t<meta name=\"twitter:data1\" content=\"1 minute\" \/>\n<script type=\"application\/ld+json\" class=\"yoast-schema-graph\">{\"@context\":\"https:\/\/schema.org\",\"@graph\":[{\"@type\":\"WebPage\",\"@id\":\"https:\/\/www.bluesquarehub.com\/fr\/expertise\/health-system-strengthening\/\",\"url\":\"https:\/\/www.bluesquarehub.com\/fr\/expertise\/health-system-strengthening\/\",\"name\":\"Renforcement des syst\u00e8mes de sant\u00e9 - Bluesquare\",\"isPartOf\":{\"@id\":\"https:\/\/www.bluesquarehub.com\/fr\/#website\"},\"datePublished\":\"2025-09-01T14:46:16+00:00\",\"dateModified\":\"2025-10-27T15:42:14+00:00\",\"description\":\"Discover Bluesquare's expertise in health system strengthening: health financing and supply chain & logistics.\",\"breadcrumb\":{\"@id\":\"https:\/\/www.bluesquarehub.com\/fr\/expertise\/health-system-strengthening\/#breadcrumb\"},\"inLanguage\":\"fr-FR\",\"potentialAction\":[{\"@type\":\"ReadAction\",\"target\":[\"https:\/\/www.bluesquarehub.com\/fr\/expertise\/health-system-strengthening\/\"]}]},{\"@type\":\"BreadcrumbList\",\"@id\":\"https:\/\/www.bluesquarehub.com\/fr\/expertise\/health-system-strengthening\/#breadcrumb\",\"itemListElement\":[{\"@type\":\"ListItem\",\"position\":1,\"name\":\"Home\",\"item\":\"https:\/\/www.bluesquarehub.com\/fr\/\"},{\"@type\":\"ListItem\",\"position\":2,\"name\":\"Expertise\",\"item\":\"https:\/\/www.bluesquarehub.com\/fr\/expertise\/\"},{\"@type\":\"ListItem\",\"position\":3,\"name\":\"Renforcement des syst\u00e8mes de sant\u00e9\"}]},{\"@type\":\"WebSite\",\"@id\":\"https:\/\/www.bluesquarehub.com\/fr\/#website\",\"url\":\"https:\/\/www.bluesquarehub.com\/fr\/\",\"name\":\"Bluesquare\",\"description\":\"\",\"publisher\":{\"@id\":\"https:\/\/www.bluesquarehub.com\/fr\/#organization\"},\"potentialAction\":[{\"@type\":\"SearchAction\",\"target\":{\"@type\":\"EntryPoint\",\"urlTemplate\":\"https:\/\/www.bluesquarehub.com\/fr\/?s={search_term_string}\"},\"query-input\":{\"@type\":\"PropertyValueSpecification\",\"valueRequired\":true,\"valueName\":\"search_term_string\"}}],\"inLanguage\":\"fr-FR\"},{\"@type\":\"Organization\",\"@id\":\"https:\/\/www.bluesquarehub.com\/fr\/#organization\",\"name\":\"Bluesquare\",\"url\":\"https:\/\/www.bluesquarehub.com\/fr\/\",\"logo\":{\"@type\":\"ImageObject\",\"inLanguage\":\"fr-FR\",\"@id\":\"https:\/\/www.bluesquarehub.com\/fr\/#\/schema\/logo\/image\/\",\"url\":\"https:\/\/www.bluesquarehub.com\/wp-content\/uploads\/2025\/10\/Logo-Banner.png\",\"contentUrl\":\"https:\/\/www.bluesquarehub.com\/wp-content\/uploads\/2025\/10\/Logo-Banner.png\",\"width\":2400,\"height\":1260,\"caption\":\"Bluesquare\"},\"image\":{\"@id\":\"https:\/\/www.bluesquarehub.com\/fr\/#\/schema\/logo\/image\/\"},\"sameAs\":[\"https:\/\/x.com\/blsqhub\",\"https:\/\/www.linkedin.com\/company\/bluesquarehub\",\"https:\/\/www.youtube.com\/channel\/UC33QxHTlZzQyXUJnXtWeyBw\/\"]}]}<\/script>\n<!-- \/ Yoast SEO plugin. -->","yoast_head_json":{"title":"Renforcement des syst\u00e8mes de sant\u00e9 - Bluesquare","description":"Discover Bluesquare's expertise in health system strengthening: health financing and supply chain & logistics.","robots":{"index":"index","follow":"follow","max-snippet":"max-snippet:-1","max-image-preview":"max-image-preview:large","max-video-preview":"max-video-preview:-1"},"canonical":"https:\/\/www.bluesquarehub.com\/fr\/expertise\/health-system-strengthening\/","og_locale":"fr_FR","og_type":"article","og_title":"Renforcement des syst\u00e8mes de sant\u00e9 - Bluesquare","og_description":"Discover Bluesquare's expertise in health system strengthening: health financing and supply chain & logistics.","og_url":"https:\/\/www.bluesquarehub.com\/fr\/expertise\/health-system-strengthening\/","og_site_name":"Bluesquare","article_modified_time":"2025-10-27T15:42:14+00:00","twitter_card":"summary_large_image","twitter_site":"@blsqhub","twitter_misc":{"Dur\u00e9e de lecture estim\u00e9e":"1 minute"},"schema":{"@context":"https:\/\/schema.org","@graph":[{"@type":"WebPage","@id":"https:\/\/www.bluesquarehub.com\/fr\/expertise\/health-system-strengthening\/","url":"https:\/\/www.bluesquarehub.com\/fr\/expertise\/health-system-strengthening\/","name":"Renforcement des syst\u00e8mes de sant\u00e9 - Bluesquare","isPartOf":{"@id":"https:\/\/www.bluesquarehub.com\/fr\/#website"},"datePublished":"2025-09-01T14:46:16+00:00","dateModified":"2025-10-27T15:42:14+00:00","description":"Discover Bluesquare's expertise in health system strengthening: health financing and supply chain & logistics.","breadcrumb":{"@id":"https:\/\/www.bluesquarehub.com\/fr\/expertise\/health-system-strengthening\/#breadcrumb"},"inLanguage":"fr-FR","potentialAction":[{"@type":"ReadAction","target":["https:\/\/www.bluesquarehub.com\/fr\/expertise\/health-system-strengthening\/"]}]},{"@type":"BreadcrumbList","@id":"https:\/\/www.bluesquarehub.com\/fr\/expertise\/health-system-strengthening\/#breadcrumb","itemListElement":[{"@type":"ListItem","position":1,"name":"Home","item":"https:\/\/www.bluesquarehub.com\/fr\/"},{"@type":"ListItem","position":2,"name":"Expertise","item":"https:\/\/www.bluesquarehub.com\/fr\/expertise\/"},{"@type":"ListItem","position":3,"name":"Renforcement des syst\u00e8mes de sant\u00e9"}]},{"@type":"WebSite","@id":"https:\/\/www.bluesquarehub.com\/fr\/#website","url":"https:\/\/www.bluesquarehub.com\/fr\/","name":"Bluesquare","description":"","publisher":{"@id":"https:\/\/www.bluesquarehub.com\/fr\/#organization"},"potentialAction":[{"@type":"SearchAction","target":{"@type":"EntryPoint","urlTemplate":"https:\/\/www.bluesquarehub.com\/fr\/?s={search_term_string}"},"query-input":{"@type":"PropertyValueSpecification","valueRequired":true,"valueName":"search_term_string"}}],"inLanguage":"fr-FR"},{"@type":"Organization","@id":"https:\/\/www.bluesquarehub.com\/fr\/#organization","name":"Bluesquare","url":"https:\/\/www.bluesquarehub.com\/fr\/","logo":{"@type":"ImageObject","inLanguage":"fr-FR","@id":"https:\/\/www.bluesquarehub.com\/fr\/#\/schema\/logo\/image\/","url":"https:\/\/www.bluesquarehub.com\/wp-content\/uploads\/2025\/10\/Logo-Banner.png","contentUrl":"https:\/\/www.bluesquarehub.com\/wp-content\/uploads\/2025\/10\/Logo-Banner.png","width":2400,"height":1260,"caption":"Bluesquare"},"image":{"@id":"https:\/\/www.bluesquarehub.com\/fr\/#\/schema\/logo\/image\/"},"sameAs":["https:\/\/x.com\/blsqhub","https:\/\/www.linkedin.com\/company\/bluesquarehub","https:\/\/www.youtube.com\/channel\/UC33QxHTlZzQyXUJnXtWeyBw\/"]}]}},"_links":{"self":[{"href":"https:\/\/www.bluesquarehub.com\/fr\/wp-json\/wp\/v2\/pages\/13976","targetHints":{"allow":["GET"]}}],"collection":[{"href":"https:\/\/www.bluesquarehub.com\/fr\/wp-json\/wp\/v2\/pages"}],"about":[{"href":"https:\/\/www.bluesquarehub.com\/fr\/wp-json\/wp\/v2\/types\/page"}],"author":[{"embeddable":true,"href":"https:\/\/www.bluesquarehub.com\/fr\/wp-json\/wp\/v2\/users\/4"}],"replies":[{"embeddable":true,"href":"https:\/\/www.bluesquarehub.com\/fr\/wp-json\/wp\/v2\/comments?post=13976"}],"version-history":[{"count":2,"href":"https:\/\/www.bluesquarehub.com\/fr\/wp-json\/wp\/v2\/pages\/13976\/revisions"}],"predecessor-version":[{"id":13982,"href":"https:\/\/www.bluesquarehub.com\/fr\/wp-json\/wp\/v2\/pages\/13976\/revisions\/13982"}],"up":[{"embeddable":true,"href":"https:\/\/www.bluesquarehub.com\/fr\/wp-json\/wp\/v2\/pages\/681"}],"wp:attachment":[{"href":"https:\/\/www.bluesquarehub.com\/fr\/wp-json\/wp\/v2\/media?parent=13976"}],"curies":[{"name":"wp","href":"https:\/\/api.w.org\/{rel}","templated":true}]}}