{"id":14044,"date":"2025-09-02T14:02:38","date_gmt":"2025-09-02T13:02:38","guid":{"rendered":"https:\/\/www.bluesquarehub.com\/produits\/"},"modified":"2026-03-10T10:51:22","modified_gmt":"2026-03-10T09:51:22","slug":"produits","status":"publish","type":"page","link":"https:\/\/www.bluesquarehub.com\/fr\/produits\/","title":{"rendered":"Produits"},"content":{"rendered":"    <div class=\"hero-section  py-60 md:py-[160px] text-center bg-cover bg-center  bg-dark text-white  [&#038;_.sub-title-home]:opacity-80 [&#038;_.sub-title-home]:text-[32px] md:[&#038;_.sub-title-home]:text-[20px]\"\n         style=\"background-image: url('https:\/\/www.bluesquarehub.com\/wp-content\/uploads\/2025\/07\/Hero-Section-1.jpg')\">\n        <div class=\"container \">\n            \n\n<h1 class=\" wp-block-heading has-text-align-center eplus-wrapper\">Nos produits<\/h1>\n\n\n        <\/div>\n    <\/div>\n    \n\n    <div class=\"wrapper-container-block overflow-hidden py-[90px] md:!py-[64px] bg-color-white \"\n         id=\"block_3f4f647f41de2420eff8ff46a77a0fbc\"\n         style=\"  \">\n        <div class=\"container\">\n            \n<div class=\"wp-block-image \">\n<figure class=\"aligncenter size-large is-resized eplus-wrapper\"><img decoding=\"async\" width=\"1024\" height=\"588\" src=\"https:\/\/www.bluesquarehub.com\/wp-content\/uploads\/2026\/03\/Produits-Bluesquare-1024x588.png\" alt=\"\" class=\"wp-image-16601\" style=\"width:780px;height:auto\" srcset=\"https:\/\/www.bluesquarehub.com\/wp-content\/uploads\/2026\/03\/Produits-Bluesquare-1024x588.png 1024w, https:\/\/www.bluesquarehub.com\/wp-content\/uploads\/2026\/03\/Produits-Bluesquare-300x172.png 300w, https:\/\/www.bluesquarehub.com\/wp-content\/uploads\/2026\/03\/Produits-Bluesquare-768x441.png 768w, https:\/\/www.bluesquarehub.com\/wp-content\/uploads\/2026\/03\/Produits-Bluesquare-1536x882.png 1536w, https:\/\/www.bluesquarehub.com\/wp-content\/uploads\/2026\/03\/Produits-Bluesquare-2048x1176.png 2048w\" sizes=\"(max-width: 1024px) 100vw, 1024px\" \/><\/figure>\n<\/div>\n\n        <\/div>\n    <\/div>\n    \n\n    <div class=\"wrapper-container-block overflow-hidden py-[90px] md:!py-[64px] bg-color-white \"\n         id=\"block_106a4f630f91c3e1920fb9daaa0f71af\"\n         style=\" padding-top: 20px; padding-bottom: 20px; \">\n        <div class=\"container\">\n            \n<h5 class=\" wp-block-heading has-text-align-center eplus-wrapper eplus-styles-uid-677210\">Nos logiciels<\/h5>\n\n<h2 class=\" wp-block-heading has-text-align-left eplus-wrapper eplus-styles-uid-1dc980\"><strong>IASO<\/strong><\/h2>\n\n<p class=\"body-20 has-text-align-left eplus-wrapper eplus-styles-uid-8bfde2\">IASO est une plateforme innovante de collecte de donn\u00e9es open source dot\u00e9e de fonctionnalit\u00e9s g\u00e9ospatiales avanc\u00e9es pour planifier, suivre et \u00e9valuer les programmes de sant\u00e9, environnementaux ou sociaux, y compris dans des environnements \u00e0 faible connectivit\u00e9. IASO est reconnu comme un <a href=\"https:\/\/www.digitalpublicgoods.net\/r\/iaso\">Bien Public Num\u00e9rique<\/a> par l&rsquo;Alliance des Biens Publics Num\u00e9riques et r\u00e9pertori\u00e9 comme <a href=\"https:\/\/globalgoodsguidebook.org\/global-goods\/iaso\/\">Bien Mondial du Digital Square Software<\/a>, t\u00e9moignant ainsi de son impact av\u00e9r\u00e9. <\/p>\n\n<p class=\"body-20 has-text-align-left has-text-color has-link-color eplus-wrapper wp-elements-0064970b81aa3f4bea6fef24a9736a81 eplus-styles-uid-2f1179\" style=\"color:#4361ee\"><a href=\"https:\/\/www.bluesquarehub.com\/fr\/produits\/softwares\/iaso\/\">D\u00e9couvrir IASO<\/a><\/p>\n\n<h2 class=\" wp-block-heading has-text-align-left eplus-wrapper eplus-styles-uid-1dc980\"><strong><strong>OpenHEXA<\/strong><\/strong><\/h2>\n\n<p class=\"body-20 has-text-align-left eplus-wrapper eplus-styles-uid-1dc980\">OpenHEXA est la plateforme open source d&rsquo;int\u00e9gration et d&rsquo;analyse de donn\u00e9es de Bluesquare, con\u00e7ue pour rendre les ensembles de donn\u00e9es complexes accessibles et exploitables. OpenHEXA s&rsquo;int\u00e8gre parfaitement aux ensembles de donn\u00e9es sur la sant\u00e9, l&rsquo;agriculture et le climat, et permet aux utilisateurs techniques et non techniques de collaborer sur des projets de donn\u00e9es. OpenHEXA constitue la base des tableaux de bord, des analyses g\u00e9ospatiales et des syst\u00e8mes de reporting sur lesquels s&rsquo;appuient les donateurs et les gouvernements pour mesurer la responsabilit\u00e9 et l&rsquo;impact.  <\/p>\n\n<p class=\"body-20 has-text-align-left has-text-color has-link-color eplus-wrapper wp-elements-a257350b0e5e90dc6fb3fae534ba02a8 eplus-styles-uid-1dc980\" style=\"color:#4361ee\"><a href=\"https:\/\/www.bluesquarehub.com\/fr\/produits\/softwares\/openhexa\/\">D\u00e9couvrir OpenHEXA<\/a><\/p>\n\n        <\/div>\n    <\/div>\n    \n\n    <div class=\"wrapper-container-block overflow-hidden py-[90px] md:!py-[64px] bg-color-white \"\n         id=\"block_29df3501abcdfd1db4fc72f9a36fd3a2\"\n         style=\"  \">\n        <div class=\"container\">\n            \n<h5 class=\" wp-block-heading has-text-align-center eplus-wrapper eplus-styles-uid-677210\">Nos abonnements de services<\/h5>\n\n<h2 class=\" wp-block-heading has-text-align-left eplus-wrapper eplus-styles-uid-1dc980\">H\u00e9bergement DHIS2<\/h2>\n\n<p class=\"body-20 has-text-align-left eplus-wrapper eplus-styles-uid-8bfde2\">Bluesquare poss\u00e8de plus d&rsquo;une d\u00e9cennie d&rsquo;exp\u00e9rience dans l&rsquo;h\u00e9bergement, la maintenance et le support des syst\u00e8mes DHIS2. Aujourd&rsquo;hui, nous h\u00e9bergeons plus de 40 instances DHIS2 et nous avons accompagn\u00e9 plus d&rsquo;une centaine de d\u00e9ploiements pour des gouvernements, des ONG et des organisations de sant\u00e9 mondiale. Nous sommes officiellement recommand\u00e9s par l&rsquo;Universit\u00e9 d&rsquo;Oslo pour <a href=\"https:\/\/dhis2.org\/hosting\/\" target=\"_blank\" rel=\"noreferrer noopener\">l&rsquo;h\u00e9bergement DHIS2<\/a>, une reconnaissance de notre fiabilit\u00e9 et de notre expertise.<\/p>\n\n<p class=\"body-20 has-text-align-left has-text-color has-link-color eplus-wrapper wp-elements-b58e9266f04af5fddfe2297146684466 eplus-styles-uid-2f1179\" style=\"color:#4361ee\"><a href=\"https:\/\/www.bluesquarehub.com\/fr\/produits\/abonnements-aux-services\/dhis2\/\">D\u00e9couvrir notre offre d&rsquo;h\u00e9bergement DHIS2<\/a><\/p>\n\n<h2 class=\" wp-block-heading has-text-align-left eplus-wrapper eplus-styles-uid-1dc980\">H\u00e9bergement Superset<\/h2>\n\n<p class=\"body-20 has-text-align-left eplus-wrapper eplus-styles-uid-8bfde2\">Nous prenons la\u00a0principale plateforme open source mondiale d\u2019exploration de donn\u00e9es\u00a0et la rendons pr\u00eate \u00e0 l\u2019emploi pour les organisations qui en ont le plus besoin. Nous g\u00e9rons la complexit\u00e9 technique afin que vous puissiez vous concentrer sur les analyses et les enseignements cl\u00e9s.<\/p>\n\n<p class=\"body-20 has-text-align-left has-text-color has-link-color eplus-wrapper wp-elements-e1b2f6e3a733c1d0186b719962885342 eplus-styles-uid-2f1179\" style=\"color:#4361ee\"><a href=\"https:\/\/www.bluesquarehub.com\/fr\/produits\/abonnements-aux-services\/superset\/\">D\u00e9couvrir notre offre d&rsquo;h\u00e9bergement Superset<\/a><\/p>\n\n<h2 class=\" wp-block-heading has-text-align-left eplus-wrapper eplus-styles-uid-1dc980\">Packs de services<\/h2>\n\n<p class=\"body-20 has-text-align-left eplus-wrapper eplus-styles-uid-1dc980\">Pour des besoins ponctuels, nos Packs de Services permettent un acc\u00e8s rapide aux experts de Bluesquare sans engagement \u00e0 long terme. Ils comprennent des heures de services tels que l&rsquo;assistance technique, la configuration de logiciels, la cr\u00e9ation de tableaux de bord, l&rsquo;analyse de syst\u00e8mes, des conseils de mise en \u0153uvre, la formation, ainsi que le support en science des donn\u00e9es. <\/p>\n\n<p class=\"body-20 has-text-align-left has-text-color has-link-color eplus-wrapper wp-elements-36442ac77c3867e13605147fca4456e9 eplus-styles-uid-1dc980\" style=\"color:#4361ee\"><a href=\"https:\/\/www.bluesquarehub.com\/fr\/produits\/abonnements-aux-services\/service-packs\/\">D\u00e9couvrir nos packs de services<\/a><\/p>\n\n<h2 class=\" wp-block-heading has-text-align-left eplus-wrapper eplus-styles-uid-1dc980\">H\u00e9bergement sur site<\/h2>\n\n<p class=\"body-20 has-text-align-left eplus-wrapper eplus-styles-uid-1dc980\">Nous h\u00e9bergeons et maintenons des syst\u00e8mes de donn\u00e9es num\u00e9riques dans les pays, garantissant la s\u00e9curit\u00e9, la continuit\u00e9 et la durabilit\u00e9. Nous assurons la maintenance, les mises \u00e0 jour des logiciels et des serveurs, ainsi que les sauvegardes de donn\u00e9es.  <\/p>\n\n<p class=\"body-20 has-text-align-left has-text-color has-link-color eplus-wrapper wp-elements-92f9136d68f338b2b83a28b77735e171 eplus-styles-uid-1dc980\" style=\"color:#4361ee\"><a href=\"https:\/\/www.bluesquarehub.com\/fr\/produits\/abonnements-aux-services\/on-premise-hosting\/\">D\u00e9couvrir notre offre d&rsquo;h\u00e9bergement sur site<\/a><\/p>\n\n        <\/div>\n    <\/div>\n    \n\n    <div class=\"wrapper-container-block overflow-hidden py-[90px] md:!py-[64px] bg-color-white \"\n         id=\"block_da109c639a067037706ee79eb7555053\"\n         style=\"  \">\n        <div class=\"container\">\n            \n<div class=\"gradient-section wp-block-group has-background eplus-wrapper eplus-styles-uid-aa584b\" style=\"background:linear-gradient(90deg,rgb(25,32,65) 2%,rgb(102,0,0) 100%)\"><div class=\"wp-block-group__inner-container is-layout-constrained wp-block-group-is-layout-constrained\">\n<h2 class=\"wp-block-heading has-text-align-center has-white-color has-text-color has-link-color eplus-wrapper wp-elements-76b8ce6123cdf798d50137b0c8b898e7\">Int\u00e9ress\u00e9 par nos produits ?<\/h2>\n\n\n\n<p class=\"body-24 has-text-align-center has-white-color has-text-color has-link-color eplus-wrapper wp-elements-6f07191e50be001776b7ce5797079a19\">Parlez \u00e0 un expert de Bluesquare. Contactez-nous maintenant. <\/p>\n\n\n\n<div class=\"wp-block-buttons eplus-wrapper is-content-justification-center is-layout-flex wp-container-core-buttons-is-layout-16018d1d wp-block-buttons-is-layout-flex\"><div class=\" wp-block-button eplus-wrapper eplus-styles-uid-f9af6e\"><a class=\"wp-block-button__link has-background wp-element-button\" href=\"https:\/\/www.bluesquarehub.com\/fr\/contact\/\" style=\"background-color:#4361ee\" target=\"_blank\" rel=\"noreferrer noopener\">Contactez-nous maintenant<\/a><\/div><\/div>\n<\/div><\/div>\n\n        <\/div>\n    <\/div>\n    ","protected":false},"excerpt":{"rendered":"","protected":false},"author":4,"featured_media":16068,"parent":0,"menu_order":0,"comment_status":"closed","ping_status":"closed","template":"","meta":{"_acf_changed":false,"content-type":"","editor_plus_copied_stylings":"{}","footnotes":""},"class_list":["post-14044","page","type-page","status-publish","has-post-thumbnail","hentry"],"acf":[],"yoast_head":"<!-- This site is optimized with the Yoast SEO plugin v27.1.1 - https:\/\/yoast.com\/product\/yoast-seo-wordpress\/ -->\n<title>Produits - Bluesquare<\/title>\n<meta name=\"robots\" content=\"index, follow, max-snippet:-1, max-image-preview:large, max-video-preview:-1\" \/>\n<link rel=\"canonical\" href=\"https:\/\/www.bluesquarehub.com\/fr\/produits\/\" \/>\n<meta property=\"og:locale\" content=\"fr_FR\" \/>\n<meta property=\"og:type\" content=\"article\" \/>\n<meta property=\"og:title\" content=\"Produits - Bluesquare\" \/>\n<meta property=\"og:url\" content=\"https:\/\/www.bluesquarehub.com\/fr\/produits\/\" \/>\n<meta property=\"og:site_name\" content=\"Bluesquare\" \/>\n<meta property=\"article:modified_time\" content=\"2026-03-10T09:51:22+00:00\" \/>\n<meta property=\"og:image\" content=\"https:\/\/www.bluesquarehub.com\/wp-content\/uploads\/2025\/08\/Image-Frame.png\" \/>\n\t<meta property=\"og:image:width\" content=\"620\" \/>\n\t<meta property=\"og:image:height\" content=\"536\" \/>\n\t<meta property=\"og:image:type\" content=\"image\/png\" \/>\n<meta name=\"twitter:card\" content=\"summary_large_image\" \/>\n<meta name=\"twitter:site\" content=\"@blsqhub\" \/>\n<meta name=\"twitter:label1\" content=\"Dur\u00e9e de lecture estim\u00e9e\" \/>\n\t<meta name=\"twitter:data1\" content=\"3 minutes\" \/>\n<script type=\"application\/ld+json\" class=\"yoast-schema-graph\">{\"@context\":\"https:\/\/schema.org\",\"@graph\":[{\"@type\":\"WebPage\",\"@id\":\"https:\/\/www.bluesquarehub.com\/fr\/produits\/\",\"url\":\"https:\/\/www.bluesquarehub.com\/fr\/produits\/\",\"name\":\"Produits - Bluesquare\",\"isPartOf\":{\"@id\":\"https:\/\/www.bluesquarehub.com\/fr\/#website\"},\"primaryImageOfPage\":{\"@id\":\"https:\/\/www.bluesquarehub.com\/fr\/produits\/#primaryimage\"},\"image\":{\"@id\":\"https:\/\/www.bluesquarehub.com\/fr\/produits\/#primaryimage\"},\"thumbnailUrl\":\"https:\/\/www.bluesquarehub.com\/wp-content\/uploads\/2025\/08\/Image-Frame.png\",\"datePublished\":\"2025-09-02T13:02:38+00:00\",\"dateModified\":\"2026-03-10T09:51:22+00:00\",\"breadcrumb\":{\"@id\":\"https:\/\/www.bluesquarehub.com\/fr\/produits\/#breadcrumb\"},\"inLanguage\":\"fr-FR\",\"potentialAction\":[{\"@type\":\"ReadAction\",\"target\":[\"https:\/\/www.bluesquarehub.com\/fr\/produits\/\"]}]},{\"@type\":\"ImageObject\",\"inLanguage\":\"fr-FR\",\"@id\":\"https:\/\/www.bluesquarehub.com\/fr\/produits\/#primaryimage\",\"url\":\"https:\/\/www.bluesquarehub.com\/wp-content\/uploads\/2025\/08\/Image-Frame.png\",\"contentUrl\":\"https:\/\/www.bluesquarehub.com\/wp-content\/uploads\/2025\/08\/Image-Frame.png\",\"width\":620,\"height\":536},{\"@type\":\"BreadcrumbList\",\"@id\":\"https:\/\/www.bluesquarehub.com\/fr\/produits\/#breadcrumb\",\"itemListElement\":[{\"@type\":\"ListItem\",\"position\":1,\"name\":\"Home\",\"item\":\"https:\/\/www.bluesquarehub.com\/fr\/\"},{\"@type\":\"ListItem\",\"position\":2,\"name\":\"Produits\"}]},{\"@type\":\"WebSite\",\"@id\":\"https:\/\/www.bluesquarehub.com\/fr\/#website\",\"url\":\"https:\/\/www.bluesquarehub.com\/fr\/\",\"name\":\"Bluesquare\",\"description\":\"\",\"publisher\":{\"@id\":\"https:\/\/www.bluesquarehub.com\/fr\/#organization\"},\"potentialAction\":[{\"@type\":\"SearchAction\",\"target\":{\"@type\":\"EntryPoint\",\"urlTemplate\":\"https:\/\/www.bluesquarehub.com\/fr\/?s={search_term_string}\"},\"query-input\":{\"@type\":\"PropertyValueSpecification\",\"valueRequired\":true,\"valueName\":\"search_term_string\"}}],\"inLanguage\":\"fr-FR\"},{\"@type\":\"Organization\",\"@id\":\"https:\/\/www.bluesquarehub.com\/fr\/#organization\",\"name\":\"Bluesquare\",\"url\":\"https:\/\/www.bluesquarehub.com\/fr\/\",\"logo\":{\"@type\":\"ImageObject\",\"inLanguage\":\"fr-FR\",\"@id\":\"https:\/\/www.bluesquarehub.com\/fr\/#\/schema\/logo\/image\/\",\"url\":\"https:\/\/www.bluesquarehub.com\/wp-content\/uploads\/2025\/10\/Logo-Banner.png\",\"contentUrl\":\"https:\/\/www.bluesquarehub.com\/wp-content\/uploads\/2025\/10\/Logo-Banner.png\",\"width\":2400,\"height\":1260,\"caption\":\"Bluesquare\"},\"image\":{\"@id\":\"https:\/\/www.bluesquarehub.com\/fr\/#\/schema\/logo\/image\/\"},\"sameAs\":[\"https:\/\/x.com\/blsqhub\",\"https:\/\/www.linkedin.com\/company\/bluesquarehub\",\"https:\/\/www.youtube.com\/channel\/UC33QxHTlZzQyXUJnXtWeyBw\/\"]}]}<\/script>\n<!-- \/ Yoast SEO plugin. -->","yoast_head_json":{"title":"Produits - Bluesquare","robots":{"index":"index","follow":"follow","max-snippet":"max-snippet:-1","max-image-preview":"max-image-preview:large","max-video-preview":"max-video-preview:-1"},"canonical":"https:\/\/www.bluesquarehub.com\/fr\/produits\/","og_locale":"fr_FR","og_type":"article","og_title":"Produits - Bluesquare","og_url":"https:\/\/www.bluesquarehub.com\/fr\/produits\/","og_site_name":"Bluesquare","article_modified_time":"2026-03-10T09:51:22+00:00","og_image":[{"width":620,"height":536,"url":"https:\/\/www.bluesquarehub.com\/wp-content\/uploads\/2025\/08\/Image-Frame.png","type":"image\/png"}],"twitter_card":"summary_large_image","twitter_site":"@blsqhub","twitter_misc":{"Dur\u00e9e de lecture estim\u00e9e":"3 minutes"},"schema":{"@context":"https:\/\/schema.org","@graph":[{"@type":"WebPage","@id":"https:\/\/www.bluesquarehub.com\/fr\/produits\/","url":"https:\/\/www.bluesquarehub.com\/fr\/produits\/","name":"Produits - Bluesquare","isPartOf":{"@id":"https:\/\/www.bluesquarehub.com\/fr\/#website"},"primaryImageOfPage":{"@id":"https:\/\/www.bluesquarehub.com\/fr\/produits\/#primaryimage"},"image":{"@id":"https:\/\/www.bluesquarehub.com\/fr\/produits\/#primaryimage"},"thumbnailUrl":"https:\/\/www.bluesquarehub.com\/wp-content\/uploads\/2025\/08\/Image-Frame.png","datePublished":"2025-09-02T13:02:38+00:00","dateModified":"2026-03-10T09:51:22+00:00","breadcrumb":{"@id":"https:\/\/www.bluesquarehub.com\/fr\/produits\/#breadcrumb"},"inLanguage":"fr-FR","potentialAction":[{"@type":"ReadAction","target":["https:\/\/www.bluesquarehub.com\/fr\/produits\/"]}]},{"@type":"ImageObject","inLanguage":"fr-FR","@id":"https:\/\/www.bluesquarehub.com\/fr\/produits\/#primaryimage","url":"https:\/\/www.bluesquarehub.com\/wp-content\/uploads\/2025\/08\/Image-Frame.png","contentUrl":"https:\/\/www.bluesquarehub.com\/wp-content\/uploads\/2025\/08\/Image-Frame.png","width":620,"height":536},{"@type":"BreadcrumbList","@id":"https:\/\/www.bluesquarehub.com\/fr\/produits\/#breadcrumb","itemListElement":[{"@type":"ListItem","position":1,"name":"Home","item":"https:\/\/www.bluesquarehub.com\/fr\/"},{"@type":"ListItem","position":2,"name":"Produits"}]},{"@type":"WebSite","@id":"https:\/\/www.bluesquarehub.com\/fr\/#website","url":"https:\/\/www.bluesquarehub.com\/fr\/","name":"Bluesquare","description":"","publisher":{"@id":"https:\/\/www.bluesquarehub.com\/fr\/#organization"},"potentialAction":[{"@type":"SearchAction","target":{"@type":"EntryPoint","urlTemplate":"https:\/\/www.bluesquarehub.com\/fr\/?s={search_term_string}"},"query-input":{"@type":"PropertyValueSpecification","valueRequired":true,"valueName":"search_term_string"}}],"inLanguage":"fr-FR"},{"@type":"Organization","@id":"https:\/\/www.bluesquarehub.com\/fr\/#organization","name":"Bluesquare","url":"https:\/\/www.bluesquarehub.com\/fr\/","logo":{"@type":"ImageObject","inLanguage":"fr-FR","@id":"https:\/\/www.bluesquarehub.com\/fr\/#\/schema\/logo\/image\/","url":"https:\/\/www.bluesquarehub.com\/wp-content\/uploads\/2025\/10\/Logo-Banner.png","contentUrl":"https:\/\/www.bluesquarehub.com\/wp-content\/uploads\/2025\/10\/Logo-Banner.png","width":2400,"height":1260,"caption":"Bluesquare"},"image":{"@id":"https:\/\/www.bluesquarehub.com\/fr\/#\/schema\/logo\/image\/"},"sameAs":["https:\/\/x.com\/blsqhub","https:\/\/www.linkedin.com\/company\/bluesquarehub","https:\/\/www.youtube.com\/channel\/UC33QxHTlZzQyXUJnXtWeyBw\/"]}]}},"_links":{"self":[{"href":"https:\/\/www.bluesquarehub.com\/fr\/wp-json\/wp\/v2\/pages\/14044","targetHints":{"allow":["GET"]}}],"collection":[{"href":"https:\/\/www.bluesquarehub.com\/fr\/wp-json\/wp\/v2\/pages"}],"about":[{"href":"https:\/\/www.bluesquarehub.com\/fr\/wp-json\/wp\/v2\/types\/page"}],"author":[{"embeddable":true,"href":"https:\/\/www.bluesquarehub.com\/fr\/wp-json\/wp\/v2\/users\/4"}],"replies":[{"embeddable":true,"href":"https:\/\/www.bluesquarehub.com\/fr\/wp-json\/wp\/v2\/comments?post=14044"}],"version-history":[{"count":11,"href":"https:\/\/www.bluesquarehub.com\/fr\/wp-json\/wp\/v2\/pages\/14044\/revisions"}],"predecessor-version":[{"id":16605,"href":"https:\/\/www.bluesquarehub.com\/fr\/wp-json\/wp\/v2\/pages\/14044\/revisions\/16605"}],"wp:featuredmedia":[{"embeddable":true,"href":"https:\/\/www.bluesquarehub.com\/fr\/wp-json\/wp\/v2\/media\/16068"}],"wp:attachment":[{"href":"https:\/\/www.bluesquarehub.com\/fr\/wp-json\/wp\/v2\/media?parent=14044"}],"curies":[{"name":"wp","href":"https:\/\/api.w.org\/{rel}","templated":true}]}}