{"id":14072,"date":"2025-07-31T12:26:37","date_gmt":"2025-07-31T11:26:37","guid":{"rendered":"https:\/\/www.bluesquarehub.com\/services\/"},"modified":"2025-10-28T12:05:58","modified_gmt":"2025-10-28T11:05:58","slug":"services","status":"publish","type":"page","link":"https:\/\/www.bluesquarehub.com\/fr\/services\/","title":{"rendered":"Services"},"content":{"rendered":"    <div class=\"hero-section  py-60 md:py-[160px] text-center bg-cover bg-center  bg-dark text-white  [&#038;_.sub-title-home]:opacity-80 [&#038;_.sub-title-home]:text-[32px] md:[&#038;_.sub-title-home]:text-[20px]\"\n         style=\"background-image: url('https:\/\/www.bluesquarehub.com\/wp-content\/uploads\/2025\/07\/Hero-Section-1.jpg')\">\n        <div class=\"container \">\n            \n\n<h1 class=\" wp-block-heading has-text-align-center eplus-wrapper\">Services<\/h1>\n\n\n        <\/div>\n    <\/div>\n        <div class=\"wrapper-container-block overflow-hidden py-[90px] md:!py-[64px] bg-color-white \"\n         id=\"block_eca73cbc3f73823ae8093113b62479c4\"\n         style=\" padding-top: 60px; padding-bottom: 60px; \">\n        <div class=\"container\">\n            \n<h5 class=\" wp-block-heading has-text-align-center eplus-wrapper eplus-styles-uid-677210\">Nos services<\/h5>\n\n        <\/div>\n    <\/div>\n        <div class=\"wrapper-container-block overflow-hidden py-[90px] md:!py-[64px] bg-color-white \"\n         id=\"block_a99c202e9ccb747958656147a2d50f55\"\n         style=\" padding-top: 5px; padding-bottom: 5px; \">\n        <div class=\"container\">\n            \n\n<h2 class=\" wp-block-heading eplus-wrapper\"><strong>Gestion de donn\u00e9es<\/strong><\/h2>\n\n\n<p class=\"body-20 has-text-align-left eplus-wrapper eplus-styles-uid-8bfde2\">Nous fournissons des <strong>services de donn\u00e9es de bout en bout<\/strong> \u2014 de la collecte sur le terrain \u00e0 l&rsquo;int\u00e9gration entre syst\u00e8mes, la mod\u00e9lisation avanc\u00e9e et la visualisation.<\/p>\n\n<ul class=\" wp-block-list eplus-wrapper eplus-styles-uid-1c2ed7\"><li class=\" eplus-wrapper eplus-styles-uid-a62243\"><a href=\"https:\/\/www.bluesquarehub.com\/fr\/services\/gestion-des-donnees\/collecte-de-donnees\/\" target=\"_blank\" rel=\"noreferrer noopener\">Collecte de donn\u00e9es <\/a><\/li>\n\n<li class=\" eplus-wrapper eplus-styles-uid-a62243\"><a href=\"https:\/\/www.bluesquarehub.com\/fr\/services\/gestion-des-donnees\/integration-de-donnees\/\" target=\"_blank\" rel=\"noreferrer noopener\">Int\u00e9gration de donn\u00e9es<\/a><\/li>\n\n<li class=\" eplus-wrapper eplus-styles-uid-a62243\"><a href=\"https:\/\/www.bluesquarehub.com\/fr\/services\/gestion-des-donnees\/analyse-et-conception-de-systemes\/\" target=\"_blank\" rel=\"noreferrer noopener\">Analyse et conception de syst\u00e8mes<\/a><\/li>\n\n<li class=\" eplus-wrapper eplus-styles-uid-a62243\"><a href=\"https:\/\/www.bluesquarehub.com\/fr\/services\/gestion-des-donnees\/modelisation-de-donnees-et-ia\/\" target=\"_blank\" rel=\"noreferrer noopener\">Mod\u00e9lisation de donn\u00e9es et IA<\/a><\/li>\n\n<li class=\" eplus-wrapper eplus-styles-uid-a62243\"><a href=\"https:\/\/www.bluesquarehub.com\/fr\/services\/gestion-des-donnees\/visualisation-des-donnees-et-enseignements\/\" target=\"_blank\" rel=\"noreferrer noopener\">Visualisation de donn\u00e9es et analyses<\/a><\/li><\/ul>\n\n<p class=\"body-20 has-text-align-left eplus-wrapper eplus-styles-uid-8bfde2\"><a href=\"https:\/\/www.bluesquarehub.com\/fr\/services\/gestion-des-donnees\/\" target=\"_blank\" rel=\"noreferrer noopener\"><mark style=\"background-color:rgba(0, 0, 0, 0);color:#4361ee\" class=\"has-inline-color\">D\u00e9couvrez notre service de gestion de donn\u00e9es<\/mark><\/a><\/p>\n\n\n<h2 class=\" wp-block-heading eplus-wrapper\"><strong><strong>Renforcement des capacit\u00e9s et formation<\/strong><\/strong><\/h2>\n\n\n<p class=\"body-20 has-text-align-left eplus-wrapper eplus-styles-uid-8bfde2\">La technologie ne fonctionne que lorsque les personnes peuvent l&rsquo;utiliser efficacement. Nous proposons des <strong>programmes de formation personnalis\u00e9s<\/strong> qui permettent \u00e0 vos \u00e9quipes de ma\u00eetriser les outils de donn\u00e9es modernes. <\/p>\n\n<ul class=\" wp-block-list eplus-wrapper eplus-styles-uid-2a54bb\"><li class=\" eplus-wrapper eplus-styles-uid-a62243\">Ateliers sur site, sessions en ligne ou apprentissage mixte<\/li>\n\n<li class=\" eplus-wrapper eplus-styles-uid-a62243\">\u00c9valuations avant et apr\u00e8s formation<\/li>\n\n<li class=\" eplus-wrapper eplus-styles-uid-a62243\">Ressources pour IASO, OpenHexa, DHIS2 et plus encore<\/li>\n\n<li class=\" eplus-wrapper eplus-styles-uid-a62243\">Options de mentorat continu et d&rsquo;assistance technique<\/li><\/ul>\n\n<p class=\"body-20 has-text-align-left eplus-wrapper eplus-styles-uid-8bfde2\"><a href=\"https:\/\/www.bluesquarehub.com\/fr\/services\/formation-et-renforcement-des-capacites\/\" target=\"_blank\" rel=\"noreferrer noopener\"><mark style=\"background-color:rgba(0, 0, 0, 0);color:#4361ee\" class=\"has-inline-color\">D\u00e9couvrez notre service de renforcement des capacit\u00e9s et formation<\/mark><\/a><\/p>\n\n\n<h2 class=\" wp-block-heading eplus-wrapper\"><strong><strong>D\u00e9veloppement logiciel<\/strong><\/strong><\/h2>\n\n\n<p class=\"body-20 has-text-align-left eplus-wrapper eplus-styles-uid-8bfde2\">Nous concevons et livrons des <strong>solutions num\u00e9riques sur mesure<\/strong> adapt\u00e9es aux r\u00e9alit\u00e9s de la sant\u00e9 mondiale. En utilisant Agile Scrum, nous garantissons flexibilit\u00e9 et collaboration tout au long du processus. <\/p>\n\n<ul class=\" wp-block-list eplus-wrapper eplus-styles-uid-930128\"><li class=\" eplus-wrapper eplus-styles-uid-a62243\">Analyse des besoins et des syst\u00e8mes<\/li>\n\n<li class=\" eplus-wrapper eplus-styles-uid-a62243\">D\u00e9veloppement agile et incr\u00e9mental<\/li>\n\n<li class=\" eplus-wrapper eplus-styles-uid-a62243\">Formation et documentation pour l&rsquo;adoption<\/li>\n\n<li class=\" eplus-wrapper eplus-styles-uid-a62243\">Maintenance et support continu<\/li>\n\n<li class=\" eplus-wrapper eplus-styles-uid-a62243\">Solutions open source, \u00e9volutives et centr\u00e9es sur l&rsquo;utilisateur<\/li><\/ul>\n\n<p class=\"body-20 has-text-align-left eplus-wrapper eplus-styles-uid-8bfde2\"><a href=\"https:\/\/www.bluesquarehub.com\/fr\/services\/developpement-de-logiciels\/\" target=\"_blank\" rel=\"noreferrer noopener\"><mark style=\"background-color:rgba(0, 0, 0, 0);color:#4361ee\" class=\"has-inline-color\">D\u00e9couvrez notre service de d\u00e9veloppement logiciel<\/mark><\/a><\/p>\n\n\n<h2 class=\" wp-block-heading eplus-wrapper\"><strong><strong>Assistance technique<\/strong><\/strong><\/h2>\n\n\n<p class=\"body-20 has-text-align-left eplus-wrapper eplus-styles-uid-8bfde2\">Nos experts fournissent un <strong>support technique flexible et sur mesure<\/strong> pour garantir que vos syst\u00e8mes g\u00e9n\u00e8rent un impact.<\/p>\n\n<ul class=\" wp-block-list eplus-wrapper eplus-styles-uid-148d9e\"><li class=\" eplus-wrapper eplus-styles-uid-a62243\">Assistance int\u00e9gr\u00e9e (long terme, sur site ou \u00e0 distance)<\/li>\n\n<li class=\" eplus-wrapper eplus-styles-uid-a62243\">Missions court terme pour les goulots d&rsquo;\u00e9tranglement ou les jalons<\/li>\n\n<li class=\" eplus-wrapper eplus-styles-uid-a62243\">Mentorat et packs de services \u00e0 la demande<\/li>\n\n<li class=\" eplus-wrapper eplus-styles-uid-a62243\">Expertise en ing\u00e9nierie de donn\u00e9es, logiciels et analyses<\/li><\/ul>\n\n<p class=\"body-20 has-text-align-left eplus-wrapper eplus-styles-uid-8bfde2\"><a href=\"https:\/\/www.bluesquarehub.com\/fr\/services\/assistance-technique\/\" target=\"_blank\" rel=\"noreferrer noopener\"><mark style=\"background-color:rgba(0, 0, 0, 0);color:#4361ee\" class=\"has-inline-color\">D\u00e9couvrez notre service d&rsquo;assistance technique<\/mark><\/a><\/p>\n\n        <\/div>\n    <\/div>\n        <div class=\"wrapper-container-block overflow-hidden py-[90px] md:!py-[64px] bg-color-white \"\n         id=\"block_f31a3979ca9b2bf821e6122a28fb66d1\"\n         style=\"  \">\n        <div class=\"container\">\n            \n<div class=\"gradient-section wp-block-group has-background eplus-wrapper eplus-styles-uid-aa584b\" style=\"background:linear-gradient(90deg,rgb(25,32,65) 2%,rgb(102,0,0) 100%)\"><div class=\"wp-block-group__inner-container is-layout-constrained wp-block-group-is-layout-constrained\">\n<h2 class=\"wp-block-heading has-text-align-center has-white-color has-text-color has-link-color eplus-wrapper wp-elements-07a4639b7aedc6b42a1ab754d1a9f2d5\">Pr\u00eat \u00e0 lib\u00e9rer le potentiel de vos donn\u00e9es ?<\/h2>\n\n\n\n<p class=\"body-24 has-text-align-center has-white-color has-text-color has-link-color eplus-wrapper wp-elements-4f6ef3cbf3aaeb7b1c0f3d841386e715\">Parlez \u00e0 un expert de Bluesquare. Contactez-nous maintenant. <\/p>\n\n\n\n<div class=\"wp-block-buttons eplus-wrapper is-content-justification-center is-layout-flex wp-container-core-buttons-is-layout-16018d1d wp-block-buttons-is-layout-flex\"><div class=\" wp-block-button eplus-wrapper eplus-styles-uid-435059\"><a class=\"wp-block-button__link has-background wp-element-button\" href=\"https:\/\/www.bluesquarehub.com\/fr\/contact\/\" style=\"background-color:#4361ee\" target=\"_blank\" rel=\"noreferrer noopener\">Contactez-nous maintenant<\/a><\/div><\/div>\n<\/div><\/div>\n\n        <\/div>\n    <\/div>\n    ","protected":false},"excerpt":{"rendered":"","protected":false},"author":1,"featured_media":0,"parent":0,"menu_order":0,"comment_status":"closed","ping_status":"closed","template":"","meta":{"_acf_changed":false,"content-type":"","editor_plus_copied_stylings":"{}","footnotes":""},"class_list":["post-14072","page","type-page","status-publish","hentry"],"acf":[],"yoast_head":"<!-- This site is optimized with the Yoast SEO plugin v27.1.1 - https:\/\/yoast.com\/product\/yoast-seo-wordpress\/ -->\n<title>Services - Bluesquare<\/title>\n<meta name=\"description\" content=\"En tant qu&#039;entreprise mondiale de donn\u00e9es, nous fournissons des services en gestion de donn\u00e9es, renforcement des capacit\u00e9s, d\u00e9veloppement logiciel et assistance technique.\" \/>\n<meta name=\"robots\" content=\"index, follow, max-snippet:-1, max-image-preview:large, max-video-preview:-1\" \/>\n<link rel=\"canonical\" href=\"https:\/\/www.bluesquarehub.com\/fr\/services\/\" \/>\n<meta property=\"og:locale\" content=\"fr_FR\" \/>\n<meta property=\"og:type\" content=\"article\" \/>\n<meta property=\"og:title\" content=\"Services - Bluesquare\" \/>\n<meta property=\"og:description\" content=\"En tant qu&#039;entreprise mondiale de donn\u00e9es, nous fournissons des services en gestion de donn\u00e9es, renforcement des capacit\u00e9s, d\u00e9veloppement logiciel et assistance technique.\" \/>\n<meta property=\"og:url\" content=\"https:\/\/www.bluesquarehub.com\/fr\/services\/\" \/>\n<meta property=\"og:site_name\" content=\"Bluesquare\" \/>\n<meta property=\"article:modified_time\" content=\"2025-10-28T11:05:58+00:00\" \/>\n<meta name=\"twitter:card\" content=\"summary_large_image\" \/>\n<meta name=\"twitter:site\" content=\"@blsqhub\" \/>\n<meta name=\"twitter:label1\" content=\"Dur\u00e9e de lecture estim\u00e9e\" \/>\n\t<meta name=\"twitter:data1\" content=\"2 minutes\" \/>\n<script type=\"application\/ld+json\" class=\"yoast-schema-graph\">{\"@context\":\"https:\/\/schema.org\",\"@graph\":[{\"@type\":\"WebPage\",\"@id\":\"https:\/\/www.bluesquarehub.com\/fr\/services\/\",\"url\":\"https:\/\/www.bluesquarehub.com\/fr\/services\/\",\"name\":\"Services - Bluesquare\",\"isPartOf\":{\"@id\":\"https:\/\/www.bluesquarehub.com\/fr\/#website\"},\"datePublished\":\"2025-07-31T11:26:37+00:00\",\"dateModified\":\"2025-10-28T11:05:58+00:00\",\"description\":\"En tant qu'entreprise mondiale de donn\u00e9es, nous fournissons des services en gestion de donn\u00e9es, renforcement des capacit\u00e9s, d\u00e9veloppement logiciel et assistance technique.\",\"breadcrumb\":{\"@id\":\"https:\/\/www.bluesquarehub.com\/fr\/services\/#breadcrumb\"},\"inLanguage\":\"fr-FR\",\"potentialAction\":[{\"@type\":\"ReadAction\",\"target\":[\"https:\/\/www.bluesquarehub.com\/fr\/services\/\"]}]},{\"@type\":\"BreadcrumbList\",\"@id\":\"https:\/\/www.bluesquarehub.com\/fr\/services\/#breadcrumb\",\"itemListElement\":[{\"@type\":\"ListItem\",\"position\":1,\"name\":\"Home\",\"item\":\"https:\/\/www.bluesquarehub.com\/fr\/\"},{\"@type\":\"ListItem\",\"position\":2,\"name\":\"Services\"}]},{\"@type\":\"WebSite\",\"@id\":\"https:\/\/www.bluesquarehub.com\/fr\/#website\",\"url\":\"https:\/\/www.bluesquarehub.com\/fr\/\",\"name\":\"Bluesquare\",\"description\":\"\",\"publisher\":{\"@id\":\"https:\/\/www.bluesquarehub.com\/fr\/#organization\"},\"potentialAction\":[{\"@type\":\"SearchAction\",\"target\":{\"@type\":\"EntryPoint\",\"urlTemplate\":\"https:\/\/www.bluesquarehub.com\/fr\/?s={search_term_string}\"},\"query-input\":{\"@type\":\"PropertyValueSpecification\",\"valueRequired\":true,\"valueName\":\"search_term_string\"}}],\"inLanguage\":\"fr-FR\"},{\"@type\":\"Organization\",\"@id\":\"https:\/\/www.bluesquarehub.com\/fr\/#organization\",\"name\":\"Bluesquare\",\"url\":\"https:\/\/www.bluesquarehub.com\/fr\/\",\"logo\":{\"@type\":\"ImageObject\",\"inLanguage\":\"fr-FR\",\"@id\":\"https:\/\/www.bluesquarehub.com\/fr\/#\/schema\/logo\/image\/\",\"url\":\"https:\/\/www.bluesquarehub.com\/wp-content\/uploads\/2025\/10\/Logo-Banner.png\",\"contentUrl\":\"https:\/\/www.bluesquarehub.com\/wp-content\/uploads\/2025\/10\/Logo-Banner.png\",\"width\":2400,\"height\":1260,\"caption\":\"Bluesquare\"},\"image\":{\"@id\":\"https:\/\/www.bluesquarehub.com\/fr\/#\/schema\/logo\/image\/\"},\"sameAs\":[\"https:\/\/x.com\/blsqhub\",\"https:\/\/www.linkedin.com\/company\/bluesquarehub\",\"https:\/\/www.youtube.com\/channel\/UC33QxHTlZzQyXUJnXtWeyBw\/\"]}]}<\/script>\n<!-- \/ Yoast SEO plugin. -->","yoast_head_json":{"title":"Services - Bluesquare","description":"En tant qu'entreprise mondiale de donn\u00e9es, nous fournissons des services en gestion de donn\u00e9es, renforcement des capacit\u00e9s, d\u00e9veloppement logiciel et assistance technique.","robots":{"index":"index","follow":"follow","max-snippet":"max-snippet:-1","max-image-preview":"max-image-preview:large","max-video-preview":"max-video-preview:-1"},"canonical":"https:\/\/www.bluesquarehub.com\/fr\/services\/","og_locale":"fr_FR","og_type":"article","og_title":"Services - Bluesquare","og_description":"En tant qu'entreprise mondiale de donn\u00e9es, nous fournissons des services en gestion de donn\u00e9es, renforcement des capacit\u00e9s, d\u00e9veloppement logiciel et assistance technique.","og_url":"https:\/\/www.bluesquarehub.com\/fr\/services\/","og_site_name":"Bluesquare","article_modified_time":"2025-10-28T11:05:58+00:00","twitter_card":"summary_large_image","twitter_site":"@blsqhub","twitter_misc":{"Dur\u00e9e de lecture estim\u00e9e":"2 minutes"},"schema":{"@context":"https:\/\/schema.org","@graph":[{"@type":"WebPage","@id":"https:\/\/www.bluesquarehub.com\/fr\/services\/","url":"https:\/\/www.bluesquarehub.com\/fr\/services\/","name":"Services - Bluesquare","isPartOf":{"@id":"https:\/\/www.bluesquarehub.com\/fr\/#website"},"datePublished":"2025-07-31T11:26:37+00:00","dateModified":"2025-10-28T11:05:58+00:00","description":"En tant qu'entreprise mondiale de donn\u00e9es, nous fournissons des services en gestion de donn\u00e9es, renforcement des capacit\u00e9s, d\u00e9veloppement logiciel et assistance technique.","breadcrumb":{"@id":"https:\/\/www.bluesquarehub.com\/fr\/services\/#breadcrumb"},"inLanguage":"fr-FR","potentialAction":[{"@type":"ReadAction","target":["https:\/\/www.bluesquarehub.com\/fr\/services\/"]}]},{"@type":"BreadcrumbList","@id":"https:\/\/www.bluesquarehub.com\/fr\/services\/#breadcrumb","itemListElement":[{"@type":"ListItem","position":1,"name":"Home","item":"https:\/\/www.bluesquarehub.com\/fr\/"},{"@type":"ListItem","position":2,"name":"Services"}]},{"@type":"WebSite","@id":"https:\/\/www.bluesquarehub.com\/fr\/#website","url":"https:\/\/www.bluesquarehub.com\/fr\/","name":"Bluesquare","description":"","publisher":{"@id":"https:\/\/www.bluesquarehub.com\/fr\/#organization"},"potentialAction":[{"@type":"SearchAction","target":{"@type":"EntryPoint","urlTemplate":"https:\/\/www.bluesquarehub.com\/fr\/?s={search_term_string}"},"query-input":{"@type":"PropertyValueSpecification","valueRequired":true,"valueName":"search_term_string"}}],"inLanguage":"fr-FR"},{"@type":"Organization","@id":"https:\/\/www.bluesquarehub.com\/fr\/#organization","name":"Bluesquare","url":"https:\/\/www.bluesquarehub.com\/fr\/","logo":{"@type":"ImageObject","inLanguage":"fr-FR","@id":"https:\/\/www.bluesquarehub.com\/fr\/#\/schema\/logo\/image\/","url":"https:\/\/www.bluesquarehub.com\/wp-content\/uploads\/2025\/10\/Logo-Banner.png","contentUrl":"https:\/\/www.bluesquarehub.com\/wp-content\/uploads\/2025\/10\/Logo-Banner.png","width":2400,"height":1260,"caption":"Bluesquare"},"image":{"@id":"https:\/\/www.bluesquarehub.com\/fr\/#\/schema\/logo\/image\/"},"sameAs":["https:\/\/x.com\/blsqhub","https:\/\/www.linkedin.com\/company\/bluesquarehub","https:\/\/www.youtube.com\/channel\/UC33QxHTlZzQyXUJnXtWeyBw\/"]}]}},"_links":{"self":[{"href":"https:\/\/www.bluesquarehub.com\/fr\/wp-json\/wp\/v2\/pages\/14072","targetHints":{"allow":["GET"]}}],"collection":[{"href":"https:\/\/www.bluesquarehub.com\/fr\/wp-json\/wp\/v2\/pages"}],"about":[{"href":"https:\/\/www.bluesquarehub.com\/fr\/wp-json\/wp\/v2\/types\/page"}],"author":[{"embeddable":true,"href":"https:\/\/www.bluesquarehub.com\/fr\/wp-json\/wp\/v2\/users\/1"}],"replies":[{"embeddable":true,"href":"https:\/\/www.bluesquarehub.com\/fr\/wp-json\/wp\/v2\/comments?post=14072"}],"version-history":[{"count":11,"href":"https:\/\/www.bluesquarehub.com\/fr\/wp-json\/wp\/v2\/pages\/14072\/revisions"}],"predecessor-version":[{"id":15365,"href":"https:\/\/www.bluesquarehub.com\/fr\/wp-json\/wp\/v2\/pages\/14072\/revisions\/15365"}],"wp:attachment":[{"href":"https:\/\/www.bluesquarehub.com\/fr\/wp-json\/wp\/v2\/media?parent=14072"}],"curies":[{"name":"wp","href":"https:\/\/api.w.org\/{rel}","templated":true}]}}