{"id":14074,"date":"2025-09-02T10:55:01","date_gmt":"2025-09-02T09:55:01","guid":{"rendered":"https:\/\/www.bluesquarehub.com\/services\/gestion-des-donnees\/"},"modified":"2026-01-05T14:09:34","modified_gmt":"2026-01-05T13:09:34","slug":"gestion-des-donnees","status":"publish","type":"page","link":"https:\/\/www.bluesquarehub.com\/fr\/services\/gestion-des-donnees\/","title":{"rendered":"Gestion des donn\u00e9es"},"content":{"rendered":"    <div class=\"hero-section  py-60 md:py-[160px] text-center bg-cover bg-center  bg-dark text-white  [&#038;_.sub-title-home]:opacity-80 [&#038;_.sub-title-home]:text-[32px] md:[&#038;_.sub-title-home]:text-[20px]\"\n         style=\"background-image: url('https:\/\/www.bluesquarehub.com\/wp-content\/uploads\/2025\/07\/Hero-Section-1.jpg')\">\n        <div class=\"container \">\n            \n<h5 class=\" wp-block-heading eplus-wrapper eplus-styles-uid-677210\">Service<\/h5>\n\n\n<h1 class=\" wp-block-heading has-text-align-center eplus-wrapper\">Gestion de donn\u00e9es<\/h1>\n\n\n        <\/div>\n    <\/div>\n    \n\n    <div class=\"wrapper-container-block overflow-hidden py-[90px] md:!py-[64px] bg-color-white \"\n         id=\"block_8346807689b35d45c325c909d8ef9bd4\"\n         style=\"  \">\n        <div class=\"container\">\n            \n    <div class=\"wrapper-container-block overflow-hidden py-[90px] md:!py-[64px] bg-color-white \"\n         id=\"block_f36ab75be7d3aaad687fcec8cd8324c0\"\n         style=\" padding-top: 20px; padding-bottom: 20px; \">\n        <div class=\"container\">\n            \n<h5 class=\" wp-block-heading has-text-align-center eplus-wrapper eplus-styles-uid-677210\">Nos services de gestion des donn\u00e9es<\/h5>\n\n        <\/div>\n    <\/div>\n    \n\n\n<h2 class=\" wp-block-heading eplus-wrapper\">Analyse et conception de syst\u00e8mes<\/h2>\n\n\n<p class=\"body-20 has-text-align-left eplus-wrapper eplus-styles-uid-8bfde2\">Avant de construire de nouveaux syst\u00e8mes, la clart\u00e9 est essentielle. Nous r\u00e9alisons des <strong>analyses de syst\u00e8mes structur\u00e9es<\/strong> qui alignent les outils, les parties prenantes et l\u2019infrastructure sur les objectifs \u00e0 long terme. <\/p>\n\n<ul class=\" wp-block-list eplus-wrapper eplus-styles-uid-f4193c\"><li class=\" eplus-wrapper eplus-styles-uid-a62243\">Recommandations claires pour des choix durables<\/li>\n\n<li class=\" eplus-wrapper eplus-styles-uid-a62243\">Cartographie et entretiens avec les parties prenantes<\/li>\n\n<li class=\" eplus-wrapper eplus-styles-uid-a62243\">\u00c9valuations techniques et contextuelles<\/li><\/ul>\n\n<p class=\"body-20 has-text-align-left eplus-wrapper eplus-styles-uid-8bfde2\"><a href=\"https:\/\/www.bluesquarehub.com\/fr\/services\/gestion-des-donnees\/analyse-et-conception-de-systemes\/\" target=\"_blank\" rel=\"noreferrer noopener\"><mark style=\"background-color:rgba(0, 0, 0, 0);color:#4361ee\" class=\"has-inline-color\">D\u00e9couvrez notre service d\u2019analyse et de conception de syst\u00e8mes<\/mark><\/a><\/p>\n\n\n<h2 class=\" wp-block-heading eplus-wrapper\">Collecte de donn\u00e9es<\/h2>\n\n\n<p class=\"body-20 has-text-align-left eplus-wrapper eplus-styles-uid-8bfde2\">Des donn\u00e9es fiables commencent sur le terrain. Nous concevons et d\u00e9ployons des syst\u00e8mes de collecte qui fonctionnent m\u00eame dans des <strong>environnements difficiles<\/strong> (faible connectivit\u00e9, faible \u00e9nergie, zones recul\u00e9es). <\/p>\n\n<ul class=\" wp-block-list eplus-wrapper eplus-styles-uid-911a22\"><li class=\" eplus-wrapper eplus-styles-uid-a62243\">Expertise avec des outils tels que <strong>DHIS2, ODK, Kobo Toolbox<\/strong><\/li>\n\n<li class=\" eplus-wrapper eplus-styles-uid-a62243\">Notre propre plateforme\u00a0: <a href=\"https:\/\/www.openiaso.com\/\" target=\"_blank\" rel=\"noreferrer noopener\"><strong>IASO<\/strong><\/a><\/li>\n\n<li class=\" eplus-wrapper eplus-styles-uid-a62243\">Questionnaires intelligents avec des <strong>logiques et des formules avanc\u00e9es<\/strong><\/li>\n\n<li class=\" eplus-wrapper eplus-styles-uid-a62243\">\u00c9quipes de terrain pour le <strong>soutien \u00e0 la formation et \u00e0 la mise en \u0153uvre<\/strong><\/li><\/ul>\n\n<p class=\"body-20 has-text-align-left eplus-wrapper eplus-styles-uid-8bfde2\"><a href=\"https:\/\/www.bluesquarehub.com\/fr\/services\/gestion-des-donnees\/collecte-de-donnees\/\" target=\"_blank\" rel=\"noreferrer noopener\"><mark style=\"background-color:rgba(0, 0, 0, 0);color:#4361ee\" class=\"has-inline-color\">D\u00e9couvrez notre service de collecte de donn\u00e9es<\/mark><\/a><\/p>\n\n\n<h2 class=\" wp-block-heading eplus-wrapper\">Int\u00e9gration des donn\u00e9es<\/h2>\n\n\n<p class=\"body-20 has-text-align-left eplus-wrapper eplus-styles-uid-8bfde2\">Les donn\u00e9es brutes sont souvent cloisonn\u00e9es. Nous connectons et harmonisons plusieurs sources pour cr\u00e9er des <strong>ensembles de donn\u00e9es coh\u00e9rents et pr\u00eats \u00e0 \u00eatre analys\u00e9s<\/strong>. <\/p>\n\n<ul class=\" wp-block-list eplus-wrapper eplus-styles-uid-b8b183\"><li class=\" eplus-wrapper eplus-styles-uid-a62243\">Int\u00e9gration \u00e0 partir de <strong>DHIS2, OpenLMIS, Excel, sources g\u00e9ospatiales, WorldPop<\/strong>, et plus encore<\/li>\n\n<li class=\" eplus-wrapper eplus-styles-uid-a62243\">Pipelines automatis\u00e9s pour l\u2019<strong>extraction, le nettoyage et la mise \u00e0 jour<\/strong><\/li>\n\n<li class=\" eplus-wrapper eplus-styles-uid-a62243\">Dirig\u00e9 par une <strong>\u00e9quipe de scientifiques des donn\u00e9es chevronn\u00e9s<\/strong><\/li>\n\n<li class=\" eplus-wrapper eplus-styles-uid-a62243\">Pris en charge par <a href=\"https:\/\/www.bluesquarehub.com\/fr\/produits\/softwares\/openhexa\/\" target=\"_blank\" rel=\"noreferrer noopener\"><strong>OpenHEXA<\/strong><\/a>, notre plateforme d\u2019int\u00e9gration<\/li><\/ul>\n\n<p class=\"body-20 has-text-align-left eplus-wrapper eplus-styles-uid-8bfde2\"><a href=\"https:\/\/www.bluesquarehub.com\/services\/data-collection\/\" target=\"_blank\" rel=\"noreferrer noopener\"><\/a><a href=\"https:\/\/www.bluesquarehub.com\/fr\/services\/gestion-des-donnees\/integration-de-donnees\/\" target=\"_blank\" rel=\"noreferrer noopener\"><mark style=\"background-color:rgba(0, 0, 0, 0);color:#4361ee\" class=\"has-inline-color\">D\u00e9couvrez notre service d\u2019int\u00e9gration de donn\u00e9es<\/mark><\/a><\/p>\n\n\n<h2 class=\" wp-block-heading eplus-wrapper\">Mod\u00e9lisation des donn\u00e9es et IA<\/h2>\n\n\n<p class=\"body-20 has-text-align-left eplus-wrapper eplus-styles-uid-8bfde2\">Une fois les donn\u00e9es structur\u00e9es, la mod\u00e9lisation les transforme en pr\u00e9voyance. Nous construisons des <strong>mod\u00e8les pr\u00e9dictifs et des analyses bas\u00e9es sur l\u2019IA<\/strong> qui soutiennent la planification strat\u00e9gique et des r\u00e9ponses plus rapides. <\/p>\n\n<ul class=\" wp-block-list eplus-wrapper eplus-styles-uid-79a9c1\"><li class=\" eplus-wrapper eplus-styles-uid-a62243\">Flux de travail de mod\u00e9lisation institutionnalis\u00e9s pour la durabilit\u00e9<\/li>\n\n<li class=\" eplus-wrapper eplus-styles-uid-a62243\">Contr\u00f4les de la qualit\u00e9 des donn\u00e9es et normalisation<\/li>\n\n<li class=\" eplus-wrapper eplus-styles-uid-a62243\">Outils de pr\u00e9vision, de simulation et d\u2019aide \u00e0 la d\u00e9cision<\/li>\n\n<li class=\" eplus-wrapper eplus-styles-uid-a62243\">Int\u00e9gration de l\u2019<strong>apprentissage automatique et de l\u2019IA<\/strong> pour les cas d\u2019utilisation avanc\u00e9s<\/li><\/ul>\n\n<p class=\"body-20 has-text-align-left eplus-wrapper eplus-styles-uid-8bfde2\"><a href=\"https:\/\/www.bluesquarehub.com\/fr\/services\/gestion-des-donnees\/modelisation-de-donnees-et-ia\/\" target=\"_blank\" rel=\"noreferrer noopener\"><mark style=\"background-color:rgba(0, 0, 0, 0);color:#4361ee\" class=\"has-inline-color\">D\u00e9couvrez notre service de mod\u00e9lisation des donn\u00e9es et d\u2019IA<\/mark><\/a><\/p>\n\n\n<h2 class=\" wp-block-heading eplus-wrapper\"><strong><strong><strong>Visualisation des donn\u00e9es et informations<\/strong><\/strong><\/strong><\/h2>\n\n\n<p class=\"body-20 has-text-align-left eplus-wrapper eplus-styles-uid-8bfde2\">Les donn\u00e9es ne cr\u00e9ent un impact que lorsqu\u2019elles sont <strong>comprises et utilis\u00e9es<\/strong>. Nous concevons des tableaux de bord, des rapports automatis\u00e9s et des visuels interactifs qui transforment l\u2019analyse en action. <\/p>\n\n<ul class=\" wp-block-list eplus-wrapper eplus-styles-uid-805220\"><li class=\" eplus-wrapper eplus-styles-uid-a62243\">Applications web personnalis\u00e9es pour les flux de travail collaboratifs<\/li>\n\n<li class=\" eplus-wrapper eplus-styles-uid-a62243\">Tableaux de bord personnalis\u00e9s (Power\u00a0BI, Tableau, Superset, Shiny)<\/li>\n\n<li class=\" eplus-wrapper eplus-styles-uid-a62243\">Pipelines et alertes de reporting automatis\u00e9s<\/li><\/ul>\n\n<p class=\"body-20 has-text-align-left eplus-wrapper eplus-styles-uid-8bfde2\"><a href=\"https:\/\/www.bluesquarehub.com\/services\/data-collection\/\" target=\"_blank\" rel=\"noreferrer noopener\"><\/a><a href=\"https:\/\/www.bluesquarehub.com\/services\/data-integration\/\" target=\"_blank\" rel=\"noreferrer noopener\"><\/a><a href=\"https:\/\/www.bluesquarehub.com\/fr\/services\/gestion-des-donnees\/visualisation-des-donnees-et-enseignements\/\" target=\"_blank\" rel=\"noreferrer noopener\"><mark style=\"background-color:rgba(0, 0, 0, 0);color:#4361ee\" class=\"has-inline-color\">D\u00e9couvrez notre service de visualisation des donn\u00e9es et d\u2019informations<\/mark><\/a><\/p>\n\n        <\/div>\n    <\/div>\n    \n\n    <div class=\"wrapper-container-block overflow-hidden py-[90px] md:!py-[64px] bg-color-white \"\n         id=\"block_33e30d16323be7664c18210b904f253a\"\n         style=\" padding-top: 20px; padding-bottom: 20px; \">\n        <div class=\"container\">\n            \n<div class=\"gradient-section wp-block-group has-background eplus-wrapper eplus-styles-uid-aa584b\" style=\"background:linear-gradient(90deg,rgb(25,32,65) 2%,rgb(102,0,0) 100%)\"><div class=\"wp-block-group__inner-container is-layout-constrained wp-block-group-is-layout-constrained\">\n<h2 class=\"wp-block-heading has-text-align-center has-white-color has-text-color has-link-color eplus-wrapper wp-elements-540d70d9cc2cc2d31e27f130c9d2a6fa\">Pr\u00eat \u00e0 lib\u00e9rer le potentiel de vos donn\u00e9es ?<\/h2>\n\n\n\n<p class=\"body-24 has-text-align-center has-white-color has-text-color has-link-color eplus-wrapper wp-elements-2c61a6d1651806f62da16261cd9a5641\">Parlez \u00e0 un expert Bluesquare.<\/p>\n\n\n\n<div class=\"wp-block-buttons eplus-wrapper is-content-justification-center is-layout-flex wp-container-core-buttons-is-layout-16018d1d wp-block-buttons-is-layout-flex\"><div class=\" wp-block-button eplus-wrapper eplus-styles-uid-6d6fe3\"><a class=\"wp-block-button__link has-background wp-element-button\" href=\"https:\/\/www.bluesquarehub.com\/fr\/contact\/\" style=\"background-color:#4361ee\" target=\"_blank\" rel=\"noreferrer noopener\">Contactez-nous maintenant<\/a><\/div><\/div>\n<\/div><\/div>\n\n        <\/div>\n    <\/div>\n    \n\n    <div class=\"wrapper-container-block overflow-hidden py-[90px] md:!py-[64px] bg-color-gray \"\n         id=\"block_abfb960ca13f8d566e326dcbd0155eb0\"\n         style=\"  \">\n        <div class=\"container\">\n            \n<h5 class=\" wp-block-heading has-text-align-center eplus-wrapper eplus-styles-uid-677210\">Pourquoi Bluesquare<\/h5>\n\n<h2 class=\" wp-block-heading has-text-align-center eplus-wrapper eplus-styles-uid-4a74ad\">Transformer les donn\u00e9es en informations exploitables<\/h2>\n\n<ul class=\" wp-block-list eplus-wrapper eplus-styles-uid-3291b4\"><li class=\" eplus-wrapper eplus-styles-uid-a62243\"><strong>Expertise de bout en bout<\/strong>\u00a0: de la collecte de donn\u00e9es \u00e0 la mod\u00e9lisation et \u00e0 la visualisation avanc\u00e9es.<\/li>\n\n<li class=\" eplus-wrapper eplus-styles-uid-a62243\"><strong>\u00c9quipe multidisciplinaire<\/strong>\u00a0: scientifiques des donn\u00e9es, ing\u00e9nieurs, experts en sant\u00e9 publique et chefs de projet.<\/li>\n\n<li class=\" eplus-wrapper eplus-styles-uid-a62243\"><strong>Solutions test\u00e9es sur le terrain<\/strong>\u00a0: con\u00e7ues pour les contraintes du monde r\u00e9el et la durabilit\u00e9.<\/li>\n\n<li class=\" eplus-wrapper eplus-styles-uid-a62243\"><strong>Plateformes internes<\/strong>\u00a0: <a href=\"https:\/\/www.openiaso.com\/fr\/\" target=\"_blank\" rel=\"noreferrer noopener\">IASO<\/a> pour la collecte de donn\u00e9es et <a href=\"https:\/\/www.bluesquarehub.com\/fr\/produits\/softwares\/openhexa\/\" target=\"_blank\" rel=\"noreferrer noopener\">OpenHEXA<\/a> pour l\u2019int\u00e9gration.<\/li><\/ul>\n\n        <\/div>\n    <\/div>\n    ","protected":false},"excerpt":{"rendered":"","protected":false},"author":4,"featured_media":14106,"parent":14072,"menu_order":0,"comment_status":"closed","ping_status":"closed","template":"","meta":{"_acf_changed":false,"content-type":"","editor_plus_copied_stylings":"{}","footnotes":""},"class_list":["post-14074","page","type-page","status-publish","has-post-thumbnail","hentry"],"acf":[],"yoast_head":"<!-- This site is optimized with the Yoast SEO plugin v27.1.1 - https:\/\/yoast.com\/product\/yoast-seo-wordpress\/ -->\n<title>Gestion des donn\u00e9es - Bluesquare<\/title>\n<meta name=\"description\" content=\"Nous fournissons des services de gestion des donn\u00e9es\u00a0: analyse et conception de syst\u00e8mes, collecte et int\u00e9gration des donn\u00e9es, mod\u00e9lisation des donn\u00e9es et IA, visualisation et informations.\" \/>\n<meta name=\"robots\" content=\"index, follow, max-snippet:-1, max-image-preview:large, max-video-preview:-1\" \/>\n<link rel=\"canonical\" href=\"https:\/\/www.bluesquarehub.com\/fr\/services\/gestion-des-donnees\/\" \/>\n<meta property=\"og:locale\" content=\"fr_FR\" \/>\n<meta property=\"og:type\" content=\"article\" \/>\n<meta property=\"og:title\" content=\"Gestion des donn\u00e9es - Bluesquare\" \/>\n<meta property=\"og:description\" content=\"Nous fournissons des services de gestion des donn\u00e9es\u00a0: analyse et conception de syst\u00e8mes, collecte et int\u00e9gration des donn\u00e9es, mod\u00e9lisation des donn\u00e9es et IA, visualisation et informations.\" \/>\n<meta property=\"og:url\" content=\"https:\/\/www.bluesquarehub.com\/fr\/services\/gestion-des-donnees\/\" \/>\n<meta property=\"og:site_name\" content=\"Bluesquare\" \/>\n<meta property=\"article:modified_time\" content=\"2026-01-05T13:09:34+00:00\" \/>\n<meta name=\"twitter:card\" content=\"summary_large_image\" \/>\n<meta name=\"twitter:site\" content=\"@blsqhub\" \/>\n<meta name=\"twitter:label1\" content=\"Dur\u00e9e de lecture estim\u00e9e\" \/>\n\t<meta name=\"twitter:data1\" content=\"3 minutes\" \/>\n<script type=\"application\/ld+json\" class=\"yoast-schema-graph\">{\"@context\":\"https:\/\/schema.org\",\"@graph\":[{\"@type\":\"WebPage\",\"@id\":\"https:\/\/www.bluesquarehub.com\/fr\/services\/gestion-des-donnees\/\",\"url\":\"https:\/\/www.bluesquarehub.com\/fr\/services\/gestion-des-donnees\/\",\"name\":\"Gestion des donn\u00e9es - Bluesquare\",\"isPartOf\":{\"@id\":\"https:\/\/www.bluesquarehub.com\/fr\/#website\"},\"primaryImageOfPage\":{\"@id\":\"https:\/\/www.bluesquarehub.com\/fr\/services\/gestion-des-donnees\/#primaryimage\"},\"image\":{\"@id\":\"https:\/\/www.bluesquarehub.com\/fr\/services\/gestion-des-donnees\/#primaryimage\"},\"thumbnailUrl\":\"https:\/\/www.bluesquarehub.com\/wp-content\/uploads\/2025\/10\/Map-data.png\",\"datePublished\":\"2025-09-02T09:55:01+00:00\",\"dateModified\":\"2026-01-05T13:09:34+00:00\",\"description\":\"Nous fournissons des services de gestion des donn\u00e9es\u00a0: analyse et conception de syst\u00e8mes, collecte et int\u00e9gration des donn\u00e9es, mod\u00e9lisation des donn\u00e9es et IA, visualisation et informations.\",\"breadcrumb\":{\"@id\":\"https:\/\/www.bluesquarehub.com\/fr\/services\/gestion-des-donnees\/#breadcrumb\"},\"inLanguage\":\"fr-FR\",\"potentialAction\":[{\"@type\":\"ReadAction\",\"target\":[\"https:\/\/www.bluesquarehub.com\/fr\/services\/gestion-des-donnees\/\"]}]},{\"@type\":\"ImageObject\",\"inLanguage\":\"fr-FR\",\"@id\":\"https:\/\/www.bluesquarehub.com\/fr\/services\/gestion-des-donnees\/#primaryimage\",\"url\":\"https:\/\/www.bluesquarehub.com\/wp-content\/uploads\/2025\/10\/Map-data.png\",\"contentUrl\":\"https:\/\/www.bluesquarehub.com\/wp-content\/uploads\/2025\/10\/Map-data.png\",\"width\":1311,\"height\":743},{\"@type\":\"BreadcrumbList\",\"@id\":\"https:\/\/www.bluesquarehub.com\/fr\/services\/gestion-des-donnees\/#breadcrumb\",\"itemListElement\":[{\"@type\":\"ListItem\",\"position\":1,\"name\":\"Home\",\"item\":\"https:\/\/www.bluesquarehub.com\/fr\/\"},{\"@type\":\"ListItem\",\"position\":2,\"name\":\"Services\",\"item\":\"https:\/\/www.bluesquarehub.com\/fr\/services\/\"},{\"@type\":\"ListItem\",\"position\":3,\"name\":\"Gestion des donn\u00e9es\"}]},{\"@type\":\"WebSite\",\"@id\":\"https:\/\/www.bluesquarehub.com\/fr\/#website\",\"url\":\"https:\/\/www.bluesquarehub.com\/fr\/\",\"name\":\"Bluesquare\",\"description\":\"\",\"publisher\":{\"@id\":\"https:\/\/www.bluesquarehub.com\/fr\/#organization\"},\"potentialAction\":[{\"@type\":\"SearchAction\",\"target\":{\"@type\":\"EntryPoint\",\"urlTemplate\":\"https:\/\/www.bluesquarehub.com\/fr\/?s={search_term_string}\"},\"query-input\":{\"@type\":\"PropertyValueSpecification\",\"valueRequired\":true,\"valueName\":\"search_term_string\"}}],\"inLanguage\":\"fr-FR\"},{\"@type\":\"Organization\",\"@id\":\"https:\/\/www.bluesquarehub.com\/fr\/#organization\",\"name\":\"Bluesquare\",\"url\":\"https:\/\/www.bluesquarehub.com\/fr\/\",\"logo\":{\"@type\":\"ImageObject\",\"inLanguage\":\"fr-FR\",\"@id\":\"https:\/\/www.bluesquarehub.com\/fr\/#\/schema\/logo\/image\/\",\"url\":\"https:\/\/www.bluesquarehub.com\/wp-content\/uploads\/2025\/10\/Logo-Banner.png\",\"contentUrl\":\"https:\/\/www.bluesquarehub.com\/wp-content\/uploads\/2025\/10\/Logo-Banner.png\",\"width\":2400,\"height\":1260,\"caption\":\"Bluesquare\"},\"image\":{\"@id\":\"https:\/\/www.bluesquarehub.com\/fr\/#\/schema\/logo\/image\/\"},\"sameAs\":[\"https:\/\/x.com\/blsqhub\",\"https:\/\/www.linkedin.com\/company\/bluesquarehub\",\"https:\/\/www.youtube.com\/channel\/UC33QxHTlZzQyXUJnXtWeyBw\/\"]}]}<\/script>\n<!-- \/ Yoast SEO plugin. -->","yoast_head_json":{"title":"Gestion des donn\u00e9es - Bluesquare","description":"Nous fournissons des services de gestion des donn\u00e9es\u00a0: analyse et conception de syst\u00e8mes, collecte et int\u00e9gration des donn\u00e9es, mod\u00e9lisation des donn\u00e9es et IA, visualisation et informations.","robots":{"index":"index","follow":"follow","max-snippet":"max-snippet:-1","max-image-preview":"max-image-preview:large","max-video-preview":"max-video-preview:-1"},"canonical":"https:\/\/www.bluesquarehub.com\/fr\/services\/gestion-des-donnees\/","og_locale":"fr_FR","og_type":"article","og_title":"Gestion des donn\u00e9es - Bluesquare","og_description":"Nous fournissons des services de gestion des donn\u00e9es\u00a0: analyse et conception de syst\u00e8mes, collecte et int\u00e9gration des donn\u00e9es, mod\u00e9lisation des donn\u00e9es et IA, visualisation et informations.","og_url":"https:\/\/www.bluesquarehub.com\/fr\/services\/gestion-des-donnees\/","og_site_name":"Bluesquare","article_modified_time":"2026-01-05T13:09:34+00:00","twitter_card":"summary_large_image","twitter_site":"@blsqhub","twitter_misc":{"Dur\u00e9e de lecture estim\u00e9e":"3 minutes"},"schema":{"@context":"https:\/\/schema.org","@graph":[{"@type":"WebPage","@id":"https:\/\/www.bluesquarehub.com\/fr\/services\/gestion-des-donnees\/","url":"https:\/\/www.bluesquarehub.com\/fr\/services\/gestion-des-donnees\/","name":"Gestion des donn\u00e9es - Bluesquare","isPartOf":{"@id":"https:\/\/www.bluesquarehub.com\/fr\/#website"},"primaryImageOfPage":{"@id":"https:\/\/www.bluesquarehub.com\/fr\/services\/gestion-des-donnees\/#primaryimage"},"image":{"@id":"https:\/\/www.bluesquarehub.com\/fr\/services\/gestion-des-donnees\/#primaryimage"},"thumbnailUrl":"https:\/\/www.bluesquarehub.com\/wp-content\/uploads\/2025\/10\/Map-data.png","datePublished":"2025-09-02T09:55:01+00:00","dateModified":"2026-01-05T13:09:34+00:00","description":"Nous fournissons des services de gestion des donn\u00e9es\u00a0: analyse et conception de syst\u00e8mes, collecte et int\u00e9gration des donn\u00e9es, mod\u00e9lisation des donn\u00e9es et IA, visualisation et informations.","breadcrumb":{"@id":"https:\/\/www.bluesquarehub.com\/fr\/services\/gestion-des-donnees\/#breadcrumb"},"inLanguage":"fr-FR","potentialAction":[{"@type":"ReadAction","target":["https:\/\/www.bluesquarehub.com\/fr\/services\/gestion-des-donnees\/"]}]},{"@type":"ImageObject","inLanguage":"fr-FR","@id":"https:\/\/www.bluesquarehub.com\/fr\/services\/gestion-des-donnees\/#primaryimage","url":"https:\/\/www.bluesquarehub.com\/wp-content\/uploads\/2025\/10\/Map-data.png","contentUrl":"https:\/\/www.bluesquarehub.com\/wp-content\/uploads\/2025\/10\/Map-data.png","width":1311,"height":743},{"@type":"BreadcrumbList","@id":"https:\/\/www.bluesquarehub.com\/fr\/services\/gestion-des-donnees\/#breadcrumb","itemListElement":[{"@type":"ListItem","position":1,"name":"Home","item":"https:\/\/www.bluesquarehub.com\/fr\/"},{"@type":"ListItem","position":2,"name":"Services","item":"https:\/\/www.bluesquarehub.com\/fr\/services\/"},{"@type":"ListItem","position":3,"name":"Gestion des donn\u00e9es"}]},{"@type":"WebSite","@id":"https:\/\/www.bluesquarehub.com\/fr\/#website","url":"https:\/\/www.bluesquarehub.com\/fr\/","name":"Bluesquare","description":"","publisher":{"@id":"https:\/\/www.bluesquarehub.com\/fr\/#organization"},"potentialAction":[{"@type":"SearchAction","target":{"@type":"EntryPoint","urlTemplate":"https:\/\/www.bluesquarehub.com\/fr\/?s={search_term_string}"},"query-input":{"@type":"PropertyValueSpecification","valueRequired":true,"valueName":"search_term_string"}}],"inLanguage":"fr-FR"},{"@type":"Organization","@id":"https:\/\/www.bluesquarehub.com\/fr\/#organization","name":"Bluesquare","url":"https:\/\/www.bluesquarehub.com\/fr\/","logo":{"@type":"ImageObject","inLanguage":"fr-FR","@id":"https:\/\/www.bluesquarehub.com\/fr\/#\/schema\/logo\/image\/","url":"https:\/\/www.bluesquarehub.com\/wp-content\/uploads\/2025\/10\/Logo-Banner.png","contentUrl":"https:\/\/www.bluesquarehub.com\/wp-content\/uploads\/2025\/10\/Logo-Banner.png","width":2400,"height":1260,"caption":"Bluesquare"},"image":{"@id":"https:\/\/www.bluesquarehub.com\/fr\/#\/schema\/logo\/image\/"},"sameAs":["https:\/\/x.com\/blsqhub","https:\/\/www.linkedin.com\/company\/bluesquarehub","https:\/\/www.youtube.com\/channel\/UC33QxHTlZzQyXUJnXtWeyBw\/"]}]}},"_links":{"self":[{"href":"https:\/\/www.bluesquarehub.com\/fr\/wp-json\/wp\/v2\/pages\/14074","targetHints":{"allow":["GET"]}}],"collection":[{"href":"https:\/\/www.bluesquarehub.com\/fr\/wp-json\/wp\/v2\/pages"}],"about":[{"href":"https:\/\/www.bluesquarehub.com\/fr\/wp-json\/wp\/v2\/types\/page"}],"author":[{"embeddable":true,"href":"https:\/\/www.bluesquarehub.com\/fr\/wp-json\/wp\/v2\/users\/4"}],"replies":[{"embeddable":true,"href":"https:\/\/www.bluesquarehub.com\/fr\/wp-json\/wp\/v2\/comments?post=14074"}],"version-history":[{"count":11,"href":"https:\/\/www.bluesquarehub.com\/fr\/wp-json\/wp\/v2\/pages\/14074\/revisions"}],"predecessor-version":[{"id":15681,"href":"https:\/\/www.bluesquarehub.com\/fr\/wp-json\/wp\/v2\/pages\/14074\/revisions\/15681"}],"up":[{"embeddable":true,"href":"https:\/\/www.bluesquarehub.com\/fr\/wp-json\/wp\/v2\/pages\/14072"}],"wp:featuredmedia":[{"embeddable":true,"href":"https:\/\/www.bluesquarehub.com\/fr\/wp-json\/wp\/v2\/media\/14106"}],"wp:attachment":[{"href":"https:\/\/www.bluesquarehub.com\/fr\/wp-json\/wp\/v2\/media?parent=14074"}],"curies":[{"name":"wp","href":"https:\/\/api.w.org\/{rel}","templated":true}]}}