{"id":14087,"date":"2025-09-02T10:03:27","date_gmt":"2025-09-02T09:03:27","guid":{"rendered":"https:\/\/www.bluesquarehub.com\/services\/gestion-des-donnees\/integration-de-donnees\/"},"modified":"2026-02-11T12:12:49","modified_gmt":"2026-02-11T11:12:49","slug":"integration-de-donnees","status":"publish","type":"page","link":"https:\/\/www.bluesquarehub.com\/fr\/services\/gestion-des-donnees\/integration-de-donnees\/","title":{"rendered":"Int\u00e9gration de donn\u00e9es"},"content":{"rendered":"    <div class=\"hero-section  py-60 md:py-[160px] text-center bg-cover bg-center  bg-dark text-white  [&#038;_.sub-title-home]:opacity-80 [&#038;_.sub-title-home]:text-[32px] md:[&#038;_.sub-title-home]:text-[20px]\"\n         style=\"background-image: url('https:\/\/www.bluesquarehub.com\/wp-content\/uploads\/2025\/07\/Hero-Section-1.jpg')\">\n        <div class=\"container \">\n            \n<h5 class=\" wp-block-heading eplus-wrapper eplus-styles-uid-677210\">Service<\/h5>\n\n\n<h1 class=\" wp-block-heading has-text-align-center eplus-wrapper\">Int\u00e9gration des donn\u00e9es<\/h1>\n\n\n\n<p class=\"body-24 has-text-align-center eplus-wrapper\">D\u00e9cloisonnez vos donn\u00e9es et lib\u00e9rez tout le potentiel de vos syst\u00e8mes d&rsquo;information de sant\u00e9 avec les services d&rsquo;int\u00e9gration de donn\u00e9es de Bluesquare \u2014 aliment\u00e9s par notre propre plateforme OpenHEXA.<\/p>\n\n\n        <\/div>\n    <\/div>\n    \n\n    <div class=\"wrapper-container-block overflow-hidden py-[90px] md:!py-[64px] bg-color-gray \"\n         id=\"block_1b2382130139dd801b93959d78d37e00\"\n         style=\"  \">\n        <div class=\"container\">\n            \n<h5 class=\" wp-block-heading has-text-align-center eplus-wrapper eplus-styles-uid-677210\">Ce que nous faisons<\/h5>\n\n<p class=\" has-text-align-center eplus-wrapper eplus-styles-uid-a62243\">Nous d\u00e9veloppons et mettons en \u0153uvre des solutions qui garantissent une int\u00e9gration transparente entre diff\u00e9rents syst\u00e8mes et sources de donn\u00e9es.<\/p>\n\n        <\/div>\n    <\/div>\n    \n\n    <div class=\"wrapper-container-block overflow-hidden py-[90px] md:!py-[64px] bg-color-white \"\n         id=\"block_51860b19f80a556a059b939b134dc2ce\"\n         style=\" padding-top: 60px; padding-bottom: 60px; \">\n        <div class=\"container\">\n            \n<h5 class=\" wp-block-heading has-text-align-center eplus-wrapper eplus-styles-uid-65ac61\">M\u00e9thodologie<\/h5>\n\n<h2 class=\" wp-block-heading has-text-align-center eplus-wrapper eplus-styles-uid-1dc980\">Nous apportons \u00e0 la fois une expertise technique et des outils pratiques<\/h2>\n\n<p class=\" has-text-align-center eplus-wrapper eplus-styles-uid-a62243\">Les organisations font souvent face \u00e0 des obstacles critiques : des <strong>syst\u00e8mes de donn\u00e9es fragment\u00e9s<\/strong> qui ne communiquent pas entre eux, un <strong>travail manuel chronophage<\/strong> pour l&rsquo;extraction, le nettoyage et la mise \u00e0 jour, des <strong>jeux de donn\u00e9es sous-exploit\u00e9s<\/strong> qui pourraient fournir des informations strat\u00e9giques s&rsquo;ils \u00e9taient connect\u00e9s. Sans int\u00e9gration, les donn\u00e9es restent cloisonn\u00e9es, ralentissant les programmes et r\u00e9duisant leur impact. D\u00e9couvrez la m\u00e9thodologie Bluesquare pour surmonter ces d\u00e9fis.  <\/p>\n\n        <\/div>\n    <\/div>\n    \n\n    <div class=\"wrapper-container-block overflow-hidden py-[90px] md:!py-[64px] bg-color-white \"\n         id=\"block_56ce76a58933fc909fcacd9f6052c175\"\n         style=\" padding-top: 60px; padding-bottom: 60px; \">\n        <div class=\"container\">\n            \n    <div style=\"--color: #7990FF\" class=\"number-text-image-block flex w-full justify-between  gap-8  md:!flex-col\">\n        <div class=\"w-full flex flex-col justify-center max-w-[500px]  md:max-w-none\">\n                        <div class=\"relative max-w-[36px] leading-none\">\n                <span class=\"absolute left-1\/2 top-1\/2 -translate-x-1\/2\n                -translate-y-1\/2 font-extrabold text-[20px] text-white\">\n                    1                <\/span>\n                <svg xmlns=\"http:\/\/www.w3.org\/2000\/svg\" width=\"36\" height=\"38\" viewBox=\"0 0 36 38\" fill=\"none\">\n                    <path d=\"M14 1.3094C16.4752 -0.119662 19.5248 -0.119662 22 1.3094L31.3205 6.6906C33.7957 8.11966 35.3205 10.7607 35.3205 13.6188V24.3812C35.3205 27.2393 33.7957 29.8803 31.3205 31.3094L22 36.6906C19.5248 38.1197 16.4752 38.1197 14 36.6906L4.67949 31.3094C2.20428 29.8803 0.679491 27.2393 0.679491 24.3812V13.6188C0.679491 10.7607 2.20428 8.11966 4.67949 6.6906L14 1.3094Z\"\n                          fill=\"#7990FF\"\/>\n                <\/svg>\n            <\/div>\n                        \n\n<h3 class=\" wp-block-heading eplus-wrapper\">Connexion de syst\u00e8mes divers<\/h3>\n\n\n\n<p class=\" eplus-wrapper\">Nous int\u00e9grons les donn\u00e9es de <strong>DHIS2, IASO, ODK, CSV, Excel, WorldPop, OpenLMIS<\/strong>, <a href=\"https:\/\/www.openhexa.com\/integrations\/\" target=\"_blank\" rel=\"noreferrer noopener\">et bien plus<\/a> \u2014 transformant des jeux de donn\u00e9es isol\u00e9s en une ressource unifi\u00e9e.<\/p>\n\n\n        <\/div>\n                    <div class=\"w-full max-w-[500px] min-h-[400px] relative rounded-[24px] overflow-hidden md:max-w-none\">\n                <img decoding=\"async\" class=\"absolute inset-0 w-full object-cover h-full rounded-[24px]\" src=\"https:\/\/www.bluesquarehub.com\/wp-content\/uploads\/2025\/10\/Unified-map.png\">\n            <\/div>\n            <\/div>\n    \n\n        <\/div>\n    <\/div>\n    \n\n    <div class=\"wrapper-container-block overflow-hidden py-[90px] md:!py-[64px] bg-color-white \"\n         id=\"block_56ce76a58933fc909fcacd9f6052c175\"\n         style=\" padding-top: 60px; padding-bottom: 60px; \">\n        <div class=\"container\">\n            \n    <div style=\"--color: #7990FF\" class=\"number-text-image-block flex w-full justify-between  gap-8 flex-row-reverse md:!flex-col\">\n        <div class=\"w-full flex flex-col justify-center max-w-[500px]  md:max-w-none\">\n                        <div class=\"relative max-w-[36px] leading-none\">\n                <span class=\"absolute left-1\/2 top-1\/2 -translate-x-1\/2\n                -translate-y-1\/2 font-extrabold text-[20px] text-white\">\n                    2                <\/span>\n                <svg xmlns=\"http:\/\/www.w3.org\/2000\/svg\" width=\"36\" height=\"38\" viewBox=\"0 0 36 38\" fill=\"none\">\n                    <path d=\"M14 1.3094C16.4752 -0.119662 19.5248 -0.119662 22 1.3094L31.3205 6.6906C33.7957 8.11966 35.3205 10.7607 35.3205 13.6188V24.3812C35.3205 27.2393 33.7957 29.8803 31.3205 31.3094L22 36.6906C19.5248 38.1197 16.4752 38.1197 14 36.6906L4.67949 31.3094C2.20428 29.8803 0.679491 27.2393 0.679491 24.3812V13.6188C0.679491 10.7607 2.20428 8.11966 4.67949 6.6906L14 1.3094Z\"\n                          fill=\"#7990FF\"\/>\n                <\/svg>\n            <\/div>\n                        \n\n<h3 class=\" wp-block-heading eplus-wrapper\">Construction de pipelines robustes<\/h3>\n\n\n\n<p class=\" eplus-wrapper\">Notre \u00e9quipe d\u00e9veloppe des flux de travail automatis\u00e9s pour <strong>l&rsquo;extraction, le nettoyage, le traitement et la mise \u00e0 jour des donn\u00e9es<\/strong>, garantissant que vos informations restent pr\u00e9cises et actuelles.<\/p>\n\n\n        <\/div>\n                    <div class=\"w-full max-w-[500px] min-h-[400px] relative rounded-[24px] overflow-hidden md:max-w-none\">\n                <img decoding=\"async\" class=\"absolute inset-0 w-full object-cover h-full rounded-[24px]\" src=\"https:\/\/www.bluesquarehub.com\/wp-content\/uploads\/2025\/10\/Robust-pipeline.png\">\n            <\/div>\n            <\/div>\n    \n\n        <\/div>\n    <\/div>\n    \n\n    <div class=\"wrapper-container-block overflow-hidden py-[90px] md:!py-[64px] bg-color-white \"\n         id=\"block_56ce76a58933fc909fcacd9f6052c175\"\n         style=\" padding-top: 60px; padding-bottom: 60px; \">\n        <div class=\"container\">\n            \n    <div style=\"--color: #7990FF\" class=\"number-text-image-block flex w-full justify-between  gap-8  md:!flex-col\">\n        <div class=\"w-full flex flex-col justify-center max-w-[500px]  md:max-w-none\">\n                        <div class=\"relative max-w-[36px] leading-none\">\n                <span class=\"absolute left-1\/2 top-1\/2 -translate-x-1\/2\n                -translate-y-1\/2 font-extrabold text-[20px] text-white\">\n                    3                <\/span>\n                <svg xmlns=\"http:\/\/www.w3.org\/2000\/svg\" width=\"36\" height=\"38\" viewBox=\"0 0 36 38\" fill=\"none\">\n                    <path d=\"M14 1.3094C16.4752 -0.119662 19.5248 -0.119662 22 1.3094L31.3205 6.6906C33.7957 8.11966 35.3205 10.7607 35.3205 13.6188V24.3812C35.3205 27.2393 33.7957 29.8803 31.3205 31.3094L22 36.6906C19.5248 38.1197 16.4752 38.1197 14 36.6906L4.67949 31.3094C2.20428 29.8803 0.679491 27.2393 0.679491 24.3812V13.6188C0.679491 10.7607 2.20428 8.11966 4.67949 6.6906L14 1.3094Z\"\n                          fill=\"#7990FF\"\/>\n                <\/svg>\n            <\/div>\n                        \n\n<h3 class=\" wp-block-heading eplus-wrapper\">Solutions pilot\u00e9es par l&rsquo;expertise<\/h3>\n\n\n\n<p class=\" eplus-wrapper\">Nos <strong>data scientists exp\u00e9riment\u00e9s<\/strong> poss\u00e8dent une vaste exp\u00e9rience de travail avec une grande vari\u00e9t\u00e9 de sources et de formats, adaptant les m\u00e9thodes \u00e0 votre contexte sp\u00e9cifique.<\/p>\n\n\n        <\/div>\n                    <div class=\"w-full max-w-[500px] min-h-[400px] relative rounded-[24px] overflow-hidden md:max-w-none\">\n                <img decoding=\"async\" class=\"absolute inset-0 w-full object-cover h-full rounded-[24px]\" src=\"https:\/\/www.bluesquarehub.com\/wp-content\/uploads\/2025\/10\/Data-scaled.jpg\">\n            <\/div>\n            <\/div>\n    \n\n        <\/div>\n    <\/div>\n    \n\n    <div class=\"wrapper-container-block overflow-hidden py-[90px] md:!py-[64px] bg-color-white \"\n         id=\"block_56ce76a58933fc909fcacd9f6052c175\"\n         style=\" padding-top: 60px; padding-bottom: 60px; \">\n        <div class=\"container\">\n            \n    <div style=\"--color: #7990FF\" class=\"number-text-image-block flex w-full justify-between  gap-8 flex-row-reverse md:!flex-col\">\n        <div class=\"w-full flex flex-col justify-center max-w-[500px]  md:max-w-none\">\n                        <div class=\"relative max-w-[36px] leading-none\">\n                <span class=\"absolute left-1\/2 top-1\/2 -translate-x-1\/2\n                -translate-y-1\/2 font-extrabold text-[20px] text-white\">\n                    4                <\/span>\n                <svg xmlns=\"http:\/\/www.w3.org\/2000\/svg\" width=\"36\" height=\"38\" viewBox=\"0 0 36 38\" fill=\"none\">\n                    <path d=\"M14 1.3094C16.4752 -0.119662 19.5248 -0.119662 22 1.3094L31.3205 6.6906C33.7957 8.11966 35.3205 10.7607 35.3205 13.6188V24.3812C35.3205 27.2393 33.7957 29.8803 31.3205 31.3094L22 36.6906C19.5248 38.1197 16.4752 38.1197 14 36.6906L4.67949 31.3094C2.20428 29.8803 0.679491 27.2393 0.679491 24.3812V13.6188C0.679491 10.7607 2.20428 8.11966 4.67949 6.6906L14 1.3094Z\"\n                          fill=\"#7990FF\"\/>\n                <\/svg>\n            <\/div>\n                        \n\n<h3 class=\" wp-block-heading eplus-wrapper\">Mise \u00e0 l&rsquo;\u00e9chelle avec OpenHEXA<\/h3>\n\n\n\n<p class=\" eplus-wrapper\">De notre exp\u00e9rience a \u00e9merg\u00e9 <a href=\"https:\/\/openhexa.io\/\"><strong>OpenHEXA<\/strong><\/a>, une plateforme d&rsquo;int\u00e9gration de donn\u00e9es flexible con\u00e7ue pour rendre les flux de travail complexes plus durables, transparents et r\u00e9utilisables.<\/p>\n\n\n        <\/div>\n                    <div class=\"w-full max-w-[500px] min-h-[400px] relative rounded-[24px] overflow-hidden md:max-w-none\">\n                <img decoding=\"async\" class=\"absolute inset-0 w-full object-cover h-full rounded-[24px]\" src=\"https:\/\/www.bluesquarehub.com\/wp-content\/uploads\/2025\/10\/OpenHEXA.png\">\n            <\/div>\n            <\/div>\n    \n\n        <\/div>\n    <\/div>\n    \n\n    <div class=\"wrapper-container-block overflow-hidden py-[90px] md:!py-[64px] bg-color-white \"\n         id=\"block_56ce76a58933fc909fcacd9f6052c175\"\n         style=\" padding-top: 60px; padding-bottom: 60px; \">\n        <div class=\"container\">\n            \n<div class=\"gradient-section wp-block-group has-background eplus-wrapper eplus-styles-uid-aa584b\" style=\"background:linear-gradient(90deg,rgb(25,32,65) 2%,rgb(102,0,0) 100%)\"><div class=\"wp-block-group__inner-container is-layout-constrained wp-block-group-is-layout-constrained\">\n<h2 class=\"wp-block-heading has-text-align-center has-white-color has-text-color has-link-color eplus-wrapper wp-elements-540d70d9cc2cc2d31e27f130c9d2a6fa\">Pr\u00eat \u00e0 lib\u00e9rer le potentiel de vos donn\u00e9es ?<\/h2>\n\n\n\n<p class=\"body-24 has-text-align-center has-white-color has-text-color has-link-color eplus-wrapper wp-elements-e8462caebbbd21251de4e5de46818bf6\">D\u00e9couvrez notre plateforme OpenHEXA. <\/p>\n\n\n\n<div class=\"wp-block-buttons eplus-wrapper is-content-justification-center is-layout-flex wp-container-core-buttons-is-layout-16018d1d wp-block-buttons-is-layout-flex\"><div class=\" wp-block-button eplus-wrapper eplus-styles-uid-7d84fa\"><a class=\"wp-block-button__link has-background wp-element-button\" href=\"https:\/\/www.bluesquarehub.com\/fr\/produits\/softwares\/openhexa\/\" style=\"background-color:#4361ee\" target=\"_blank\" rel=\"noreferrer noopener\">D\u00e9couvrir OpenHEXA<\/a><\/div><\/div>\n<\/div><\/div>\n\n        <\/div>\n    <\/div>\n    \n\n    <div class=\"wrapper-container-block overflow-hidden py-[90px] md:!py-[64px] bg-color-gray \"\n         id=\"block_1b2382130139dd801b93959d78d37e00\"\n         style=\"  \">\n        <div class=\"container\">\n            \n<h5 class=\" wp-block-heading has-text-align-center eplus-wrapper eplus-styles-uid-677210\">Pourquoi Bluesquare<\/h5>\n\n<h2 class=\" wp-block-heading has-text-align-center eplus-wrapper eplus-styles-uid-4a74ad\">Transformer les donn\u00e9es en informations exploitables<\/h2>\n\n<p class=\"body-20 has-text-align-center eplus-wrapper eplus-styles-uid-4a74ad\">Chez Bluesquare, nous pr\u00e9sentons une combinaison unique d&rsquo;expertise technique, d&rsquo;outils innovants et d&rsquo;approche centr\u00e9e sur le client pour le secteur de la sant\u00e9 mondiale.<br><br>Nous d\u00e9veloppons des solutions logicielles open source, fournissant aux organisations des outils reconnus mondialement pour leur impact et leur adaptabilit\u00e9.<br><br>En plus de son engagement envers une r\u00e9ponse et un support client rapides, Bluesquare offre des solutions fiables, innovantes et impactantes pour favoriser la prise de d\u00e9cision et am\u00e9liorer les r\u00e9sultats de sant\u00e9.<\/p>\n\n        <\/div>\n    <\/div>\n    ","protected":false},"excerpt":{"rendered":"","protected":false},"author":4,"featured_media":14088,"parent":14074,"menu_order":0,"comment_status":"closed","ping_status":"closed","template":"","meta":{"_acf_changed":false,"content-type":"","editor_plus_copied_stylings":"{}","footnotes":""},"class_list":["post-14087","page","type-page","status-publish","has-post-thumbnail","hentry"],"acf":[],"yoast_head":"<!-- This site is optimized with the Yoast SEO plugin v27.1.1 - https:\/\/yoast.com\/product\/yoast-seo-wordpress\/ -->\n<title>Int\u00e9gration de donn\u00e9es - Bluesquare<\/title>\n<meta name=\"description\" content=\"Bluesquare d\u00e9veloppe et met en \u0153uvre des solutions qui garantissent une int\u00e9gration transparente entre diff\u00e9rents syst\u00e8mes et sources de donn\u00e9es.\" \/>\n<meta name=\"robots\" content=\"index, follow, max-snippet:-1, max-image-preview:large, max-video-preview:-1\" \/>\n<link rel=\"canonical\" href=\"https:\/\/www.bluesquarehub.com\/fr\/services\/gestion-des-donnees\/integration-de-donnees\/\" \/>\n<meta property=\"og:locale\" content=\"fr_FR\" \/>\n<meta property=\"og:type\" content=\"article\" \/>\n<meta property=\"og:title\" content=\"Int\u00e9gration de donn\u00e9es - Bluesquare\" \/>\n<meta property=\"og:description\" content=\"Bluesquare d\u00e9veloppe et met en \u0153uvre des solutions qui garantissent une int\u00e9gration transparente entre diff\u00e9rents syst\u00e8mes et sources de donn\u00e9es.\" \/>\n<meta property=\"og:url\" content=\"https:\/\/www.bluesquarehub.com\/fr\/services\/gestion-des-donnees\/integration-de-donnees\/\" \/>\n<meta property=\"og:site_name\" content=\"Bluesquare\" \/>\n<meta property=\"article:modified_time\" content=\"2026-02-11T11:12:49+00:00\" \/>\n<meta property=\"og:image\" content=\"https:\/\/www.bluesquarehub.com\/wp-content\/uploads\/2025\/10\/Unified-map.png\" \/>\n\t<meta property=\"og:image:width\" content=\"1743\" \/>\n\t<meta property=\"og:image:height\" content=\"773\" \/>\n\t<meta property=\"og:image:type\" content=\"image\/png\" \/>\n<meta name=\"twitter:card\" content=\"summary_large_image\" \/>\n<meta name=\"twitter:site\" content=\"@blsqhub\" \/>\n<meta name=\"twitter:label1\" content=\"Dur\u00e9e de lecture estim\u00e9e\" \/>\n\t<meta name=\"twitter:data1\" content=\"2 minutes\" \/>\n<script type=\"application\/ld+json\" class=\"yoast-schema-graph\">{\"@context\":\"https:\/\/schema.org\",\"@graph\":[{\"@type\":\"WebPage\",\"@id\":\"https:\/\/www.bluesquarehub.com\/fr\/services\/gestion-des-donnees\/integration-de-donnees\/\",\"url\":\"https:\/\/www.bluesquarehub.com\/fr\/services\/gestion-des-donnees\/integration-de-donnees\/\",\"name\":\"Int\u00e9gration de donn\u00e9es - Bluesquare\",\"isPartOf\":{\"@id\":\"https:\/\/www.bluesquarehub.com\/fr\/#website\"},\"primaryImageOfPage\":{\"@id\":\"https:\/\/www.bluesquarehub.com\/fr\/services\/gestion-des-donnees\/integration-de-donnees\/#primaryimage\"},\"image\":{\"@id\":\"https:\/\/www.bluesquarehub.com\/fr\/services\/gestion-des-donnees\/integration-de-donnees\/#primaryimage\"},\"thumbnailUrl\":\"https:\/\/www.bluesquarehub.com\/wp-content\/uploads\/2025\/10\/Unified-map.png\",\"datePublished\":\"2025-09-02T09:03:27+00:00\",\"dateModified\":\"2026-02-11T11:12:49+00:00\",\"description\":\"Bluesquare d\u00e9veloppe et met en \u0153uvre des solutions qui garantissent une int\u00e9gration transparente entre diff\u00e9rents syst\u00e8mes et sources de donn\u00e9es.\",\"breadcrumb\":{\"@id\":\"https:\/\/www.bluesquarehub.com\/fr\/services\/gestion-des-donnees\/integration-de-donnees\/#breadcrumb\"},\"inLanguage\":\"fr-FR\",\"potentialAction\":[{\"@type\":\"ReadAction\",\"target\":[\"https:\/\/www.bluesquarehub.com\/fr\/services\/gestion-des-donnees\/integration-de-donnees\/\"]}]},{\"@type\":\"ImageObject\",\"inLanguage\":\"fr-FR\",\"@id\":\"https:\/\/www.bluesquarehub.com\/fr\/services\/gestion-des-donnees\/integration-de-donnees\/#primaryimage\",\"url\":\"https:\/\/www.bluesquarehub.com\/wp-content\/uploads\/2025\/10\/Unified-map.png\",\"contentUrl\":\"https:\/\/www.bluesquarehub.com\/wp-content\/uploads\/2025\/10\/Unified-map.png\",\"width\":1743,\"height\":773},{\"@type\":\"BreadcrumbList\",\"@id\":\"https:\/\/www.bluesquarehub.com\/fr\/services\/gestion-des-donnees\/integration-de-donnees\/#breadcrumb\",\"itemListElement\":[{\"@type\":\"ListItem\",\"position\":1,\"name\":\"Home\",\"item\":\"https:\/\/www.bluesquarehub.com\/fr\/\"},{\"@type\":\"ListItem\",\"position\":2,\"name\":\"Services\",\"item\":\"https:\/\/www.bluesquarehub.com\/fr\/services\/\"},{\"@type\":\"ListItem\",\"position\":3,\"name\":\"Gestion des donn\u00e9es\",\"item\":\"https:\/\/www.bluesquarehub.com\/fr\/services\/gestion-des-donnees\/\"},{\"@type\":\"ListItem\",\"position\":4,\"name\":\"Int\u00e9gration de donn\u00e9es\"}]},{\"@type\":\"WebSite\",\"@id\":\"https:\/\/www.bluesquarehub.com\/fr\/#website\",\"url\":\"https:\/\/www.bluesquarehub.com\/fr\/\",\"name\":\"Bluesquare\",\"description\":\"\",\"publisher\":{\"@id\":\"https:\/\/www.bluesquarehub.com\/fr\/#organization\"},\"potentialAction\":[{\"@type\":\"SearchAction\",\"target\":{\"@type\":\"EntryPoint\",\"urlTemplate\":\"https:\/\/www.bluesquarehub.com\/fr\/?s={search_term_string}\"},\"query-input\":{\"@type\":\"PropertyValueSpecification\",\"valueRequired\":true,\"valueName\":\"search_term_string\"}}],\"inLanguage\":\"fr-FR\"},{\"@type\":\"Organization\",\"@id\":\"https:\/\/www.bluesquarehub.com\/fr\/#organization\",\"name\":\"Bluesquare\",\"url\":\"https:\/\/www.bluesquarehub.com\/fr\/\",\"logo\":{\"@type\":\"ImageObject\",\"inLanguage\":\"fr-FR\",\"@id\":\"https:\/\/www.bluesquarehub.com\/fr\/#\/schema\/logo\/image\/\",\"url\":\"https:\/\/www.bluesquarehub.com\/wp-content\/uploads\/2025\/10\/Logo-Banner.png\",\"contentUrl\":\"https:\/\/www.bluesquarehub.com\/wp-content\/uploads\/2025\/10\/Logo-Banner.png\",\"width\":2400,\"height\":1260,\"caption\":\"Bluesquare\"},\"image\":{\"@id\":\"https:\/\/www.bluesquarehub.com\/fr\/#\/schema\/logo\/image\/\"},\"sameAs\":[\"https:\/\/x.com\/blsqhub\",\"https:\/\/www.linkedin.com\/company\/bluesquarehub\",\"https:\/\/www.youtube.com\/channel\/UC33QxHTlZzQyXUJnXtWeyBw\/\"]}]}<\/script>\n<!-- \/ Yoast SEO plugin. -->","yoast_head_json":{"title":"Int\u00e9gration de donn\u00e9es - Bluesquare","description":"Bluesquare d\u00e9veloppe et met en \u0153uvre des solutions qui garantissent une int\u00e9gration transparente entre diff\u00e9rents syst\u00e8mes et sources de donn\u00e9es.","robots":{"index":"index","follow":"follow","max-snippet":"max-snippet:-1","max-image-preview":"max-image-preview:large","max-video-preview":"max-video-preview:-1"},"canonical":"https:\/\/www.bluesquarehub.com\/fr\/services\/gestion-des-donnees\/integration-de-donnees\/","og_locale":"fr_FR","og_type":"article","og_title":"Int\u00e9gration de donn\u00e9es - Bluesquare","og_description":"Bluesquare d\u00e9veloppe et met en \u0153uvre des solutions qui garantissent une int\u00e9gration transparente entre diff\u00e9rents syst\u00e8mes et sources de donn\u00e9es.","og_url":"https:\/\/www.bluesquarehub.com\/fr\/services\/gestion-des-donnees\/integration-de-donnees\/","og_site_name":"Bluesquare","article_modified_time":"2026-02-11T11:12:49+00:00","og_image":[{"width":1743,"height":773,"url":"https:\/\/www.bluesquarehub.com\/wp-content\/uploads\/2025\/10\/Unified-map.png","type":"image\/png"}],"twitter_card":"summary_large_image","twitter_site":"@blsqhub","twitter_misc":{"Dur\u00e9e de lecture estim\u00e9e":"2 minutes"},"schema":{"@context":"https:\/\/schema.org","@graph":[{"@type":"WebPage","@id":"https:\/\/www.bluesquarehub.com\/fr\/services\/gestion-des-donnees\/integration-de-donnees\/","url":"https:\/\/www.bluesquarehub.com\/fr\/services\/gestion-des-donnees\/integration-de-donnees\/","name":"Int\u00e9gration de donn\u00e9es - Bluesquare","isPartOf":{"@id":"https:\/\/www.bluesquarehub.com\/fr\/#website"},"primaryImageOfPage":{"@id":"https:\/\/www.bluesquarehub.com\/fr\/services\/gestion-des-donnees\/integration-de-donnees\/#primaryimage"},"image":{"@id":"https:\/\/www.bluesquarehub.com\/fr\/services\/gestion-des-donnees\/integration-de-donnees\/#primaryimage"},"thumbnailUrl":"https:\/\/www.bluesquarehub.com\/wp-content\/uploads\/2025\/10\/Unified-map.png","datePublished":"2025-09-02T09:03:27+00:00","dateModified":"2026-02-11T11:12:49+00:00","description":"Bluesquare d\u00e9veloppe et met en \u0153uvre des solutions qui garantissent une int\u00e9gration transparente entre diff\u00e9rents syst\u00e8mes et sources de donn\u00e9es.","breadcrumb":{"@id":"https:\/\/www.bluesquarehub.com\/fr\/services\/gestion-des-donnees\/integration-de-donnees\/#breadcrumb"},"inLanguage":"fr-FR","potentialAction":[{"@type":"ReadAction","target":["https:\/\/www.bluesquarehub.com\/fr\/services\/gestion-des-donnees\/integration-de-donnees\/"]}]},{"@type":"ImageObject","inLanguage":"fr-FR","@id":"https:\/\/www.bluesquarehub.com\/fr\/services\/gestion-des-donnees\/integration-de-donnees\/#primaryimage","url":"https:\/\/www.bluesquarehub.com\/wp-content\/uploads\/2025\/10\/Unified-map.png","contentUrl":"https:\/\/www.bluesquarehub.com\/wp-content\/uploads\/2025\/10\/Unified-map.png","width":1743,"height":773},{"@type":"BreadcrumbList","@id":"https:\/\/www.bluesquarehub.com\/fr\/services\/gestion-des-donnees\/integration-de-donnees\/#breadcrumb","itemListElement":[{"@type":"ListItem","position":1,"name":"Home","item":"https:\/\/www.bluesquarehub.com\/fr\/"},{"@type":"ListItem","position":2,"name":"Services","item":"https:\/\/www.bluesquarehub.com\/fr\/services\/"},{"@type":"ListItem","position":3,"name":"Gestion des donn\u00e9es","item":"https:\/\/www.bluesquarehub.com\/fr\/services\/gestion-des-donnees\/"},{"@type":"ListItem","position":4,"name":"Int\u00e9gration de donn\u00e9es"}]},{"@type":"WebSite","@id":"https:\/\/www.bluesquarehub.com\/fr\/#website","url":"https:\/\/www.bluesquarehub.com\/fr\/","name":"Bluesquare","description":"","publisher":{"@id":"https:\/\/www.bluesquarehub.com\/fr\/#organization"},"potentialAction":[{"@type":"SearchAction","target":{"@type":"EntryPoint","urlTemplate":"https:\/\/www.bluesquarehub.com\/fr\/?s={search_term_string}"},"query-input":{"@type":"PropertyValueSpecification","valueRequired":true,"valueName":"search_term_string"}}],"inLanguage":"fr-FR"},{"@type":"Organization","@id":"https:\/\/www.bluesquarehub.com\/fr\/#organization","name":"Bluesquare","url":"https:\/\/www.bluesquarehub.com\/fr\/","logo":{"@type":"ImageObject","inLanguage":"fr-FR","@id":"https:\/\/www.bluesquarehub.com\/fr\/#\/schema\/logo\/image\/","url":"https:\/\/www.bluesquarehub.com\/wp-content\/uploads\/2025\/10\/Logo-Banner.png","contentUrl":"https:\/\/www.bluesquarehub.com\/wp-content\/uploads\/2025\/10\/Logo-Banner.png","width":2400,"height":1260,"caption":"Bluesquare"},"image":{"@id":"https:\/\/www.bluesquarehub.com\/fr\/#\/schema\/logo\/image\/"},"sameAs":["https:\/\/x.com\/blsqhub","https:\/\/www.linkedin.com\/company\/bluesquarehub","https:\/\/www.youtube.com\/channel\/UC33QxHTlZzQyXUJnXtWeyBw\/"]}]}},"_links":{"self":[{"href":"https:\/\/www.bluesquarehub.com\/fr\/wp-json\/wp\/v2\/pages\/14087","targetHints":{"allow":["GET"]}}],"collection":[{"href":"https:\/\/www.bluesquarehub.com\/fr\/wp-json\/wp\/v2\/pages"}],"about":[{"href":"https:\/\/www.bluesquarehub.com\/fr\/wp-json\/wp\/v2\/types\/page"}],"author":[{"embeddable":true,"href":"https:\/\/www.bluesquarehub.com\/fr\/wp-json\/wp\/v2\/users\/4"}],"replies":[{"embeddable":true,"href":"https:\/\/www.bluesquarehub.com\/fr\/wp-json\/wp\/v2\/comments?post=14087"}],"version-history":[{"count":4,"href":"https:\/\/www.bluesquarehub.com\/fr\/wp-json\/wp\/v2\/pages\/14087\/revisions"}],"predecessor-version":[{"id":16070,"href":"https:\/\/www.bluesquarehub.com\/fr\/wp-json\/wp\/v2\/pages\/14087\/revisions\/16070"}],"up":[{"embeddable":true,"href":"https:\/\/www.bluesquarehub.com\/fr\/wp-json\/wp\/v2\/pages\/14074"}],"wp:featuredmedia":[{"embeddable":true,"href":"https:\/\/www.bluesquarehub.com\/fr\/wp-json\/wp\/v2\/media\/14088"}],"wp:attachment":[{"href":"https:\/\/www.bluesquarehub.com\/fr\/wp-json\/wp\/v2\/media?parent=14087"}],"curies":[{"name":"wp","href":"https:\/\/api.w.org\/{rel}","templated":true}]}}