{"id":14094,"date":"2025-09-01T10:11:04","date_gmt":"2025-09-01T09:11:04","guid":{"rendered":"https:\/\/www.bluesquarehub.com\/services\/gestion-des-donnees\/modelisation-de-donnees-et-ia\/"},"modified":"2025-10-28T12:49:35","modified_gmt":"2025-10-28T11:49:35","slug":"modelisation-de-donnees-et-ia","status":"publish","type":"page","link":"https:\/\/www.bluesquarehub.com\/fr\/services\/gestion-des-donnees\/modelisation-de-donnees-et-ia\/","title":{"rendered":"Mod\u00e9lisation de donn\u00e9es et IA"},"content":{"rendered":"    <div class=\"hero-section  py-60 md:py-[160px] text-center bg-cover bg-center  bg-dark text-white  [&#038;_.sub-title-home]:opacity-80 [&#038;_.sub-title-home]:text-[32px] md:[&#038;_.sub-title-home]:text-[20px]\"\n         style=\"background-image: url('https:\/\/www.bluesquarehub.com\/wp-content\/uploads\/2025\/07\/Hero-Section-1.jpg')\">\n        <div class=\"container \">\n            \n<h5 class=\" wp-block-heading eplus-wrapper eplus-styles-uid-677210\">Service<\/h5>\n\n\n<h1 class=\" wp-block-heading has-text-align-center eplus-wrapper\">Mod\u00e9lisation des donn\u00e9es et IA<\/h1>\n\n\n\n<p class=\"body-24 has-text-align-center eplus-wrapper\">Renforcer la qualit\u00e9 des donn\u00e9es et r\u00e9v\u00e9ler des informations qui conduisent \u00e0 des d\u00e9cisions plus intelligentes<\/p>\n\n\n        <\/div>\n    <\/div>\n        <div class=\"wrapper-container-block overflow-hidden py-[90px] md:!py-[64px] bg-color-gray \"\n         id=\"block_f797c06d0af89d0e3e2049c844ff0221\"\n         style=\"  \">\n        <div class=\"container\">\n            \n<h5 class=\" wp-block-heading has-text-align-center eplus-wrapper eplus-styles-uid-677210\">Ce que nous faisons<\/h5>\n\n<p class=\" has-text-align-center eplus-wrapper eplus-styles-uid-a62243\">Nous appliquons des techniques avanc\u00e9es de mod\u00e9lisation de donn\u00e9es et d&rsquo;analyse bas\u00e9e sur l&rsquo;IA pour d\u00e9couvrir des mod\u00e8les, pr\u00e9dire des tendances et g\u00e9n\u00e9rer des informations exploitables.<\/p>\n\n        <\/div>\n    <\/div>\n        <div class=\"wrapper-container-block overflow-hidden py-[90px] md:!py-[64px] bg-color-white \"\n         id=\"block_1f8add243291be9655a7a33751be78d9\"\n         style=\"  \">\n        <div class=\"container\">\n            \n<h5 class=\" wp-block-heading has-text-align-center eplus-wrapper eplus-styles-uid-677210\">M\u00e9thodologie<\/h5>\n\n\n<h2 class=\" wp-block-heading has-text-align-center eplus-wrapper\">La mod\u00e9lisation est essentielle pour transformer les donn\u00e9es brutes de sant\u00e9 en impact concret. <\/h2>\n\n\n<p class=\" has-text-align-center eplus-wrapper eplus-styles-uid-a62243\">Elle permet non seulement d&rsquo;identifier et de corriger les probl\u00e8mes de qualit\u00e9 des donn\u00e9es, mais aussi de transformer des ensembles de donn\u00e9es complexes en informations exploitables\u2014pr\u00e9voyant les tendances, estimant les charges cach\u00e9es et soutenant des d\u00e9cisions rapides fond\u00e9es sur des preuves. En bref, de bonnes donn\u00e9es permettent la mod\u00e9lisation, et une bonne mod\u00e9lisation rend les donn\u00e9es significatives. Pour r\u00e9pondre aux besoins de nos clients en mati\u00e8re de prise de d\u00e9cision \u00e9clair\u00e9e, Bluesquare a \u00e9labor\u00e9 une m\u00e9thodologie en 5 \u00e9tapes pour l&rsquo;analyse des donn\u00e9es de sant\u00e9.  <\/p>\n\n        <\/div>\n    <\/div>\n        <div class=\"wrapper-container-block overflow-hidden py-[90px] md:!py-[64px] bg-color-white \"\n         id=\"block_a034eb2d622490fdd1819c62f926ee63\"\n         style=\" padding-top: 60px; padding-bottom: 60px; \">\n        <div class=\"container\">\n            \n    <div style=\"--color: #7990FF\" class=\"number-text-image-block flex w-full justify-between  gap-8  md:!flex-col\">\n        <div class=\"w-full flex flex-col justify-center max-w-[500px]  md:max-w-none\">\n                        <div class=\"relative max-w-[36px] leading-none\">\n                <span class=\"absolute left-1\/2 top-1\/2 -translate-x-1\/2\n                -translate-y-1\/2 font-extrabold text-[20px] text-white\">\n                    1                <\/span>\n                <svg xmlns=\"http:\/\/www.w3.org\/2000\/svg\" width=\"36\" height=\"38\" viewBox=\"0 0 36 38\" fill=\"none\">\n                    <path d=\"M14 1.3094C16.4752 -0.119662 19.5248 -0.119662 22 1.3094L31.3205 6.6906C33.7957 8.11966 35.3205 10.7607 35.3205 13.6188V24.3812C35.3205 27.2393 33.7957 29.8803 31.3205 31.3094L22 36.6906C19.5248 38.1197 16.4752 38.1197 14 36.6906L4.67949 31.3094C2.20428 29.8803 0.679491 27.2393 0.679491 24.3812V13.6188C0.679491 10.7607 2.20428 8.11966 4.67949 6.6906L14 1.3094Z\"\n                          fill=\"#7990FF\"\/>\n                <\/svg>\n            <\/div>\n                        \n\n<h3 class=\" wp-block-heading eplus-wrapper\">Poser les bonnes questions de mod\u00e9lisation<\/h3>\n\n\n\n<p class=\" eplus-wrapper\">Clarifier les besoins d\u00e9cisionnels et les traduire en questions de mod\u00e9lisation cibl\u00e9es et exploitables, align\u00e9es sur les priorit\u00e9s de sant\u00e9 publique.<\/p>\n\n\n        <\/div>\n                    <div class=\"w-full max-w-[500px] min-h-[400px] relative rounded-[24px] overflow-hidden md:max-w-none\">\n                <img decoding=\"async\" class=\"absolute inset-0 w-full object-cover h-full rounded-[24px]\" src=\"https:\/\/www.bluesquarehub.com\/wp-content\/uploads\/2025\/10\/Public-health-scaled.jpg\">\n            <\/div>\n            <\/div>\n    \n\n        <\/div>\n    <\/div>\n        <div class=\"wrapper-container-block overflow-hidden py-[90px] md:!py-[64px] bg-color-white \"\n         id=\"block_a034eb2d622490fdd1819c62f926ee63\"\n         style=\" padding-top: 60px; padding-bottom: 60px; \">\n        <div class=\"container\">\n            \n    <div style=\"--color: #7990FF\" class=\"number-text-image-block flex w-full justify-between  gap-8 flex-row-reverse md:!flex-col\">\n        <div class=\"w-full flex flex-col justify-center max-w-[500px]  md:max-w-none\">\n                        <div class=\"relative max-w-[36px] leading-none\">\n                <span class=\"absolute left-1\/2 top-1\/2 -translate-x-1\/2\n                -translate-y-1\/2 font-extrabold text-[20px] text-white\">\n                    2                <\/span>\n                <svg xmlns=\"http:\/\/www.w3.org\/2000\/svg\" width=\"36\" height=\"38\" viewBox=\"0 0 36 38\" fill=\"none\">\n                    <path d=\"M14 1.3094C16.4752 -0.119662 19.5248 -0.119662 22 1.3094L31.3205 6.6906C33.7957 8.11966 35.3205 10.7607 35.3205 13.6188V24.3812C35.3205 27.2393 33.7957 29.8803 31.3205 31.3094L22 36.6906C19.5248 38.1197 16.4752 38.1197 14 36.6906L4.67949 31.3094C2.20428 29.8803 0.679491 27.2393 0.679491 24.3812V13.6188C0.679491 10.7607 2.20428 8.11966 4.67949 6.6906L14 1.3094Z\"\n                          fill=\"#7990FF\"\/>\n                <\/svg>\n            <\/div>\n                        \n\n<h3 class=\" wp-block-heading eplus-wrapper\">Adapter les m\u00e9thodes \u00e0 vos donn\u00e9es<\/h3>\n\n\n\n<p class=\" eplus-wrapper\">\u00c9valuer et adapter les strat\u00e9gies de mod\u00e9lisation pour travailler avec des donn\u00e9es du monde r\u00e9el\u2014imparfaites, incompl\u00e8tes ou structur\u00e9es de mani\u00e8re irr\u00e9guli\u00e8re.<\/p>\n\n\n        <\/div>\n                    <div class=\"w-full max-w-[500px] min-h-[400px] relative rounded-[24px] overflow-hidden md:max-w-none\">\n                <img decoding=\"async\" class=\"absolute inset-0 w-full object-cover h-full rounded-[24px]\" src=\"https:\/\/www.bluesquarehub.com\/wp-content\/uploads\/2025\/10\/Country-data.png\">\n            <\/div>\n            <\/div>\n    \n\n        <\/div>\n    <\/div>\n        <div class=\"wrapper-container-block overflow-hidden py-[90px] md:!py-[64px] bg-color-white \"\n         id=\"block_a034eb2d622490fdd1819c62f926ee63\"\n         style=\" padding-top: 60px; padding-bottom: 60px; \">\n        <div class=\"container\">\n            \n    <div style=\"--color: #7990FF\" class=\"number-text-image-block flex w-full justify-between  gap-8  md:!flex-col\">\n        <div class=\"w-full flex flex-col justify-center max-w-[500px]  md:max-w-none\">\n                        <div class=\"relative max-w-[36px] leading-none\">\n                <span class=\"absolute left-1\/2 top-1\/2 -translate-x-1\/2\n                -translate-y-1\/2 font-extrabold text-[20px] text-white\">\n                    3                <\/span>\n                <svg xmlns=\"http:\/\/www.w3.org\/2000\/svg\" width=\"36\" height=\"38\" viewBox=\"0 0 36 38\" fill=\"none\">\n                    <path d=\"M14 1.3094C16.4752 -0.119662 19.5248 -0.119662 22 1.3094L31.3205 6.6906C33.7957 8.11966 35.3205 10.7607 35.3205 13.6188V24.3812C35.3205 27.2393 33.7957 29.8803 31.3205 31.3094L22 36.6906C19.5248 38.1197 16.4752 38.1197 14 36.6906L4.67949 31.3094C2.20428 29.8803 0.679491 27.2393 0.679491 24.3812V13.6188C0.679491 10.7607 2.20428 8.11966 4.67949 6.6906L14 1.3094Z\"\n                          fill=\"#7990FF\"\/>\n                <\/svg>\n            <\/div>\n                        \n\n<h3 class=\" wp-block-heading eplus-wrapper\">Faire appel \u00e0 une expertise de mod\u00e9lisation de classe mondiale<\/h3>\n\n\n\n<p class=\" eplus-wrapper\">Mobiliser des experts de premier plan pour co-d\u00e9velopper des mod\u00e8les sp\u00e9cifiques au contexte et aider \u00e0 les int\u00e9grer dans les syst\u00e8mes de sant\u00e9 nationaux.<\/p>\n\n\n        <\/div>\n                    <div class=\"w-full max-w-[500px] min-h-[400px] relative rounded-[24px] overflow-hidden md:max-w-none\">\n                <img decoding=\"async\" class=\"absolute inset-0 w-full object-cover h-full rounded-[24px]\" src=\"https:\/\/www.bluesquarehub.com\/wp-content\/uploads\/2025\/10\/screenshot-IASO-population-data-e1760612649669.png\">\n            <\/div>\n            <\/div>\n    \n\n        <\/div>\n    <\/div>\n        <div class=\"wrapper-container-block overflow-hidden py-[90px] md:!py-[64px] bg-color-white \"\n         id=\"block_a034eb2d622490fdd1819c62f926ee63\"\n         style=\" padding-top: 60px; padding-bottom: 60px; \">\n        <div class=\"container\">\n            \n    <div style=\"--color: #7990FF\" class=\"number-text-image-block flex w-full justify-between  gap-8 flex-row-reverse md:!flex-col\">\n        <div class=\"w-full flex flex-col justify-center max-w-[500px]  md:max-w-none\">\n                        <div class=\"relative max-w-[36px] leading-none\">\n                <span class=\"absolute left-1\/2 top-1\/2 -translate-x-1\/2\n                -translate-y-1\/2 font-extrabold text-[20px] text-white\">\n                    4                <\/span>\n                <svg xmlns=\"http:\/\/www.w3.org\/2000\/svg\" width=\"36\" height=\"38\" viewBox=\"0 0 36 38\" fill=\"none\">\n                    <path d=\"M14 1.3094C16.4752 -0.119662 19.5248 -0.119662 22 1.3094L31.3205 6.6906C33.7957 8.11966 35.3205 10.7607 35.3205 13.6188V24.3812C35.3205 27.2393 33.7957 29.8803 31.3205 31.3094L22 36.6906C19.5248 38.1197 16.4752 38.1197 14 36.6906L4.67949 31.3094C2.20428 29.8803 0.679491 27.2393 0.679491 24.3812V13.6188C0.679491 10.7607 2.20428 8.11966 4.67949 6.6906L14 1.3094Z\"\n                          fill=\"#7990FF\"\/>\n                <\/svg>\n            <\/div>\n                        \n\n<h3 class=\" wp-block-heading eplus-wrapper\"><strong>Automatiser les processus<\/strong><\/h3>\n\n\n\n<p class=\" eplus-wrapper\">Cr\u00e9er des scripts et des flux de travail pour rationaliser la pr\u00e9paration des donn\u00e9es, ex\u00e9cuter les mod\u00e8les r\u00e9guli\u00e8rement et maintenir les r\u00e9sultats \u00e0 jour avec un minimum d&rsquo;effort.<\/p>\n\n\n        <\/div>\n                    <div class=\"w-full max-w-[500px] min-h-[400px] relative rounded-[24px] overflow-hidden md:max-w-none\">\n                <img decoding=\"async\" class=\"absolute inset-0 w-full object-cover h-full rounded-[24px]\" src=\"https:\/\/www.bluesquarehub.com\/wp-content\/uploads\/2025\/10\/OpenHEXA.png\">\n            <\/div>\n            <\/div>\n    \n\n        <\/div>\n    <\/div>\n        <div class=\"wrapper-container-block overflow-hidden py-[90px] md:!py-[64px] bg-color-white \"\n         id=\"block_a034eb2d622490fdd1819c62f926ee63\"\n         style=\" padding-top: 60px; padding-bottom: 60px; \">\n        <div class=\"container\">\n            \n    <div style=\"--color: #7990FF\" class=\"number-text-image-block flex w-full justify-between  gap-8  md:!flex-col\">\n        <div class=\"w-full flex flex-col justify-center max-w-[500px]  md:max-w-none\">\n                        <div class=\"relative max-w-[36px] leading-none\">\n                <span class=\"absolute left-1\/2 top-1\/2 -translate-x-1\/2\n                -translate-y-1\/2 font-extrabold text-[20px] text-white\">\n                    5                <\/span>\n                <svg xmlns=\"http:\/\/www.w3.org\/2000\/svg\" width=\"36\" height=\"38\" viewBox=\"0 0 36 38\" fill=\"none\">\n                    <path d=\"M14 1.3094C16.4752 -0.119662 19.5248 -0.119662 22 1.3094L31.3205 6.6906C33.7957 8.11966 35.3205 10.7607 35.3205 13.6188V24.3812C35.3205 27.2393 33.7957 29.8803 31.3205 31.3094L22 36.6906C19.5248 38.1197 16.4752 38.1197 14 36.6906L4.67949 31.3094C2.20428 29.8803 0.679491 27.2393 0.679491 24.3812V13.6188C0.679491 10.7607 2.20428 8.11966 4.67949 6.6906L14 1.3094Z\"\n                          fill=\"#7990FF\"\/>\n                <\/svg>\n            <\/div>\n                        \n\n<h3 class=\" wp-block-heading eplus-wrapper\"><strong>Transformer les mod\u00e8les en outils d&rsquo;action<\/strong><\/h3>\n\n\n\n<p class=\" eplus-wrapper\">Concevoir des tableaux de bord interactifs et des produits visuels qui rendent les r\u00e9sultats complexes des mod\u00e8les intuitifs, navigables et utilisables pour les d\u00e9cideurs.<\/p>\n\n\n        <\/div>\n                    <div class=\"w-full max-w-[500px] min-h-[400px] relative rounded-[24px] overflow-hidden md:max-w-none\">\n                <img decoding=\"async\" class=\"absolute inset-0 w-full object-cover h-full rounded-[24px]\" src=\"https:\/\/www.bluesquarehub.com\/wp-content\/uploads\/2025\/10\/Data-stat-e1760612762400.png\">\n            <\/div>\n            <\/div>\n    \n\n        <\/div>\n    <\/div>\n        <div class=\"wrapper-container-block overflow-hidden py-[90px] md:!py-[64px] bg-color-white \"\n         id=\"block_a034eb2d622490fdd1819c62f926ee63\"\n         style=\" padding-top: 60px; padding-bottom: 60px; \">\n        <div class=\"container\">\n            \n<div class=\"gradient-section wp-block-group has-background eplus-wrapper eplus-styles-uid-aa584b\" style=\"background:linear-gradient(90deg,rgb(25,32,65) 2%,rgb(102,0,0) 100%)\"><div class=\"wp-block-group__inner-container is-layout-constrained wp-block-group-is-layout-constrained\">\n<h2 class=\"wp-block-heading has-text-align-center has-white-color has-text-color has-link-color eplus-wrapper wp-elements-07a4639b7aedc6b42a1ab754d1a9f2d5\">Pr\u00eat \u00e0 lib\u00e9rer le potentiel de vos donn\u00e9es ?<\/h2>\n\n\n\n<div class=\"wp-block-buttons eplus-wrapper is-content-justification-center is-layout-flex wp-container-core-buttons-is-layout-16018d1d wp-block-buttons-is-layout-flex\"><div class=\" wp-block-button eplus-wrapper eplus-styles-uid-287785\"><a class=\"wp-block-button__link has-background wp-element-button\" href=\"https:\/\/www.bluesquarehub.com\/fr\/produits\/abonnements-aux-services\/service-packs\/\" style=\"background-color:#4361ee\" target=\"_blank\" rel=\"noreferrer noopener\">D\u00e9couvrez nos packs de services<\/a><\/div><\/div>\n<\/div><\/div>\n\n        <\/div>\n    <\/div>\n        <div class=\"wrapper-container-block overflow-hidden py-[90px] md:!py-[64px] bg-color-gray \"\n         id=\"block_f797c06d0af89d0e3e2049c844ff0221\"\n         style=\"  \">\n        <div class=\"container\">\n            \n<h5 class=\" wp-block-heading has-text-align-center eplus-wrapper eplus-styles-uid-677210\">Pourquoi Bluesquare<\/h5>\n\n<h2 class=\" wp-block-heading has-text-align-center eplus-wrapper eplus-styles-uid-4a74ad\">Transformer les donn\u00e9es en informations exploitables<\/h2>\n\n<p class=\"body-20 has-text-align-center eplus-wrapper eplus-styles-uid-4a74ad\">Chez Bluesquare, nous pr\u00e9sentons une combinaison unique d&rsquo;expertise technique, d&rsquo;outils innovants et d&rsquo;approche centr\u00e9e sur le client pour le secteur de la sant\u00e9 mondiale.<br><br>Nous d\u00e9veloppons des solutions logicielles open source, fournissant aux organisations des outils reconnus mondialement pour leur impact et leur adaptabilit\u00e9.<br><br>En plus de son engagement envers une r\u00e9ponse et un support client rapides, Bluesquare offre des solutions fiables, innovantes et impactantes pour favoriser la prise de d\u00e9cision et am\u00e9liorer les r\u00e9sultats de sant\u00e9.<\/p>\n\n        <\/div>\n    <\/div>\n    ","protected":false},"excerpt":{"rendered":"","protected":false},"author":4,"featured_media":0,"parent":14074,"menu_order":0,"comment_status":"closed","ping_status":"closed","template":"","meta":{"_acf_changed":false,"content-type":"","editor_plus_copied_stylings":"{}","footnotes":""},"class_list":["post-14094","page","type-page","status-publish","hentry"],"acf":[],"yoast_head":"<!-- This site is optimized with the Yoast SEO plugin v27.1.1 - https:\/\/yoast.com\/product\/yoast-seo-wordpress\/ -->\n<title>Mod\u00e9lisation de donn\u00e9es et IA - Bluesquare<\/title>\n<meta name=\"description\" content=\"Bluesquare applique des techniques avanc\u00e9es de mod\u00e9lisation des donn\u00e9es et d&#039;analyse bas\u00e9e sur l&#039;IA pour d\u00e9couvrir des tendances et g\u00e9n\u00e9rer des informations exploitables.\" \/>\n<meta name=\"robots\" content=\"index, follow, max-snippet:-1, max-image-preview:large, max-video-preview:-1\" \/>\n<link rel=\"canonical\" href=\"https:\/\/www.bluesquarehub.com\/fr\/services\/gestion-des-donnees\/modelisation-de-donnees-et-ia\/\" \/>\n<meta property=\"og:locale\" content=\"fr_FR\" \/>\n<meta property=\"og:type\" content=\"article\" \/>\n<meta property=\"og:title\" content=\"Mod\u00e9lisation de donn\u00e9es et IA - Bluesquare\" \/>\n<meta property=\"og:description\" content=\"Bluesquare applique des techniques avanc\u00e9es de mod\u00e9lisation des donn\u00e9es et d&#039;analyse bas\u00e9e sur l&#039;IA pour d\u00e9couvrir des tendances et g\u00e9n\u00e9rer des informations exploitables.\" \/>\n<meta property=\"og:url\" content=\"https:\/\/www.bluesquarehub.com\/fr\/services\/gestion-des-donnees\/modelisation-de-donnees-et-ia\/\" \/>\n<meta property=\"og:site_name\" content=\"Bluesquare\" \/>\n<meta property=\"article:modified_time\" content=\"2025-10-28T11:49:35+00:00\" \/>\n<meta name=\"twitter:card\" content=\"summary_large_image\" \/>\n<meta name=\"twitter:site\" content=\"@blsqhub\" \/>\n<meta name=\"twitter:label1\" content=\"Dur\u00e9e de lecture estim\u00e9e\" \/>\n\t<meta name=\"twitter:data1\" content=\"2 minutes\" \/>\n<script type=\"application\/ld+json\" class=\"yoast-schema-graph\">{\"@context\":\"https:\/\/schema.org\",\"@graph\":[{\"@type\":\"WebPage\",\"@id\":\"https:\/\/www.bluesquarehub.com\/fr\/services\/gestion-des-donnees\/modelisation-de-donnees-et-ia\/\",\"url\":\"https:\/\/www.bluesquarehub.com\/fr\/services\/gestion-des-donnees\/modelisation-de-donnees-et-ia\/\",\"name\":\"Mod\u00e9lisation de donn\u00e9es et IA - Bluesquare\",\"isPartOf\":{\"@id\":\"https:\/\/www.bluesquarehub.com\/fr\/#website\"},\"datePublished\":\"2025-09-01T09:11:04+00:00\",\"dateModified\":\"2025-10-28T11:49:35+00:00\",\"description\":\"Bluesquare applique des techniques avanc\u00e9es de mod\u00e9lisation des donn\u00e9es et d'analyse bas\u00e9e sur l'IA pour d\u00e9couvrir des tendances et g\u00e9n\u00e9rer des informations exploitables.\",\"breadcrumb\":{\"@id\":\"https:\/\/www.bluesquarehub.com\/fr\/services\/gestion-des-donnees\/modelisation-de-donnees-et-ia\/#breadcrumb\"},\"inLanguage\":\"fr-FR\",\"potentialAction\":[{\"@type\":\"ReadAction\",\"target\":[\"https:\/\/www.bluesquarehub.com\/fr\/services\/gestion-des-donnees\/modelisation-de-donnees-et-ia\/\"]}]},{\"@type\":\"BreadcrumbList\",\"@id\":\"https:\/\/www.bluesquarehub.com\/fr\/services\/gestion-des-donnees\/modelisation-de-donnees-et-ia\/#breadcrumb\",\"itemListElement\":[{\"@type\":\"ListItem\",\"position\":1,\"name\":\"Home\",\"item\":\"https:\/\/www.bluesquarehub.com\/fr\/\"},{\"@type\":\"ListItem\",\"position\":2,\"name\":\"Services\",\"item\":\"https:\/\/www.bluesquarehub.com\/fr\/services\/\"},{\"@type\":\"ListItem\",\"position\":3,\"name\":\"Gestion des donn\u00e9es\",\"item\":\"https:\/\/www.bluesquarehub.com\/fr\/services\/gestion-des-donnees\/\"},{\"@type\":\"ListItem\",\"position\":4,\"name\":\"Mod\u00e9lisation de donn\u00e9es et IA\"}]},{\"@type\":\"WebSite\",\"@id\":\"https:\/\/www.bluesquarehub.com\/fr\/#website\",\"url\":\"https:\/\/www.bluesquarehub.com\/fr\/\",\"name\":\"Bluesquare\",\"description\":\"\",\"publisher\":{\"@id\":\"https:\/\/www.bluesquarehub.com\/fr\/#organization\"},\"potentialAction\":[{\"@type\":\"SearchAction\",\"target\":{\"@type\":\"EntryPoint\",\"urlTemplate\":\"https:\/\/www.bluesquarehub.com\/fr\/?s={search_term_string}\"},\"query-input\":{\"@type\":\"PropertyValueSpecification\",\"valueRequired\":true,\"valueName\":\"search_term_string\"}}],\"inLanguage\":\"fr-FR\"},{\"@type\":\"Organization\",\"@id\":\"https:\/\/www.bluesquarehub.com\/fr\/#organization\",\"name\":\"Bluesquare\",\"url\":\"https:\/\/www.bluesquarehub.com\/fr\/\",\"logo\":{\"@type\":\"ImageObject\",\"inLanguage\":\"fr-FR\",\"@id\":\"https:\/\/www.bluesquarehub.com\/fr\/#\/schema\/logo\/image\/\",\"url\":\"https:\/\/www.bluesquarehub.com\/wp-content\/uploads\/2025\/10\/Logo-Banner.png\",\"contentUrl\":\"https:\/\/www.bluesquarehub.com\/wp-content\/uploads\/2025\/10\/Logo-Banner.png\",\"width\":2400,\"height\":1260,\"caption\":\"Bluesquare\"},\"image\":{\"@id\":\"https:\/\/www.bluesquarehub.com\/fr\/#\/schema\/logo\/image\/\"},\"sameAs\":[\"https:\/\/x.com\/blsqhub\",\"https:\/\/www.linkedin.com\/company\/bluesquarehub\",\"https:\/\/www.youtube.com\/channel\/UC33QxHTlZzQyXUJnXtWeyBw\/\"]}]}<\/script>\n<!-- \/ Yoast SEO plugin. -->","yoast_head_json":{"title":"Mod\u00e9lisation de donn\u00e9es et IA - Bluesquare","description":"Bluesquare applique des techniques avanc\u00e9es de mod\u00e9lisation des donn\u00e9es et d'analyse bas\u00e9e sur l'IA pour d\u00e9couvrir des tendances et g\u00e9n\u00e9rer des informations exploitables.","robots":{"index":"index","follow":"follow","max-snippet":"max-snippet:-1","max-image-preview":"max-image-preview:large","max-video-preview":"max-video-preview:-1"},"canonical":"https:\/\/www.bluesquarehub.com\/fr\/services\/gestion-des-donnees\/modelisation-de-donnees-et-ia\/","og_locale":"fr_FR","og_type":"article","og_title":"Mod\u00e9lisation de donn\u00e9es et IA - Bluesquare","og_description":"Bluesquare applique des techniques avanc\u00e9es de mod\u00e9lisation des donn\u00e9es et d'analyse bas\u00e9e sur l'IA pour d\u00e9couvrir des tendances et g\u00e9n\u00e9rer des informations exploitables.","og_url":"https:\/\/www.bluesquarehub.com\/fr\/services\/gestion-des-donnees\/modelisation-de-donnees-et-ia\/","og_site_name":"Bluesquare","article_modified_time":"2025-10-28T11:49:35+00:00","twitter_card":"summary_large_image","twitter_site":"@blsqhub","twitter_misc":{"Dur\u00e9e de lecture estim\u00e9e":"2 minutes"},"schema":{"@context":"https:\/\/schema.org","@graph":[{"@type":"WebPage","@id":"https:\/\/www.bluesquarehub.com\/fr\/services\/gestion-des-donnees\/modelisation-de-donnees-et-ia\/","url":"https:\/\/www.bluesquarehub.com\/fr\/services\/gestion-des-donnees\/modelisation-de-donnees-et-ia\/","name":"Mod\u00e9lisation de donn\u00e9es et IA - Bluesquare","isPartOf":{"@id":"https:\/\/www.bluesquarehub.com\/fr\/#website"},"datePublished":"2025-09-01T09:11:04+00:00","dateModified":"2025-10-28T11:49:35+00:00","description":"Bluesquare applique des techniques avanc\u00e9es de mod\u00e9lisation des donn\u00e9es et d'analyse bas\u00e9e sur l'IA pour d\u00e9couvrir des tendances et g\u00e9n\u00e9rer des informations exploitables.","breadcrumb":{"@id":"https:\/\/www.bluesquarehub.com\/fr\/services\/gestion-des-donnees\/modelisation-de-donnees-et-ia\/#breadcrumb"},"inLanguage":"fr-FR","potentialAction":[{"@type":"ReadAction","target":["https:\/\/www.bluesquarehub.com\/fr\/services\/gestion-des-donnees\/modelisation-de-donnees-et-ia\/"]}]},{"@type":"BreadcrumbList","@id":"https:\/\/www.bluesquarehub.com\/fr\/services\/gestion-des-donnees\/modelisation-de-donnees-et-ia\/#breadcrumb","itemListElement":[{"@type":"ListItem","position":1,"name":"Home","item":"https:\/\/www.bluesquarehub.com\/fr\/"},{"@type":"ListItem","position":2,"name":"Services","item":"https:\/\/www.bluesquarehub.com\/fr\/services\/"},{"@type":"ListItem","position":3,"name":"Gestion des donn\u00e9es","item":"https:\/\/www.bluesquarehub.com\/fr\/services\/gestion-des-donnees\/"},{"@type":"ListItem","position":4,"name":"Mod\u00e9lisation de donn\u00e9es et IA"}]},{"@type":"WebSite","@id":"https:\/\/www.bluesquarehub.com\/fr\/#website","url":"https:\/\/www.bluesquarehub.com\/fr\/","name":"Bluesquare","description":"","publisher":{"@id":"https:\/\/www.bluesquarehub.com\/fr\/#organization"},"potentialAction":[{"@type":"SearchAction","target":{"@type":"EntryPoint","urlTemplate":"https:\/\/www.bluesquarehub.com\/fr\/?s={search_term_string}"},"query-input":{"@type":"PropertyValueSpecification","valueRequired":true,"valueName":"search_term_string"}}],"inLanguage":"fr-FR"},{"@type":"Organization","@id":"https:\/\/www.bluesquarehub.com\/fr\/#organization","name":"Bluesquare","url":"https:\/\/www.bluesquarehub.com\/fr\/","logo":{"@type":"ImageObject","inLanguage":"fr-FR","@id":"https:\/\/www.bluesquarehub.com\/fr\/#\/schema\/logo\/image\/","url":"https:\/\/www.bluesquarehub.com\/wp-content\/uploads\/2025\/10\/Logo-Banner.png","contentUrl":"https:\/\/www.bluesquarehub.com\/wp-content\/uploads\/2025\/10\/Logo-Banner.png","width":2400,"height":1260,"caption":"Bluesquare"},"image":{"@id":"https:\/\/www.bluesquarehub.com\/fr\/#\/schema\/logo\/image\/"},"sameAs":["https:\/\/x.com\/blsqhub","https:\/\/www.linkedin.com\/company\/bluesquarehub","https:\/\/www.youtube.com\/channel\/UC33QxHTlZzQyXUJnXtWeyBw\/"]}]}},"_links":{"self":[{"href":"https:\/\/www.bluesquarehub.com\/fr\/wp-json\/wp\/v2\/pages\/14094","targetHints":{"allow":["GET"]}}],"collection":[{"href":"https:\/\/www.bluesquarehub.com\/fr\/wp-json\/wp\/v2\/pages"}],"about":[{"href":"https:\/\/www.bluesquarehub.com\/fr\/wp-json\/wp\/v2\/types\/page"}],"author":[{"embeddable":true,"href":"https:\/\/www.bluesquarehub.com\/fr\/wp-json\/wp\/v2\/users\/4"}],"replies":[{"embeddable":true,"href":"https:\/\/www.bluesquarehub.com\/fr\/wp-json\/wp\/v2\/comments?post=14094"}],"version-history":[{"count":4,"href":"https:\/\/www.bluesquarehub.com\/fr\/wp-json\/wp\/v2\/pages\/14094\/revisions"}],"predecessor-version":[{"id":15136,"href":"https:\/\/www.bluesquarehub.com\/fr\/wp-json\/wp\/v2\/pages\/14094\/revisions\/15136"}],"up":[{"embeddable":true,"href":"https:\/\/www.bluesquarehub.com\/fr\/wp-json\/wp\/v2\/pages\/14074"}],"wp:attachment":[{"href":"https:\/\/www.bluesquarehub.com\/fr\/wp-json\/wp\/v2\/media?parent=14094"}],"curies":[{"name":"wp","href":"https:\/\/api.w.org\/{rel}","templated":true}]}}