{"id":14145,"date":"2025-08-04T08:30:07","date_gmt":"2025-08-04T07:30:07","guid":{"rendered":"https:\/\/www.bluesquarehub.com\/iaso\/"},"modified":"2026-04-02T13:25:39","modified_gmt":"2026-04-02T12:25:39","slug":"iaso","status":"publish","type":"page","link":"https:\/\/www.bluesquarehub.com\/fr\/produits\/softwares\/iaso\/","title":{"rendered":"IASO"},"content":{"rendered":"    <div class=\"hero-section yellow big-container py-[140px] md:py-[80px] bg-cover bg-center  bg-dark text-white  [&#038;_.sub-title-home]:opacity-80 [&#038;_.sub-title-home]:text-[32px] md:[&#038;_.sub-title-home]:text-[20px]\"\n         style=\"background-image: url('https:\/\/www.bluesquarehub.com\/wp-content\/uploads\/2025\/08\/Section-Hero-1.jpg')\">\n        <div class=\"container !max-w-[1328px]\">\n            \n<div class=\"wp-block-columns eplus-wrapper is-layout-flex wp-container-core-columns-is-layout-9d6595d7 wp-block-columns-is-layout-flex eplus-styles-uid-30b8de\">\n<div class=\"wp-block-column eplus-wrapper is-layout-flow wp-block-column-is-layout-flow\"><div class=\"wp-block-safe-svg-svg-icon safe-svg-cover\" style=\"text-align: left;\">\n\t\t\t\t<div class=\"safe-svg-inside safe-svg-inline\" style=\"width: 100px; height: 48px; background-color: var(--wp--preset--color--); color: var(--wp--preset--color--); padding-top: ; padding-right: ; padding-bottom: ; padding-left: ; margin-top: ; margin-right: ; margin-bottom: ; margin-left: ;\"><?xml version=\"1.0\" encoding=\"UTF-8\"?> <svg xmlns=\"http:\/\/www.w3.org\/2000\/svg\" width=\"100\" height=\"48\" viewbox=\"0 0 100 48\" fill=\"none\"><g clip-path=\"url(#clip0_4736_19140)\"><g clip-path=\"url(#clip1_4736_19140)\"><path fill-rule=\"evenodd\" clip-rule=\"evenodd\" d=\"M42.3067 14.4791C42.3067 12.876 41.1763 10.9004 39.7967 10.0886L23.676 0.608863C22.2939 -0.202954 20.0357 -0.202954 18.6535 0.608863L2.53535 10.0886C1.15577 10.903 0.0253906 12.876 0.0253906 14.4791V33.5209C0.0253906 35.124 1.15577 37.0996 2.53535 37.9114L18.6535 47.3911C20.0357 48.203 22.2939 48.203 23.676 47.3911L39.7942 37.9114C41.1763 37.0996 42.3041 35.124 42.3041 33.5209V14.4791H42.3067Z\" fill=\"#FFD654\"><\/path><path fill-rule=\"evenodd\" clip-rule=\"evenodd\" d=\"M42.3067 14.4791C42.3067 12.876 41.1763 10.9004 39.7967 10.0886L23.676 0.608863C22.2939 -0.202954 20.0357 -0.202954 18.6535 0.608863L2.53535 10.0886C1.15577 10.903 0.0253906 12.876 0.0253906 14.4791V33.5209C0.0253906 35.124 1.15577 37.0996 2.53535 37.9114L18.6535 47.3911C20.0357 48.203 22.2939 48.203 23.676 47.3911L39.7942 37.9114C41.1763 37.0996 42.3041 35.124 42.3041 33.5209V14.4791H42.3067Z\" fill=\"url(#paint0_linear_4736_19140)\"><\/path><path d=\"M34.6922 14.7335L26.276 9.7264C25.179 9.07387 23.7609 9.43353 23.1058 10.5305C22.4532 11.6275 22.8129 13.0456 23.9099 13.7007L31.1957 18.0347V30.0861L23.9356 34.2787C22.8309 34.9184 22.4507 36.3314 23.0904 37.4361C23.5194 38.1786 24.2953 38.5922 25.0942 38.5922C25.4873 38.5922 25.8855 38.492 26.2477 38.2813L34.6639 33.4207C35.3781 33.0071 35.82 32.2441 35.82 31.4194V16.7219C35.8225 15.9075 35.3935 15.1522 34.6922 14.7335ZM18.3942 34.2839L11.134 30.0912V18.0373L18.4198 13.7033C19.5168 13.0507 19.8791 11.6326 19.224 10.5331C18.5714 9.4361 17.1507 9.07644 16.0538 9.72897L7.64014 14.7335C6.9388 15.1497 6.50977 15.905 6.50977 16.7219V31.4245C6.50977 32.2492 6.94907 33.0148 7.66584 33.4258L16.082 38.2865C16.4468 38.4971 16.8425 38.5973 17.2355 38.5973C18.0345 38.5973 18.8103 38.1837 19.2394 37.4412C19.8791 36.3366 19.5014 34.921 18.3942 34.2839Z\" fill=\"white\"><\/path><\/g><path d=\"M56.7732 16.1773V31.8227C56.7732 32.1139 56.6276 32.2595 56.3365 32.2595H54.718C54.4268 32.2595 54.2812 32.1139 54.2812 31.8227V16.1773C54.2812 15.8861 54.4268 15.7405 54.718 15.7405H56.3365C56.6276 15.7405 56.7732 15.8861 56.7732 16.1773Z\" fill=\"white\"><\/path><path d=\"M61.5498 32.2595H59.7001C59.4603 32.2595 59.3747 32.1139 59.4432 31.8227L63.9134 16.1773C63.999 15.8861 64.2045 15.7405 64.5299 15.7405H67.099C67.4415 15.7405 67.647 15.8861 67.7155 16.1773L72.1857 31.8227C72.2542 32.1139 72.16 32.2595 71.9031 32.2595H70.0791C69.9249 32.2595 69.8136 32.2338 69.7451 32.1824C69.6937 32.1139 69.6509 31.994 69.6166 31.8227L68.6404 28.483H62.9885L62.0123 31.8227C61.9438 32.1139 61.7896 32.2595 61.5498 32.2595ZM65.7631 18.2068L63.5023 26.4277H68.1523L65.8658 18.2068H65.7631Z\" fill=\"white\"><\/path><path d=\"M74.4169 28.2518V27.5838C74.4169 27.2927 74.5625 27.1471 74.8537 27.1471H76.4979C76.789 27.1471 76.9346 27.2927 76.9346 27.5838V28.0462C76.9346 28.7656 77.0887 29.2879 77.397 29.6134C77.7224 29.9216 78.2534 30.0758 78.9898 30.0758H80.7625C81.4989 30.0758 82.0299 29.9131 82.3553 29.5877C82.6807 29.2451 82.8434 28.6971 82.8434 27.9435V27.3526C82.8434 26.8045 82.6293 26.3764 82.2011 26.0681C81.7901 25.7427 81.2763 25.5371 80.6597 25.4515C80.0431 25.3487 79.3666 25.2117 78.6302 25.0405C77.8937 24.8692 77.2172 24.6722 76.6006 24.4496C75.984 24.2269 75.4617 23.8073 75.0335 23.1907C74.6224 22.5742 74.4169 21.7863 74.4169 20.8272V19.7482C74.4169 18.498 74.768 17.5217 75.4702 16.8195C76.1896 16.1002 77.1744 15.7405 78.4246 15.7405H81.1478C82.4152 15.7405 83.4 16.1002 84.1022 16.8195C84.8216 17.5217 85.1812 18.498 85.1812 19.7482V20.3134C85.1812 20.6046 85.0356 20.7502 84.7445 20.7502H83.1003C82.8091 20.7502 82.6636 20.6046 82.6636 20.3134V19.9794C82.6636 19.243 82.5009 18.7206 82.1754 18.4123C81.8672 18.0869 81.3448 17.9242 80.6083 17.9242H78.9898C78.2534 17.9242 77.7224 18.0955 77.397 18.438C77.0887 18.7634 76.9346 19.3286 76.9346 20.1336V20.93C76.9346 21.7007 77.4912 22.2231 78.6045 22.4971C79.1011 22.617 79.6406 22.7198 80.223 22.8054C80.8224 22.891 81.4219 23.0195 82.0213 23.1907C82.6207 23.362 83.1688 23.5932 83.6655 23.8844C84.1622 24.1584 84.5646 24.5866 84.8729 25.1689C85.1812 25.7341 85.3354 26.4277 85.3354 27.2498V28.2518C85.3354 29.502 84.9757 30.4868 84.2564 31.2062C83.5542 31.9084 82.5779 32.2595 81.3277 32.2595H78.4503C77.2001 32.2595 76.2153 31.9084 75.4959 31.2062C74.7766 30.4868 74.4169 29.502 74.4169 28.2518Z\" fill=\"white\"><\/path><path d=\"M92.8845 30.0758H95.1196C96.3699 30.0758 96.995 29.4421 96.995 28.1747V19.8253C96.995 18.5579 96.3699 17.9242 95.1196 17.9242H92.8845C91.6514 17.9242 91.0348 18.5579 91.0348 19.8253V28.1747C91.0348 29.4421 91.6514 30.0758 92.8845 30.0758ZM95.505 32.2595H92.5249C91.2575 32.2595 90.2727 31.9084 89.5705 31.2062C88.8854 30.504 88.5429 29.5277 88.5429 28.2775V19.7225C88.5429 18.4551 88.8854 17.4789 89.5705 16.7938C90.2727 16.0916 91.2575 15.7405 92.5249 15.7405H95.505C96.7724 15.7405 97.7572 16.0916 98.4594 16.7938C99.1616 17.4789 99.5127 18.4551 99.5127 19.7225V28.2775C99.5127 29.5277 99.1616 30.504 98.4594 31.2062C97.7572 31.9084 96.7724 32.2595 95.505 32.2595Z\" fill=\"white\"><\/path><\/g><defs><lineargradient id=\"paint0_linear_4736_19140\" x1=\"31.9223\" y1=\"5.36963\" x2=\"10.4094\" y2=\"42.631\" gradientunits=\"userSpaceOnUse\"><stop offset=\"1.86995e-07\" stop-color=\"white\" stop-opacity=\"0.4\"><\/stop><stop offset=\"1\" stop-color=\"white\" stop-opacity=\"0\"><\/stop><\/lineargradient><clippath id=\"clip0_4736_19140\"><rect width=\"99.5127\" height=\"48\" fill=\"white\"><\/rect><\/clippath><clippath id=\"clip1_4736_19140\"><rect width=\"42.2813\" height=\"48\" fill=\"white\"><\/rect><\/clippath><\/defs><\/svg> <\/div>\n\t\t\t<\/div>\n\n\n<h1 class=\" wp-block-heading has-text-align-left eplus-wrapper\">Collecte et planification des donn\u00e9es plus intelligentes gr\u00e2ce \u00e0 la g\u00e9ographie<\/h1>\n\n\n\n<p class=\" has-text-align-left eplus-wrapper\"><\/p>\n\n\n<ul class=\"body-20 wp-block-list eplus-wrapper eplus-styles-uid-0335f7\">\n<li class=\" eplus-wrapper\">Des fonctionnalit\u00e9s g\u00e9ospatiales avanc\u00e9es pour planifier, suivre et \u00e9valuer les programmes de sant\u00e9, d\u2019environnement et sociaux<\/li>\n\n\n\n<li class=\" eplus-wrapper\">Con\u00e7u pour les contextes \u00e0 revenu faible et interm\u00e9diaire, avec collecte de donn\u00e9es hors ligne<\/li>\n\n\n\n<li class=\" eplus-wrapper\">Reconnu comme un <strong>Bien Public Num\u00e9rique<\/strong><\/li>\n<\/ul>\n\n\n<div class=\"wp-block-buttons eplus-wrapper is-layout-flex wp-block-buttons-is-layout-flex\"><div class=\" ep-custom-buttons-icon wp-block-button eplus-wrapper eplus-styles-uid-dcfb1b\"><a class=\"wp-block-button__link has-text-color has-background has-link-color wp-element-button\" href=\"https:\/\/www.openiaso.com\/fr\/\" style=\"color:#192041;background:linear-gradient(90deg,rgb(255,205,45) 0%,rgb(255,215,88) 100%)\" target=\"_blank\" rel=\"noreferrer noopener\">D\u00e9couvrez IASO<\/a><\/div><\/div>\n<\/div>\n\n\n\n<div class=\"wp-block-column eplus-wrapper is-layout-flow wp-block-column-is-layout-flow\">\n<figure class=\" wp-block-image size-full eplus-wrapper\"><img decoding=\"async\" width=\"620\" height=\"536\" src=\"https:\/\/www.bluesquarehub.com\/wp-content\/uploads\/2025\/08\/Image-Frame.png\" alt=\"\" class=\"wp-image-436\" srcset=\"https:\/\/www.bluesquarehub.com\/wp-content\/uploads\/2025\/08\/Image-Frame.png 620w, https:\/\/www.bluesquarehub.com\/wp-content\/uploads\/2025\/08\/Image-Frame-300x259.png 300w\" sizes=\"(max-width: 620px) 100vw, 620px\" \/><\/figure>\n<\/div>\n<\/div>\n\n<h2 class=\" wp-block-heading eplus-wrapper eplus-styles-uid-3327b8\">Tarifs<\/h2>\n\n\n<iframe \n  src=\"https:\/\/console.bluesquarehub.com\/embed\/pricing\/iaso\/fr\/\"\n  style=\"\n    width:100%;\n    max-width:80vw;\n    height:800px;\n    border-radius:12px;\n    display:block;\n    margin:0 auto;\n    box-sizing:border-box;\n  \"\n><\/iframe>\n\n\n\n<h2 class=\" wp-block-heading eplus-wrapper\">Packs de services<\/h2>\n\n\n\n<p class=\"body-20 eplus-wrapper\"><strong>Bluesquare<\/strong> peut vous accompagner dans la configuration d\u2019<strong>IASO<\/strong> gr\u00e2ce \u00e0 des packs de services personnalis\u00e9s.<\/p>\n\n\n\n<div class=\"wp-block-buttons eplus-wrapper is-layout-flex wp-block-buttons-is-layout-flex\"><div class=\" ep-custom-buttons-icon wp-block-button eplus-wrapper eplus-styles-uid-27f4c3\"><a class=\"wp-block-button__link has-text-color has-background has-link-color wp-element-button\" href=\"https:\/\/www.bluesquarehub.com\/fr\/produits\/abonnements-aux-services\/service-packs\/\" style=\"color:#192041;background:linear-gradient(90deg,rgb(255,205,45) 0%,rgb(255,215,88) 100%)\">D\u00e9couvrez nos packs de services<\/a><\/div><\/div>\n\n\n        <\/div>\n    <\/div>\n    \n\n\n<p class=\" eplus-wrapper\"><\/p>\n","protected":false},"excerpt":{"rendered":"","protected":false},"author":1,"featured_media":0,"parent":14153,"menu_order":0,"comment_status":"closed","ping_status":"closed","template":"","meta":{"_acf_changed":false,"content-type":"","editor_plus_copied_stylings":"{}","footnotes":""},"class_list":["post-14145","page","type-page","status-publish","hentry"],"acf":[],"yoast_head":"<!-- This site is optimized with the Yoast SEO plugin v27.1.1 - https:\/\/yoast.com\/product\/yoast-seo-wordpress\/ -->\n<title>IASO - Bluesquare<\/title>\n<meta name=\"robots\" content=\"index, follow, max-snippet:-1, max-image-preview:large, max-video-preview:-1\" \/>\n<link rel=\"canonical\" href=\"https:\/\/www.bluesquarehub.com\/fr\/produits\/softwares\/iaso\/\" \/>\n<meta property=\"og:locale\" content=\"fr_FR\" \/>\n<meta property=\"og:type\" content=\"article\" \/>\n<meta property=\"og:title\" content=\"IASO - Bluesquare\" \/>\n<meta property=\"og:url\" content=\"https:\/\/www.bluesquarehub.com\/fr\/produits\/softwares\/iaso\/\" \/>\n<meta property=\"og:site_name\" content=\"Bluesquare\" \/>\n<meta property=\"article:modified_time\" content=\"2026-04-02T12:25:39+00:00\" \/>\n<meta property=\"og:image\" content=\"https:\/\/www.bluesquarehub.com\/wp-content\/uploads\/2025\/08\/Image-Frame.png\" \/>\n\t<meta property=\"og:image:width\" content=\"620\" \/>\n\t<meta property=\"og:image:height\" content=\"536\" \/>\n\t<meta property=\"og:image:type\" content=\"image\/png\" \/>\n<meta name=\"twitter:card\" content=\"summary_large_image\" \/>\n<meta name=\"twitter:site\" content=\"@blsqhub\" \/>\n<meta name=\"twitter:label1\" content=\"Dur\u00e9e de lecture estim\u00e9e\" \/>\n\t<meta name=\"twitter:data1\" content=\"1 minute\" \/>\n<script type=\"application\/ld+json\" class=\"yoast-schema-graph\">{\"@context\":\"https:\/\/schema.org\",\"@graph\":[{\"@type\":\"WebPage\",\"@id\":\"https:\/\/www.bluesquarehub.com\/fr\/produits\/softwares\/iaso\/\",\"url\":\"https:\/\/www.bluesquarehub.com\/fr\/produits\/softwares\/iaso\/\",\"name\":\"IASO - Bluesquare\",\"isPartOf\":{\"@id\":\"https:\/\/www.bluesquarehub.com\/fr\/#website\"},\"primaryImageOfPage\":{\"@id\":\"https:\/\/www.bluesquarehub.com\/fr\/produits\/softwares\/iaso\/#primaryimage\"},\"image\":{\"@id\":\"https:\/\/www.bluesquarehub.com\/fr\/produits\/softwares\/iaso\/#primaryimage\"},\"thumbnailUrl\":\"https:\/\/www.bluesquarehub.com\/wp-content\/uploads\/2025\/08\/Image-Frame.png\",\"datePublished\":\"2025-08-04T07:30:07+00:00\",\"dateModified\":\"2026-04-02T12:25:39+00:00\",\"breadcrumb\":{\"@id\":\"https:\/\/www.bluesquarehub.com\/fr\/produits\/softwares\/iaso\/#breadcrumb\"},\"inLanguage\":\"fr-FR\",\"potentialAction\":[{\"@type\":\"ReadAction\",\"target\":[\"https:\/\/www.bluesquarehub.com\/fr\/produits\/softwares\/iaso\/\"]}]},{\"@type\":\"ImageObject\",\"inLanguage\":\"fr-FR\",\"@id\":\"https:\/\/www.bluesquarehub.com\/fr\/produits\/softwares\/iaso\/#primaryimage\",\"url\":\"https:\/\/www.bluesquarehub.com\/wp-content\/uploads\/2025\/08\/Image-Frame.png\",\"contentUrl\":\"https:\/\/www.bluesquarehub.com\/wp-content\/uploads\/2025\/08\/Image-Frame.png\"},{\"@type\":\"BreadcrumbList\",\"@id\":\"https:\/\/www.bluesquarehub.com\/fr\/produits\/softwares\/iaso\/#breadcrumb\",\"itemListElement\":[{\"@type\":\"ListItem\",\"position\":1,\"name\":\"Home\",\"item\":\"https:\/\/www.bluesquarehub.com\/fr\/\"},{\"@type\":\"ListItem\",\"position\":2,\"name\":\"Produits\",\"item\":\"https:\/\/www.bluesquarehub.com\/fr\/produits\/\"},{\"@type\":\"ListItem\",\"position\":3,\"name\":\"Nos logiciels\",\"item\":\"https:\/\/www.bluesquarehub.com\/fr\/produits\/softwares\/\"},{\"@type\":\"ListItem\",\"position\":4,\"name\":\"IASO\"}]},{\"@type\":\"WebSite\",\"@id\":\"https:\/\/www.bluesquarehub.com\/fr\/#website\",\"url\":\"https:\/\/www.bluesquarehub.com\/fr\/\",\"name\":\"Bluesquare\",\"description\":\"\",\"publisher\":{\"@id\":\"https:\/\/www.bluesquarehub.com\/fr\/#organization\"},\"potentialAction\":[{\"@type\":\"SearchAction\",\"target\":{\"@type\":\"EntryPoint\",\"urlTemplate\":\"https:\/\/www.bluesquarehub.com\/fr\/?s={search_term_string}\"},\"query-input\":{\"@type\":\"PropertyValueSpecification\",\"valueRequired\":true,\"valueName\":\"search_term_string\"}}],\"inLanguage\":\"fr-FR\"},{\"@type\":\"Organization\",\"@id\":\"https:\/\/www.bluesquarehub.com\/fr\/#organization\",\"name\":\"Bluesquare\",\"url\":\"https:\/\/www.bluesquarehub.com\/fr\/\",\"logo\":{\"@type\":\"ImageObject\",\"inLanguage\":\"fr-FR\",\"@id\":\"https:\/\/www.bluesquarehub.com\/fr\/#\/schema\/logo\/image\/\",\"url\":\"https:\/\/www.bluesquarehub.com\/wp-content\/uploads\/2025\/10\/Logo-Banner.png\",\"contentUrl\":\"https:\/\/www.bluesquarehub.com\/wp-content\/uploads\/2025\/10\/Logo-Banner.png\",\"width\":2400,\"height\":1260,\"caption\":\"Bluesquare\"},\"image\":{\"@id\":\"https:\/\/www.bluesquarehub.com\/fr\/#\/schema\/logo\/image\/\"},\"sameAs\":[\"https:\/\/x.com\/blsqhub\",\"https:\/\/www.linkedin.com\/company\/bluesquarehub\",\"https:\/\/www.youtube.com\/channel\/UC33QxHTlZzQyXUJnXtWeyBw\/\"]}]}<\/script>\n<!-- \/ Yoast SEO plugin. -->","yoast_head_json":{"title":"IASO - Bluesquare","robots":{"index":"index","follow":"follow","max-snippet":"max-snippet:-1","max-image-preview":"max-image-preview:large","max-video-preview":"max-video-preview:-1"},"canonical":"https:\/\/www.bluesquarehub.com\/fr\/produits\/softwares\/iaso\/","og_locale":"fr_FR","og_type":"article","og_title":"IASO - Bluesquare","og_url":"https:\/\/www.bluesquarehub.com\/fr\/produits\/softwares\/iaso\/","og_site_name":"Bluesquare","article_modified_time":"2026-04-02T12:25:39+00:00","og_image":[{"width":620,"height":536,"url":"https:\/\/www.bluesquarehub.com\/wp-content\/uploads\/2025\/08\/Image-Frame.png","type":"image\/png"}],"twitter_card":"summary_large_image","twitter_site":"@blsqhub","twitter_misc":{"Dur\u00e9e de lecture estim\u00e9e":"1 minute"},"schema":{"@context":"https:\/\/schema.org","@graph":[{"@type":"WebPage","@id":"https:\/\/www.bluesquarehub.com\/fr\/produits\/softwares\/iaso\/","url":"https:\/\/www.bluesquarehub.com\/fr\/produits\/softwares\/iaso\/","name":"IASO - Bluesquare","isPartOf":{"@id":"https:\/\/www.bluesquarehub.com\/fr\/#website"},"primaryImageOfPage":{"@id":"https:\/\/www.bluesquarehub.com\/fr\/produits\/softwares\/iaso\/#primaryimage"},"image":{"@id":"https:\/\/www.bluesquarehub.com\/fr\/produits\/softwares\/iaso\/#primaryimage"},"thumbnailUrl":"https:\/\/www.bluesquarehub.com\/wp-content\/uploads\/2025\/08\/Image-Frame.png","datePublished":"2025-08-04T07:30:07+00:00","dateModified":"2026-04-02T12:25:39+00:00","breadcrumb":{"@id":"https:\/\/www.bluesquarehub.com\/fr\/produits\/softwares\/iaso\/#breadcrumb"},"inLanguage":"fr-FR","potentialAction":[{"@type":"ReadAction","target":["https:\/\/www.bluesquarehub.com\/fr\/produits\/softwares\/iaso\/"]}]},{"@type":"ImageObject","inLanguage":"fr-FR","@id":"https:\/\/www.bluesquarehub.com\/fr\/produits\/softwares\/iaso\/#primaryimage","url":"https:\/\/www.bluesquarehub.com\/wp-content\/uploads\/2025\/08\/Image-Frame.png","contentUrl":"https:\/\/www.bluesquarehub.com\/wp-content\/uploads\/2025\/08\/Image-Frame.png"},{"@type":"BreadcrumbList","@id":"https:\/\/www.bluesquarehub.com\/fr\/produits\/softwares\/iaso\/#breadcrumb","itemListElement":[{"@type":"ListItem","position":1,"name":"Home","item":"https:\/\/www.bluesquarehub.com\/fr\/"},{"@type":"ListItem","position":2,"name":"Produits","item":"https:\/\/www.bluesquarehub.com\/fr\/produits\/"},{"@type":"ListItem","position":3,"name":"Nos logiciels","item":"https:\/\/www.bluesquarehub.com\/fr\/produits\/softwares\/"},{"@type":"ListItem","position":4,"name":"IASO"}]},{"@type":"WebSite","@id":"https:\/\/www.bluesquarehub.com\/fr\/#website","url":"https:\/\/www.bluesquarehub.com\/fr\/","name":"Bluesquare","description":"","publisher":{"@id":"https:\/\/www.bluesquarehub.com\/fr\/#organization"},"potentialAction":[{"@type":"SearchAction","target":{"@type":"EntryPoint","urlTemplate":"https:\/\/www.bluesquarehub.com\/fr\/?s={search_term_string}"},"query-input":{"@type":"PropertyValueSpecification","valueRequired":true,"valueName":"search_term_string"}}],"inLanguage":"fr-FR"},{"@type":"Organization","@id":"https:\/\/www.bluesquarehub.com\/fr\/#organization","name":"Bluesquare","url":"https:\/\/www.bluesquarehub.com\/fr\/","logo":{"@type":"ImageObject","inLanguage":"fr-FR","@id":"https:\/\/www.bluesquarehub.com\/fr\/#\/schema\/logo\/image\/","url":"https:\/\/www.bluesquarehub.com\/wp-content\/uploads\/2025\/10\/Logo-Banner.png","contentUrl":"https:\/\/www.bluesquarehub.com\/wp-content\/uploads\/2025\/10\/Logo-Banner.png","width":2400,"height":1260,"caption":"Bluesquare"},"image":{"@id":"https:\/\/www.bluesquarehub.com\/fr\/#\/schema\/logo\/image\/"},"sameAs":["https:\/\/x.com\/blsqhub","https:\/\/www.linkedin.com\/company\/bluesquarehub","https:\/\/www.youtube.com\/channel\/UC33QxHTlZzQyXUJnXtWeyBw\/"]}]}},"_links":{"self":[{"href":"https:\/\/www.bluesquarehub.com\/fr\/wp-json\/wp\/v2\/pages\/14145","targetHints":{"allow":["GET"]}}],"collection":[{"href":"https:\/\/www.bluesquarehub.com\/fr\/wp-json\/wp\/v2\/pages"}],"about":[{"href":"https:\/\/www.bluesquarehub.com\/fr\/wp-json\/wp\/v2\/types\/page"}],"author":[{"embeddable":true,"href":"https:\/\/www.bluesquarehub.com\/fr\/wp-json\/wp\/v2\/users\/1"}],"replies":[{"embeddable":true,"href":"https:\/\/www.bluesquarehub.com\/fr\/wp-json\/wp\/v2\/comments?post=14145"}],"version-history":[{"count":29,"href":"https:\/\/www.bluesquarehub.com\/fr\/wp-json\/wp\/v2\/pages\/14145\/revisions"}],"predecessor-version":[{"id":16965,"href":"https:\/\/www.bluesquarehub.com\/fr\/wp-json\/wp\/v2\/pages\/14145\/revisions\/16965"}],"up":[{"embeddable":true,"href":"https:\/\/www.bluesquarehub.com\/fr\/wp-json\/wp\/v2\/pages\/14153"}],"wp:attachment":[{"href":"https:\/\/www.bluesquarehub.com\/fr\/wp-json\/wp\/v2\/media?parent=14145"}],"curies":[{"name":"wp","href":"https:\/\/api.w.org\/{rel}","templated":true}]}}