{"id":14181,"date":"2025-08-04T12:58:23","date_gmt":"2025-08-04T11:58:23","guid":{"rendered":"https:\/\/www.bluesquarehub.com\/produits\/abonnements-aux-services\/on-premise-hosting\/"},"modified":"2026-04-14T13:50:12","modified_gmt":"2026-04-14T12:50:12","slug":"on-premise-hosting","status":"publish","type":"page","link":"https:\/\/www.bluesquarehub.com\/fr\/produits\/abonnements-aux-services\/on-premise-hosting\/","title":{"rendered":"H\u00e9bergement sur site"},"content":{"rendered":"    <div class=\"hero-section blue big-container py-[140px] md:py-[80px] bg-cover bg-center  bg-dark text-white  [&#038;_.sub-title-home]:opacity-80 [&#038;_.sub-title-home]:text-[32px] md:[&#038;_.sub-title-home]:text-[20px]\"\n         style=\"background-image: url('https:\/\/www.bluesquarehub.com\/wp-content\/uploads\/2025\/08\/Section-Hero-1.jpg')\">\n        <div class=\"container !max-w-[1328px]\">\n            \n<h5 class=\" wp-block-heading has-text-align-center eplus-wrapper eplus-styles-uid-677210\">ServiceS<\/h5>\n\n\n<h1 class=\" wp-block-heading has-text-align-center eplus-wrapper\">H\u00e9bergement sur site<\/h1>\n\n\n<p class=\"body-24 has-text-align-center eplus-wrapper eplus-styles-uid-58f133\">Vos serveurs, notre expertise<\/p>\n\n\n<h2 class=\" wp-block-heading eplus-wrapper\">Tarifs<\/h2>\n\n\n\n<p class=\"body-20 has-text-align-left eplus-wrapper\">Notre offre <strong>On-Premise<\/strong> vous permet d\u2019ex\u00e9cuter les outils Bluesquare tels que <strong>DHIS2<\/strong>, <strong>IASO<\/strong> et <strong>OpenHEXA<\/strong> sur vos propres serveurs.<\/p>\n\n\n<h3 class=\" wp-block-heading has-text-align-left eplus-wrapper eplus-styles-uid-25e1ca\">Mise en place<\/h3>\n\n\n<p class=\" eplus-wrapper\">Toutes les estimations sont \u00e9tablies sur la base d&rsquo;une assistance sur site fournie <mark style=\"background-color:rgba(0, 0, 0, 0)\" class=\"has-inline-color has-blue-link-color\">\u00e0 distance<\/mark>. Veuillez contacter Bluesquare pour une installation sur place.<\/p>\n\n\n<p class=\" eplus-wrapper eplus-styles-uid-3327b8\">Veuillez consulter nos <a href=\"https:\/\/www.bluesquarehub.com\/fr\/termes-et-conditions\/\" type=\"page\" id=\"16062\"><mark style=\"background-color:rgba(0, 0, 0, 0)\" class=\"has-inline-color has-blue-link-color\">conditions g\u00e9n\u00e9rales<\/mark><\/a> pour v\u00e9rifier si vos serveurs r\u00e9pondent \u00e0 nos exigences minimales en mati\u00e8re d&rsquo;h\u00e9bergement sur site.<\/p>\n\n\n<script async src=\"https:\/\/js.stripe.com\/v3\/pricing-table.js\"><\/script>\n<stripe-pricing-table pricing-table-id=\"prctbl_1TKfzlIXhf5wc737v74FWEuK\"\npublishable-key=\"pk_live_51RWuvvIXhf5wc737mLUTVzZjhf8rA0rXpAyy2VM14hEa9j6EE0IMUIUyotQLIavby4pxNTr3WEeheb9cGJfJp4pz00Xw1dS030\">\n<\/stripe-pricing-table>\n\n\n\n<p class=\" eplus-wrapper\"><\/p>\n\n\n\n<h3 class=\" wp-block-heading eplus-wrapper\">Sauvegarde des donn\u00e9es et surveillance de votre infrastructure<\/h3>\n\n\n\n<p class=\"body-20 has-text-align-left eplus-wrapper\">Afin de limiter le risque de panne du mat\u00e9riel sur site, <mark style=\"background-color:rgba(0, 0, 0, 0)\" class=\"has-inline-color has-blue-link-color\">Bluesquare propose un contr\u00f4le d&rsquo;int\u00e9grit\u00e9 mensuel automatis\u00e9 associ\u00e9 \u00e0 une sauvegarde dans le cloud hors site<\/mark>.<\/p>\n\n\n\n<script async src=\"https:\/\/js.stripe.com\/v3\/pricing-table.js\"><\/script>\n<stripe-pricing-table pricing-table-id=\"prctbl_1TKgAkIXhf5wc737oNVBBGCA\"\npublishable-key=\"pk_live_51RWuvvIXhf5wc737mLUTVzZjhf8rA0rXpAyy2VM14hEa9j6EE0IMUIUyotQLIavby4pxNTr3WEeheb9cGJfJp4pz00Xw1dS030\">\n<\/stripe-pricing-table>\n\n\n\n<h3 class=\" wp-block-heading eplus-wrapper\">Plan Entreprise<\/h3>\n\n\n\n<p class=\"body-20 has-text-align-left eplus-wrapper\">Vous n\u2019\u00eates pas certain que cette solution corresponde \u00e0 vos besoins ? Nous pouvons-vous aider.<\/p>\n\n\n\n<div class=\"wp-block-buttons eplus-wrapper is-layout-flex wp-block-buttons-is-layout-flex\"><div class=\" ep-custom-buttons-icon wp-block-button eplus-wrapper eplus-styles-uid-368266\"><a class=\"wp-block-button__link wp-element-button\" href=\"#modalOnPremiseContactFR\">Contactez-nous<\/a><\/div><\/div>\n\n\n\n<p class=\" eplus-wrapper\"><\/p>\n\n\n<h2 class=\" wp-block-heading has-text-align-left eplus-wrapper eplus-styles-uid-25e1ca\">Packs de services<\/h2>\n\n\n<p class=\"body-20 has-text-align-left eplus-wrapper\">Pour tout besoin sp\u00e9cifique suppl\u00e9mentaire li\u00e9 \u00e0 votre infrastructure On-Premise, l\u2019\u00e9quipe Bluesquare peut vous assister gr\u00e2ce \u00e0 des packs de services adapt\u00e9s.<\/p>\n\n\n\n<div class=\"wp-block-buttons eplus-wrapper is-content-justification-left is-layout-flex wp-container-core-buttons-is-layout-fdcfc74e wp-block-buttons-is-layout-flex\"><div class=\" ep-custom-buttons-icon wp-block-button eplus-wrapper eplus-styles-uid-44cb35\"><a class=\"wp-block-button__link has-white-color has-text-color has-background has-link-color wp-element-button\" href=\"https:\/\/www.bluesquarehub.com\/fr\/produits\/abonnements-aux-services\/service-packs\/\" style=\"background-color:#7990ff\" target=\"_blank\" rel=\"noreferrer noopener\">D\u00e9couvrez nos packs de service<\/a><\/div><\/div>\n\n\n        <\/div>\n    <\/div>\n    \n\n\n<p class=\" eplus-wrapper\"><\/p>\n\n\n\n<p class=\" eplus-wrapper\"><\/p>\n","protected":false},"excerpt":{"rendered":"","protected":false},"author":1,"featured_media":0,"parent":14057,"menu_order":0,"comment_status":"closed","ping_status":"closed","template":"","meta":{"_acf_changed":false,"content-type":"","editor_plus_copied_stylings":"{}","footnotes":""},"class_list":["post-14181","page","type-page","status-publish","hentry"],"acf":[],"yoast_head":"<!-- This site is optimized with the Yoast SEO plugin v27.1.1 - https:\/\/yoast.com\/product\/yoast-seo-wordpress\/ -->\n<title>H\u00e9bergement sur site - Bluesquare<\/title>\n<meta name=\"robots\" content=\"index, follow, max-snippet:-1, max-image-preview:large, max-video-preview:-1\" \/>\n<link rel=\"canonical\" href=\"https:\/\/www.bluesquarehub.com\/fr\/produits\/abonnements-aux-services\/on-premise-hosting\/\" \/>\n<meta property=\"og:locale\" content=\"fr_FR\" \/>\n<meta property=\"og:type\" content=\"article\" \/>\n<meta property=\"og:title\" content=\"H\u00e9bergement sur site - Bluesquare\" \/>\n<meta property=\"og:url\" content=\"https:\/\/www.bluesquarehub.com\/fr\/produits\/abonnements-aux-services\/on-premise-hosting\/\" \/>\n<meta property=\"og:site_name\" content=\"Bluesquare\" \/>\n<meta property=\"article:modified_time\" content=\"2026-04-14T12:50:12+00:00\" \/>\n<meta name=\"twitter:card\" content=\"summary_large_image\" \/>\n<meta name=\"twitter:site\" content=\"@blsqhub\" \/>\n<meta name=\"twitter:label1\" content=\"Dur\u00e9e de lecture estim\u00e9e\" \/>\n\t<meta name=\"twitter:data1\" content=\"1 minute\" \/>\n<script type=\"application\/ld+json\" class=\"yoast-schema-graph\">{\"@context\":\"https:\/\/schema.org\",\"@graph\":[{\"@type\":\"WebPage\",\"@id\":\"https:\/\/www.bluesquarehub.com\/fr\/produits\/abonnements-aux-services\/on-premise-hosting\/\",\"url\":\"https:\/\/www.bluesquarehub.com\/fr\/produits\/abonnements-aux-services\/on-premise-hosting\/\",\"name\":\"H\u00e9bergement sur site - Bluesquare\",\"isPartOf\":{\"@id\":\"https:\/\/www.bluesquarehub.com\/fr\/#website\"},\"datePublished\":\"2025-08-04T11:58:23+00:00\",\"dateModified\":\"2026-04-14T12:50:12+00:00\",\"breadcrumb\":{\"@id\":\"https:\/\/www.bluesquarehub.com\/fr\/produits\/abonnements-aux-services\/on-premise-hosting\/#breadcrumb\"},\"inLanguage\":\"fr-FR\",\"potentialAction\":[{\"@type\":\"ReadAction\",\"target\":[\"https:\/\/www.bluesquarehub.com\/fr\/produits\/abonnements-aux-services\/on-premise-hosting\/\"]}]},{\"@type\":\"BreadcrumbList\",\"@id\":\"https:\/\/www.bluesquarehub.com\/fr\/produits\/abonnements-aux-services\/on-premise-hosting\/#breadcrumb\",\"itemListElement\":[{\"@type\":\"ListItem\",\"position\":1,\"name\":\"Home\",\"item\":\"https:\/\/www.bluesquarehub.com\/fr\/\"},{\"@type\":\"ListItem\",\"position\":2,\"name\":\"Produits\",\"item\":\"https:\/\/www.bluesquarehub.com\/fr\/produits\/\"},{\"@type\":\"ListItem\",\"position\":3,\"name\":\"Abonnements aux services\",\"item\":\"https:\/\/www.bluesquarehub.com\/fr\/produits\/abonnements-aux-services\/\"},{\"@type\":\"ListItem\",\"position\":4,\"name\":\"H\u00e9bergement sur site\"}]},{\"@type\":\"WebSite\",\"@id\":\"https:\/\/www.bluesquarehub.com\/fr\/#website\",\"url\":\"https:\/\/www.bluesquarehub.com\/fr\/\",\"name\":\"Bluesquare\",\"description\":\"\",\"publisher\":{\"@id\":\"https:\/\/www.bluesquarehub.com\/fr\/#organization\"},\"potentialAction\":[{\"@type\":\"SearchAction\",\"target\":{\"@type\":\"EntryPoint\",\"urlTemplate\":\"https:\/\/www.bluesquarehub.com\/fr\/?s={search_term_string}\"},\"query-input\":{\"@type\":\"PropertyValueSpecification\",\"valueRequired\":true,\"valueName\":\"search_term_string\"}}],\"inLanguage\":\"fr-FR\"},{\"@type\":\"Organization\",\"@id\":\"https:\/\/www.bluesquarehub.com\/fr\/#organization\",\"name\":\"Bluesquare\",\"url\":\"https:\/\/www.bluesquarehub.com\/fr\/\",\"logo\":{\"@type\":\"ImageObject\",\"inLanguage\":\"fr-FR\",\"@id\":\"https:\/\/www.bluesquarehub.com\/fr\/#\/schema\/logo\/image\/\",\"url\":\"https:\/\/www.bluesquarehub.com\/wp-content\/uploads\/2025\/10\/Logo-Banner.png\",\"contentUrl\":\"https:\/\/www.bluesquarehub.com\/wp-content\/uploads\/2025\/10\/Logo-Banner.png\",\"width\":2400,\"height\":1260,\"caption\":\"Bluesquare\"},\"image\":{\"@id\":\"https:\/\/www.bluesquarehub.com\/fr\/#\/schema\/logo\/image\/\"},\"sameAs\":[\"https:\/\/x.com\/blsqhub\",\"https:\/\/www.linkedin.com\/company\/bluesquarehub\",\"https:\/\/www.youtube.com\/channel\/UC33QxHTlZzQyXUJnXtWeyBw\/\"]}]}<\/script>\n<!-- \/ Yoast SEO plugin. -->","yoast_head_json":{"title":"H\u00e9bergement sur site - Bluesquare","robots":{"index":"index","follow":"follow","max-snippet":"max-snippet:-1","max-image-preview":"max-image-preview:large","max-video-preview":"max-video-preview:-1"},"canonical":"https:\/\/www.bluesquarehub.com\/fr\/produits\/abonnements-aux-services\/on-premise-hosting\/","og_locale":"fr_FR","og_type":"article","og_title":"H\u00e9bergement sur site - Bluesquare","og_url":"https:\/\/www.bluesquarehub.com\/fr\/produits\/abonnements-aux-services\/on-premise-hosting\/","og_site_name":"Bluesquare","article_modified_time":"2026-04-14T12:50:12+00:00","twitter_card":"summary_large_image","twitter_site":"@blsqhub","twitter_misc":{"Dur\u00e9e de lecture estim\u00e9e":"1 minute"},"schema":{"@context":"https:\/\/schema.org","@graph":[{"@type":"WebPage","@id":"https:\/\/www.bluesquarehub.com\/fr\/produits\/abonnements-aux-services\/on-premise-hosting\/","url":"https:\/\/www.bluesquarehub.com\/fr\/produits\/abonnements-aux-services\/on-premise-hosting\/","name":"H\u00e9bergement sur site - Bluesquare","isPartOf":{"@id":"https:\/\/www.bluesquarehub.com\/fr\/#website"},"datePublished":"2025-08-04T11:58:23+00:00","dateModified":"2026-04-14T12:50:12+00:00","breadcrumb":{"@id":"https:\/\/www.bluesquarehub.com\/fr\/produits\/abonnements-aux-services\/on-premise-hosting\/#breadcrumb"},"inLanguage":"fr-FR","potentialAction":[{"@type":"ReadAction","target":["https:\/\/www.bluesquarehub.com\/fr\/produits\/abonnements-aux-services\/on-premise-hosting\/"]}]},{"@type":"BreadcrumbList","@id":"https:\/\/www.bluesquarehub.com\/fr\/produits\/abonnements-aux-services\/on-premise-hosting\/#breadcrumb","itemListElement":[{"@type":"ListItem","position":1,"name":"Home","item":"https:\/\/www.bluesquarehub.com\/fr\/"},{"@type":"ListItem","position":2,"name":"Produits","item":"https:\/\/www.bluesquarehub.com\/fr\/produits\/"},{"@type":"ListItem","position":3,"name":"Abonnements aux services","item":"https:\/\/www.bluesquarehub.com\/fr\/produits\/abonnements-aux-services\/"},{"@type":"ListItem","position":4,"name":"H\u00e9bergement sur site"}]},{"@type":"WebSite","@id":"https:\/\/www.bluesquarehub.com\/fr\/#website","url":"https:\/\/www.bluesquarehub.com\/fr\/","name":"Bluesquare","description":"","publisher":{"@id":"https:\/\/www.bluesquarehub.com\/fr\/#organization"},"potentialAction":[{"@type":"SearchAction","target":{"@type":"EntryPoint","urlTemplate":"https:\/\/www.bluesquarehub.com\/fr\/?s={search_term_string}"},"query-input":{"@type":"PropertyValueSpecification","valueRequired":true,"valueName":"search_term_string"}}],"inLanguage":"fr-FR"},{"@type":"Organization","@id":"https:\/\/www.bluesquarehub.com\/fr\/#organization","name":"Bluesquare","url":"https:\/\/www.bluesquarehub.com\/fr\/","logo":{"@type":"ImageObject","inLanguage":"fr-FR","@id":"https:\/\/www.bluesquarehub.com\/fr\/#\/schema\/logo\/image\/","url":"https:\/\/www.bluesquarehub.com\/wp-content\/uploads\/2025\/10\/Logo-Banner.png","contentUrl":"https:\/\/www.bluesquarehub.com\/wp-content\/uploads\/2025\/10\/Logo-Banner.png","width":2400,"height":1260,"caption":"Bluesquare"},"image":{"@id":"https:\/\/www.bluesquarehub.com\/fr\/#\/schema\/logo\/image\/"},"sameAs":["https:\/\/x.com\/blsqhub","https:\/\/www.linkedin.com\/company\/bluesquarehub","https:\/\/www.youtube.com\/channel\/UC33QxHTlZzQyXUJnXtWeyBw\/"]}]}},"_links":{"self":[{"href":"https:\/\/www.bluesquarehub.com\/fr\/wp-json\/wp\/v2\/pages\/14181","targetHints":{"allow":["GET"]}}],"collection":[{"href":"https:\/\/www.bluesquarehub.com\/fr\/wp-json\/wp\/v2\/pages"}],"about":[{"href":"https:\/\/www.bluesquarehub.com\/fr\/wp-json\/wp\/v2\/types\/page"}],"author":[{"embeddable":true,"href":"https:\/\/www.bluesquarehub.com\/fr\/wp-json\/wp\/v2\/users\/1"}],"replies":[{"embeddable":true,"href":"https:\/\/www.bluesquarehub.com\/fr\/wp-json\/wp\/v2\/comments?post=14181"}],"version-history":[{"count":7,"href":"https:\/\/www.bluesquarehub.com\/fr\/wp-json\/wp\/v2\/pages\/14181\/revisions"}],"predecessor-version":[{"id":17000,"href":"https:\/\/www.bluesquarehub.com\/fr\/wp-json\/wp\/v2\/pages\/14181\/revisions\/17000"}],"up":[{"embeddable":true,"href":"https:\/\/www.bluesquarehub.com\/fr\/wp-json\/wp\/v2\/pages\/14057"}],"wp:attachment":[{"href":"https:\/\/www.bluesquarehub.com\/fr\/wp-json\/wp\/v2\/media?parent=14181"}],"curies":[{"name":"wp","href":"https:\/\/api.w.org\/{rel}","templated":true}]}}