{"id":14205,"date":"2025-08-04T09:11:24","date_gmt":"2025-08-04T08:11:24","guid":{"rendered":"https:\/\/www.bluesquarehub.com\/produits\/softwares\/openhexa\/"},"modified":"2026-04-02T13:17:27","modified_gmt":"2026-04-02T12:17:27","slug":"openhexa","status":"publish","type":"page","link":"https:\/\/www.bluesquarehub.com\/fr\/produits\/softwares\/openhexa\/","title":{"rendered":"OpenHEXA"},"content":{"rendered":"    <div class=\"hero-section red big-container py-[140px] md:py-[80px] bg-cover bg-center  bg-dark text-white  [&#038;_.sub-title-home]:opacity-80 [&#038;_.sub-title-home]:text-[32px] md:[&#038;_.sub-title-home]:text-[20px]\"\n         style=\"background-image: url('https:\/\/www.bluesquarehub.com\/wp-content\/uploads\/2025\/08\/Section-Hero-1.jpg')\">\n        <div class=\"container !max-w-[1328px]\">\n            \n<div class=\"wp-block-columns eplus-wrapper is-layout-flex wp-container-core-columns-is-layout-9d6595d7 wp-block-columns-is-layout-flex eplus-styles-uid-e7746c\">\n<div class=\"wp-block-column eplus-wrapper is-layout-flow wp-block-column-is-layout-flow\"><div class=\"wp-block-safe-svg-svg-icon safe-svg-cover\" style=\"text-align: left;\">\n\t\t\t\t<div class=\"safe-svg-inside safe-svg-inline\" style=\"width: 163px; height: 48px; background-color: var(--wp--preset--color--); color: var(--wp--preset--color--); padding-top: ; padding-right: ; padding-bottom: ; padding-left: ; margin-top: ; margin-right: ; margin-bottom: ; margin-left: ;\"><?xml version=\"1.0\" encoding=\"UTF-8\"?> <svg xmlns=\"http:\/\/www.w3.org\/2000\/svg\" width=\"163\" height=\"48\" viewbox=\"0 0 163 48\" fill=\"none\"><g clip-path=\"url(#clip0_4736_19234)\"><g clip-path=\"url(#clip1_4736_19234)\"><path fill-rule=\"evenodd\" clip-rule=\"evenodd\" d=\"M42.3887 14.4791C42.3887 12.876 41.2584 10.9004 39.8788 10.0886L23.758 0.608863C22.3759 -0.202954 20.1177 -0.202954 18.7356 0.608863L2.61738 10.0886C1.2378 10.903 0.107422 12.876 0.107422 14.4791V33.5209C0.107422 35.124 1.2378 37.0996 2.61738 37.9114L18.7356 47.3911C20.1177 48.203 22.3759 48.203 23.758 47.3911L39.8762 37.9114C41.2584 37.0996 42.3862 35.124 42.3862 33.5209V14.4791H42.3887Z\" fill=\"#FF459A\"><\/path><path fill-rule=\"evenodd\" clip-rule=\"evenodd\" d=\"M42.3887 14.4791C42.3887 12.876 41.2584 10.9004 39.8788 10.0886L23.758 0.608863C22.3759 -0.202954 20.1177 -0.202954 18.7356 0.608863L2.61738 10.0886C1.2378 10.903 0.107422 12.876 0.107422 14.4791V33.5209C0.107422 35.124 1.2378 37.0996 2.61738 37.9114L18.7356 47.3911C20.1177 48.203 22.3759 48.203 23.758 47.3911L39.8762 37.9114C41.2584 37.0996 42.3862 35.124 42.3862 33.5209V14.4791H42.3887Z\" fill=\"url(#paint0_linear_4736_19234)\"><\/path><path d=\"M19.8311 40.1053C19.4277 40.1053 19.0167 40 18.6467 39.7765L7.59985 33.1663C6.90107 32.7502 6.47461 31.9949 6.47461 31.183V16.5626C6.47461 15.7277 6.92419 14.9595 7.65123 14.5485L15.253 10.2608C15.9698 9.85741 16.8458 9.86255 17.5549 10.2787C18.2639 10.6923 18.7007 11.4528 18.7007 12.2749V19.6712L27.271 24.6834C27.9801 25.097 28.4168 25.8574 28.4168 26.6795V31.7713L31.3943 30.0912V18.1297L21.4778 12.1927C20.3834 11.5376 20.0263 10.1169 20.6814 9.02247C21.3365 7.92806 22.7572 7.57096 23.8516 8.22607L34.8959 14.8362C35.5947 15.2524 36.0212 16.0077 36.0212 16.8195V31.4399C36.0212 32.2749 35.5716 33.043 34.8446 33.4541L27.2428 37.7418C26.526 38.1451 25.6499 38.14 24.9409 37.7238C24.2318 37.3102 23.7951 36.5498 23.7951 35.7277V28.0026L15.2248 22.9929C14.5157 22.5793 14.079 21.8189 14.079 20.9968V16.2312L11.1015 17.9114V29.8703L21.0231 35.8073C22.1175 36.4624 22.4746 37.8831 21.8195 38.9775C21.3853 39.7046 20.6172 40.1053 19.8311 40.1053Z\" fill=\"white\"><\/path><\/g><path d=\"M58.7046 28.3448H60.9817C62.2554 28.3448 62.8923 27.6992 62.8923 26.408V17.9016C62.8923 16.6104 62.2554 15.9647 60.9817 15.9647H58.7046C57.4482 15.9647 56.8201 16.6104 56.8201 17.9016V26.408C56.8201 27.6992 57.4482 28.3448 58.7046 28.3448ZM61.3743 30.5695H58.3381C57.0469 30.5695 56.0436 30.2118 55.3282 29.4964C54.6302 28.781 54.2812 27.7864 54.2812 26.5127V17.7969C54.2812 16.5057 54.6302 15.5111 55.3282 14.8131C56.0436 14.0977 57.0469 13.74 58.3381 13.74H61.3743C62.6655 13.74 63.6688 14.0977 64.3842 14.8131C65.0996 15.5111 65.4573 16.5057 65.4573 17.7969V26.5127C65.4573 27.7864 65.0996 28.781 64.3842 29.4964C63.6688 30.2118 62.6655 30.5695 61.3743 30.5695Z\" fill=\"white\"><\/path><path d=\"M70.8165 34.26H69.1676C68.871 34.26 68.7227 34.1117 68.7227 33.8151V17.666C68.7227 17.3694 68.871 17.2211 69.1676 17.2211H70.8165C71.1132 17.2211 71.2615 17.3694 71.2615 17.666V18.6083H71.3662C71.785 17.6835 72.6661 17.2211 74.0097 17.2211H75.3446C76.6009 17.2211 77.5606 17.5701 78.2236 18.268C78.9041 18.966 79.2444 19.9693 79.2444 21.278V26.5127C79.2444 27.8039 78.9041 28.8072 78.2236 29.5226C77.5606 30.2206 76.6009 30.5695 75.3446 30.5695H74.0097C72.6661 30.5695 71.785 30.1071 71.3662 29.1824H71.2615V33.8151C71.2615 34.1117 71.1132 34.26 70.8165 34.26ZM73.4077 28.3448H74.7949C76.0512 28.3448 76.6794 27.6992 76.6794 26.408V21.3827C76.6794 20.0914 76.0512 19.4458 74.7949 19.4458H73.4077C71.9769 19.4458 71.2615 20.1874 71.2615 21.6706V26.1201C71.2615 27.6032 71.9769 28.3448 73.4077 28.3448Z\" fill=\"white\"><\/path><path d=\"M91.7181 30.5695H86.0646C84.7734 30.5695 83.7701 30.2118 83.0547 29.4964C82.3567 28.781 82.0077 27.7864 82.0077 26.5127V21.278C82.0077 19.9867 82.3567 18.9921 83.0547 18.2942C83.7701 17.5788 84.7734 17.2211 86.0646 17.2211H88.2109C89.5021 17.2211 90.5054 17.5788 91.2208 18.2942C91.9362 18.9921 92.2939 19.9867 92.2939 21.278V24.602C92.2939 24.9161 92.1369 25.0731 91.8228 25.0731H84.8083C84.6164 25.0731 84.5204 25.1604 84.5204 25.3349V26.4603C84.5204 27.7341 85.1573 28.371 86.4311 28.371H91.7181C92.0322 28.371 92.1892 28.528 92.1892 28.8421V30.1508C92.1892 30.43 92.0322 30.5695 91.7181 30.5695ZM84.8083 23.2933H89.4934C89.6679 23.2933 89.7551 23.2061 89.7551 23.0316V21.3565C89.7551 20.6934 89.6068 20.2136 89.3101 19.9169C89.0135 19.6029 88.5337 19.4458 87.8706 19.4458H86.4311C85.768 19.4458 85.2882 19.6029 84.9915 19.9169C84.6949 20.2136 84.5466 20.6934 84.5466 21.3565V23.0316C84.5466 23.2061 84.6338 23.2933 84.8083 23.2933Z\" fill=\"white\"><\/path><path d=\"M97.2712 30.5695H95.6222C95.3256 30.5695 95.1773 30.4212 95.1773 30.1246V17.666C95.1773 17.3694 95.3256 17.2211 95.6222 17.2211H97.2712C97.5678 17.2211 97.7161 17.3694 97.7161 17.666V18.6083H97.8208C98.2396 17.6835 99.1208 17.2211 100.464 17.2211H101.616C102.89 17.2211 103.867 17.5701 104.547 18.268C105.228 18.966 105.568 19.9693 105.568 21.278V30.1246C105.568 30.4212 105.411 30.5695 105.097 30.5695H103.448C103.151 30.5695 103.003 30.4212 103.003 30.1246V21.3827C103.003 20.0914 102.366 19.4458 101.092 19.4458H99.8623C98.4315 19.4458 97.7161 20.1874 97.7161 21.6706V30.1246C97.7161 30.4212 97.5678 30.5695 97.2712 30.5695Z\" fill=\"white\"><\/path><path d=\"M111.054 30.5695H109.405C109.109 30.5695 108.96 30.4212 108.96 30.1246V14.185C108.96 13.8883 109.109 13.74 109.405 13.74H111.054C111.351 13.74 111.499 13.8883 111.499 14.185V20.7283C111.499 20.9028 111.604 20.9901 111.813 20.9901H117.336C117.51 20.9901 117.598 20.9028 117.598 20.7283V14.185C117.598 13.8883 117.746 13.74 118.042 13.74H119.718C120.014 13.74 120.163 13.8883 120.163 14.185V30.1246C120.163 30.4212 120.014 30.5695 119.718 30.5695H118.042C117.746 30.5695 117.598 30.4212 117.598 30.1246V23.5027C117.598 23.3282 117.51 23.241 117.336 23.241H111.813C111.604 23.241 111.499 23.3282 111.499 23.5027V30.1246C111.499 30.4212 111.351 30.5695 111.054 30.5695Z\" fill=\"white\"><\/path><path d=\"M132.81 30.5695H124.435C124.138 30.5695 123.99 30.4212 123.99 30.1246V14.185C123.99 13.8883 124.138 13.74 124.435 13.74H132.81C133.089 13.74 133.229 13.8883 133.229 14.185V15.5198C133.229 15.8164 133.089 15.9647 132.81 15.9647H126.842C126.633 15.9647 126.528 16.052 126.528 16.2265V20.6498C126.528 20.8243 126.633 20.9115 126.842 20.9115H131.894C132.208 20.9115 132.365 21.0599 132.365 21.3565V22.6913C132.365 22.988 132.208 23.1363 131.894 23.1363H126.842C126.633 23.1363 126.528 23.2235 126.528 23.398V28.0569C126.528 28.2488 126.633 28.3448 126.842 28.3448H132.81C133.089 28.3448 133.229 28.4931 133.229 28.7898V30.1246C133.229 30.4212 133.089 30.5695 132.81 30.5695Z\" fill=\"white\"><\/path><path d=\"M137.638 30.5695H135.701C135.562 30.5695 135.457 30.5259 135.387 30.4387C135.335 30.3514 135.344 30.238 135.413 30.0984L139.732 21.8538L135.597 14.2111C135.527 14.089 135.518 13.9843 135.571 13.897C135.64 13.7924 135.745 13.74 135.885 13.74H137.743C138.092 13.74 138.336 13.8883 138.476 14.185L141.486 20.2572H141.59L144.6 14.185C144.757 13.8883 144.984 13.74 145.281 13.74H147.218C147.357 13.74 147.453 13.7924 147.506 13.897C147.575 14.0017 147.584 14.1152 147.532 14.2373L143.344 21.8538L147.663 30.0723C147.732 30.2118 147.741 30.334 147.689 30.4387C147.636 30.5259 147.532 30.5695 147.375 30.5695H145.412C145.133 30.5695 144.932 30.43 144.81 30.1508L141.59 23.7644H141.486L138.266 30.1508C138.144 30.43 137.935 30.5695 137.638 30.5695Z\" fill=\"white\"><\/path><path d=\"M151.258 30.5695H149.374C149.129 30.5695 149.042 30.4212 149.112 30.1246L153.666 14.185C153.753 13.8883 153.963 13.74 154.294 13.74H156.912C157.26 13.74 157.47 13.8883 157.54 14.185L162.094 30.1246C162.164 30.4212 162.068 30.5695 161.806 30.5695H159.948C159.791 30.5695 159.677 30.5434 159.607 30.491C159.555 30.4212 159.511 30.2991 159.477 30.1246L158.482 26.722H152.724L151.729 30.1246C151.659 30.4212 151.502 30.5695 151.258 30.5695ZM155.55 16.2527L153.247 24.6282H157.985L155.655 16.2527H155.55Z\" fill=\"white\"><\/path><\/g><defs><lineargradient id=\"paint0_linear_4736_19234\" x1=\"32.0043\" y1=\"5.36963\" x2=\"10.4915\" y2=\"42.631\" gradientunits=\"userSpaceOnUse\"><stop offset=\"1.86995e-07\" stop-color=\"white\" stop-opacity=\"0.4\"><\/stop><stop offset=\"1\" stop-color=\"white\" stop-opacity=\"0\"><\/stop><\/lineargradient><clippath id=\"clip0_4736_19234\"><rect width=\"162.116\" height=\"48\" fill=\"white\"><\/rect><\/clippath><clippath id=\"clip1_4736_19234\"><rect width=\"42.2813\" height=\"48\" fill=\"white\"><\/rect><\/clippath><\/defs><\/svg> <\/div>\n\t\t\t<\/div>\n\n\n<h1 class=\" wp-block-heading has-text-align-left eplus-wrapper\">Transformer les donn\u00e9es en enseignements<\/h1>\n\n\n<ul class=\"body-20 wp-block-list eplus-wrapper eplus-styles-uid-5b3601\">\n<li class=\" eplus-wrapper\">Plateforme open-source et collaborative d\u2019int\u00e9gration et d\u2019analyse de donn\u00e9es pour la sant\u00e9 publique<\/li>\n\n\n\n<li class=\" eplus-wrapper\">OpenHEXA centralise vos donn\u00e9es, les rend partageables, et simplifie la visualisation et la mod\u00e9lisation \u2014 le tout sur une seule plateforme con\u00e7ue pour cr\u00e9er des produits de donn\u00e9es \u00e0 fort impact.<\/li>\n\n\n\n<li class=\" eplus-wrapper\">Reconnu comme bien num\u00e9rique public (Digital Public Good)<\/li>\n<\/ul>\n\n\n<div class=\"wp-block-buttons eplus-wrapper is-layout-flex wp-block-buttons-is-layout-flex\"><div class=\" ep-custom-buttons-icon wp-block-button eplus-wrapper eplus-styles-uid-0969e7\"><a class=\"wp-block-button__link has-text-color has-background has-link-color wp-element-button\" href=\"https:\/\/www.openhexa.com\/fr\/\" style=\"color:#192041;background-color:#ff459a\" target=\"_blank\" rel=\"noreferrer noopener\">D\u00e9couvrez OpenHEXA<\/a><\/div><\/div>\n<\/div>\n\n\n\n<div class=\"wp-block-column eplus-wrapper is-layout-flow wp-block-column-is-layout-flow\">\n<figure class=\" wp-block-image size-full eplus-wrapper\"><img decoding=\"async\" width=\"2560\" height=\"1964\" src=\"https:\/\/www.bluesquarehub.com\/wp-content\/uploads\/2025\/09\/Image-Frame-3-scaled.png\" alt=\"\" class=\"wp-image-12787\" srcset=\"https:\/\/www.bluesquarehub.com\/wp-content\/uploads\/2025\/09\/Image-Frame-3-scaled.png 2560w, https:\/\/www.bluesquarehub.com\/wp-content\/uploads\/2025\/09\/Image-Frame-3-300x230.png 300w, https:\/\/www.bluesquarehub.com\/wp-content\/uploads\/2025\/09\/Image-Frame-3-1024x786.png 1024w, https:\/\/www.bluesquarehub.com\/wp-content\/uploads\/2025\/09\/Image-Frame-3-768x589.png 768w, https:\/\/www.bluesquarehub.com\/wp-content\/uploads\/2025\/09\/Image-Frame-3-1536x1178.png 1536w, https:\/\/www.bluesquarehub.com\/wp-content\/uploads\/2025\/09\/Image-Frame-3-2048x1571.png 2048w\" sizes=\"(max-width: 2560px) 100vw, 2560px\" \/><\/figure>\n<\/div>\n<\/div>\n\n<h2 class=\" wp-block-heading eplus-wrapper eplus-styles-uid-3327b8\">Tarifs<\/h2>\n\n\n<iframe \n  src=\"https:\/\/console.bluesquarehub.com\/embed\/pricing\/openhexa\/fr\/\"\n  style=\"\n    width:100%;\n    max-width:80vw;\n    height:800px;\n    border-radius:12px;\n    display:block;\n    margin:0 auto;\n    box-sizing:border-box;\n  \"\n><\/iframe>\n\n\n\n<p class=\" eplus-wrapper\"><\/p>\n\n\n\n<h2 class=\" wp-block-heading eplus-wrapper\">Service packs<\/h2>\n\n\n\n<p class=\"body-20 eplus-wrapper\">Bluesquare peut vous accompagner dans la configuration d\u2019OpenHEXA et la cr\u00e9ation de pipelines gr\u00e2ce \u00e0 des Service Packs personnalis\u00e9s.<\/p>\n\n\n\n<div class=\"wp-block-buttons eplus-wrapper is-layout-flex wp-block-buttons-is-layout-flex\"><div class=\" ep-custom-buttons-icon wp-block-button eplus-wrapper eplus-styles-uid-6f90d3\"><a class=\"wp-block-button__link has-text-color has-background has-link-color wp-element-button\" href=\"https:\/\/www.bluesquarehub.com\/fr\/produits\/abonnements-aux-services\/service-packs\/\" style=\"color:#192041;background-color:#ff459a\" target=\"_blank\" rel=\"noreferrer noopener\">D\u00e9couvrez nos Service Packs<\/a><\/div><\/div>\n\n\n        <\/div>\n    <\/div>\n    \n\n\n<p class=\" eplus-wrapper\"><\/p>\n","protected":false},"excerpt":{"rendered":"","protected":false},"author":1,"featured_media":0,"parent":14153,"menu_order":0,"comment_status":"closed","ping_status":"closed","template":"","meta":{"_acf_changed":false,"content-type":"","editor_plus_copied_stylings":"{}","footnotes":""},"class_list":["post-14205","page","type-page","status-publish","hentry"],"acf":[],"yoast_head":"<!-- This site is optimized with the Yoast SEO plugin v27.1.1 - https:\/\/yoast.com\/product\/yoast-seo-wordpress\/ -->\n<title>OpenHEXA - Bluesquare<\/title>\n<meta name=\"robots\" content=\"index, follow, max-snippet:-1, max-image-preview:large, max-video-preview:-1\" \/>\n<link rel=\"canonical\" href=\"https:\/\/www.bluesquarehub.com\/fr\/produits\/softwares\/openhexa\/\" \/>\n<meta property=\"og:locale\" content=\"fr_FR\" \/>\n<meta property=\"og:type\" content=\"article\" \/>\n<meta property=\"og:title\" content=\"OpenHEXA - Bluesquare\" \/>\n<meta property=\"og:url\" content=\"https:\/\/www.bluesquarehub.com\/fr\/produits\/softwares\/openhexa\/\" \/>\n<meta property=\"og:site_name\" content=\"Bluesquare\" \/>\n<meta property=\"article:modified_time\" content=\"2026-04-02T12:17:27+00:00\" \/>\n<meta property=\"og:image\" content=\"https:\/\/www.bluesquarehub.com\/wp-content\/uploads\/2025\/09\/Image-Frame-3-scaled.png\" \/>\n\t<meta property=\"og:image:width\" content=\"2560\" \/>\n\t<meta property=\"og:image:height\" content=\"1964\" \/>\n\t<meta property=\"og:image:type\" content=\"image\/png\" \/>\n<meta name=\"twitter:card\" content=\"summary_large_image\" \/>\n<meta name=\"twitter:site\" content=\"@blsqhub\" \/>\n<meta name=\"twitter:label1\" content=\"Dur\u00e9e de lecture estim\u00e9e\" \/>\n\t<meta name=\"twitter:data1\" content=\"1 minute\" \/>\n<script type=\"application\/ld+json\" class=\"yoast-schema-graph\">{\"@context\":\"https:\/\/schema.org\",\"@graph\":[{\"@type\":\"WebPage\",\"@id\":\"https:\/\/www.bluesquarehub.com\/fr\/produits\/softwares\/openhexa\/\",\"url\":\"https:\/\/www.bluesquarehub.com\/fr\/produits\/softwares\/openhexa\/\",\"name\":\"OpenHEXA - Bluesquare\",\"isPartOf\":{\"@id\":\"https:\/\/www.bluesquarehub.com\/fr\/#website\"},\"primaryImageOfPage\":{\"@id\":\"https:\/\/www.bluesquarehub.com\/fr\/produits\/softwares\/openhexa\/#primaryimage\"},\"image\":{\"@id\":\"https:\/\/www.bluesquarehub.com\/fr\/produits\/softwares\/openhexa\/#primaryimage\"},\"thumbnailUrl\":\"https:\/\/www.bluesquarehub.com\/wp-content\/uploads\/2025\/09\/Image-Frame-3-scaled.png\",\"datePublished\":\"2025-08-04T08:11:24+00:00\",\"dateModified\":\"2026-04-02T12:17:27+00:00\",\"breadcrumb\":{\"@id\":\"https:\/\/www.bluesquarehub.com\/fr\/produits\/softwares\/openhexa\/#breadcrumb\"},\"inLanguage\":\"fr-FR\",\"potentialAction\":[{\"@type\":\"ReadAction\",\"target\":[\"https:\/\/www.bluesquarehub.com\/fr\/produits\/softwares\/openhexa\/\"]}]},{\"@type\":\"ImageObject\",\"inLanguage\":\"fr-FR\",\"@id\":\"https:\/\/www.bluesquarehub.com\/fr\/produits\/softwares\/openhexa\/#primaryimage\",\"url\":\"https:\/\/www.bluesquarehub.com\/wp-content\/uploads\/2025\/09\/Image-Frame-3-scaled.png\",\"contentUrl\":\"https:\/\/www.bluesquarehub.com\/wp-content\/uploads\/2025\/09\/Image-Frame-3-scaled.png\"},{\"@type\":\"BreadcrumbList\",\"@id\":\"https:\/\/www.bluesquarehub.com\/fr\/produits\/softwares\/openhexa\/#breadcrumb\",\"itemListElement\":[{\"@type\":\"ListItem\",\"position\":1,\"name\":\"Home\",\"item\":\"https:\/\/www.bluesquarehub.com\/fr\/\"},{\"@type\":\"ListItem\",\"position\":2,\"name\":\"Produits\",\"item\":\"https:\/\/www.bluesquarehub.com\/fr\/produits\/\"},{\"@type\":\"ListItem\",\"position\":3,\"name\":\"Nos logiciels\",\"item\":\"https:\/\/www.bluesquarehub.com\/fr\/produits\/softwares\/\"},{\"@type\":\"ListItem\",\"position\":4,\"name\":\"OpenHEXA\"}]},{\"@type\":\"WebSite\",\"@id\":\"https:\/\/www.bluesquarehub.com\/fr\/#website\",\"url\":\"https:\/\/www.bluesquarehub.com\/fr\/\",\"name\":\"Bluesquare\",\"description\":\"\",\"publisher\":{\"@id\":\"https:\/\/www.bluesquarehub.com\/fr\/#organization\"},\"potentialAction\":[{\"@type\":\"SearchAction\",\"target\":{\"@type\":\"EntryPoint\",\"urlTemplate\":\"https:\/\/www.bluesquarehub.com\/fr\/?s={search_term_string}\"},\"query-input\":{\"@type\":\"PropertyValueSpecification\",\"valueRequired\":true,\"valueName\":\"search_term_string\"}}],\"inLanguage\":\"fr-FR\"},{\"@type\":\"Organization\",\"@id\":\"https:\/\/www.bluesquarehub.com\/fr\/#organization\",\"name\":\"Bluesquare\",\"url\":\"https:\/\/www.bluesquarehub.com\/fr\/\",\"logo\":{\"@type\":\"ImageObject\",\"inLanguage\":\"fr-FR\",\"@id\":\"https:\/\/www.bluesquarehub.com\/fr\/#\/schema\/logo\/image\/\",\"url\":\"https:\/\/www.bluesquarehub.com\/wp-content\/uploads\/2025\/10\/Logo-Banner.png\",\"contentUrl\":\"https:\/\/www.bluesquarehub.com\/wp-content\/uploads\/2025\/10\/Logo-Banner.png\",\"width\":2400,\"height\":1260,\"caption\":\"Bluesquare\"},\"image\":{\"@id\":\"https:\/\/www.bluesquarehub.com\/fr\/#\/schema\/logo\/image\/\"},\"sameAs\":[\"https:\/\/x.com\/blsqhub\",\"https:\/\/www.linkedin.com\/company\/bluesquarehub\",\"https:\/\/www.youtube.com\/channel\/UC33QxHTlZzQyXUJnXtWeyBw\/\"]}]}<\/script>\n<!-- \/ Yoast SEO plugin. -->","yoast_head_json":{"title":"OpenHEXA - Bluesquare","robots":{"index":"index","follow":"follow","max-snippet":"max-snippet:-1","max-image-preview":"max-image-preview:large","max-video-preview":"max-video-preview:-1"},"canonical":"https:\/\/www.bluesquarehub.com\/fr\/produits\/softwares\/openhexa\/","og_locale":"fr_FR","og_type":"article","og_title":"OpenHEXA - Bluesquare","og_url":"https:\/\/www.bluesquarehub.com\/fr\/produits\/softwares\/openhexa\/","og_site_name":"Bluesquare","article_modified_time":"2026-04-02T12:17:27+00:00","og_image":[{"width":2560,"height":1964,"url":"https:\/\/www.bluesquarehub.com\/wp-content\/uploads\/2025\/09\/Image-Frame-3-scaled.png","type":"image\/png"}],"twitter_card":"summary_large_image","twitter_site":"@blsqhub","twitter_misc":{"Dur\u00e9e de lecture estim\u00e9e":"1 minute"},"schema":{"@context":"https:\/\/schema.org","@graph":[{"@type":"WebPage","@id":"https:\/\/www.bluesquarehub.com\/fr\/produits\/softwares\/openhexa\/","url":"https:\/\/www.bluesquarehub.com\/fr\/produits\/softwares\/openhexa\/","name":"OpenHEXA - Bluesquare","isPartOf":{"@id":"https:\/\/www.bluesquarehub.com\/fr\/#website"},"primaryImageOfPage":{"@id":"https:\/\/www.bluesquarehub.com\/fr\/produits\/softwares\/openhexa\/#primaryimage"},"image":{"@id":"https:\/\/www.bluesquarehub.com\/fr\/produits\/softwares\/openhexa\/#primaryimage"},"thumbnailUrl":"https:\/\/www.bluesquarehub.com\/wp-content\/uploads\/2025\/09\/Image-Frame-3-scaled.png","datePublished":"2025-08-04T08:11:24+00:00","dateModified":"2026-04-02T12:17:27+00:00","breadcrumb":{"@id":"https:\/\/www.bluesquarehub.com\/fr\/produits\/softwares\/openhexa\/#breadcrumb"},"inLanguage":"fr-FR","potentialAction":[{"@type":"ReadAction","target":["https:\/\/www.bluesquarehub.com\/fr\/produits\/softwares\/openhexa\/"]}]},{"@type":"ImageObject","inLanguage":"fr-FR","@id":"https:\/\/www.bluesquarehub.com\/fr\/produits\/softwares\/openhexa\/#primaryimage","url":"https:\/\/www.bluesquarehub.com\/wp-content\/uploads\/2025\/09\/Image-Frame-3-scaled.png","contentUrl":"https:\/\/www.bluesquarehub.com\/wp-content\/uploads\/2025\/09\/Image-Frame-3-scaled.png"},{"@type":"BreadcrumbList","@id":"https:\/\/www.bluesquarehub.com\/fr\/produits\/softwares\/openhexa\/#breadcrumb","itemListElement":[{"@type":"ListItem","position":1,"name":"Home","item":"https:\/\/www.bluesquarehub.com\/fr\/"},{"@type":"ListItem","position":2,"name":"Produits","item":"https:\/\/www.bluesquarehub.com\/fr\/produits\/"},{"@type":"ListItem","position":3,"name":"Nos logiciels","item":"https:\/\/www.bluesquarehub.com\/fr\/produits\/softwares\/"},{"@type":"ListItem","position":4,"name":"OpenHEXA"}]},{"@type":"WebSite","@id":"https:\/\/www.bluesquarehub.com\/fr\/#website","url":"https:\/\/www.bluesquarehub.com\/fr\/","name":"Bluesquare","description":"","publisher":{"@id":"https:\/\/www.bluesquarehub.com\/fr\/#organization"},"potentialAction":[{"@type":"SearchAction","target":{"@type":"EntryPoint","urlTemplate":"https:\/\/www.bluesquarehub.com\/fr\/?s={search_term_string}"},"query-input":{"@type":"PropertyValueSpecification","valueRequired":true,"valueName":"search_term_string"}}],"inLanguage":"fr-FR"},{"@type":"Organization","@id":"https:\/\/www.bluesquarehub.com\/fr\/#organization","name":"Bluesquare","url":"https:\/\/www.bluesquarehub.com\/fr\/","logo":{"@type":"ImageObject","inLanguage":"fr-FR","@id":"https:\/\/www.bluesquarehub.com\/fr\/#\/schema\/logo\/image\/","url":"https:\/\/www.bluesquarehub.com\/wp-content\/uploads\/2025\/10\/Logo-Banner.png","contentUrl":"https:\/\/www.bluesquarehub.com\/wp-content\/uploads\/2025\/10\/Logo-Banner.png","width":2400,"height":1260,"caption":"Bluesquare"},"image":{"@id":"https:\/\/www.bluesquarehub.com\/fr\/#\/schema\/logo\/image\/"},"sameAs":["https:\/\/x.com\/blsqhub","https:\/\/www.linkedin.com\/company\/bluesquarehub","https:\/\/www.youtube.com\/channel\/UC33QxHTlZzQyXUJnXtWeyBw\/"]}]}},"_links":{"self":[{"href":"https:\/\/www.bluesquarehub.com\/fr\/wp-json\/wp\/v2\/pages\/14205","targetHints":{"allow":["GET"]}}],"collection":[{"href":"https:\/\/www.bluesquarehub.com\/fr\/wp-json\/wp\/v2\/pages"}],"about":[{"href":"https:\/\/www.bluesquarehub.com\/fr\/wp-json\/wp\/v2\/types\/page"}],"author":[{"embeddable":true,"href":"https:\/\/www.bluesquarehub.com\/fr\/wp-json\/wp\/v2\/users\/1"}],"replies":[{"embeddable":true,"href":"https:\/\/www.bluesquarehub.com\/fr\/wp-json\/wp\/v2\/comments?post=14205"}],"version-history":[{"count":7,"href":"https:\/\/www.bluesquarehub.com\/fr\/wp-json\/wp\/v2\/pages\/14205\/revisions"}],"predecessor-version":[{"id":16955,"href":"https:\/\/www.bluesquarehub.com\/fr\/wp-json\/wp\/v2\/pages\/14205\/revisions\/16955"}],"up":[{"embeddable":true,"href":"https:\/\/www.bluesquarehub.com\/fr\/wp-json\/wp\/v2\/pages\/14153"}],"wp:attachment":[{"href":"https:\/\/www.bluesquarehub.com\/fr\/wp-json\/wp\/v2\/media?parent=14205"}],"curies":[{"name":"wp","href":"https:\/\/api.w.org\/{rel}","templated":true}]}}