{"id":15677,"date":"2026-01-27T14:53:31","date_gmt":"2026-01-27T13:53:31","guid":{"rendered":"https:\/\/www.bluesquarehub.com\/?page_id=15677"},"modified":"2026-03-18T11:55:31","modified_gmt":"2026-03-18T10:55:31","slug":"produits-donnees","status":"publish","type":"page","link":"https:\/\/www.bluesquarehub.com\/fr\/services\/produits-donnees\/","title":{"rendered":"Produits de donn\u00e9es"},"content":{"rendered":"    <div class=\"hero-section  py-60 md:py-[160px] text-center bg-cover bg-center  bg-dark text-white  [&#038;_.sub-title-home]:opacity-80 [&#038;_.sub-title-home]:text-[32px] md:[&#038;_.sub-title-home]:text-[20px]\"\n         style=\"background-image: url('https:\/\/www.bluesquarehub.com\/wp-content\/uploads\/2025\/07\/Hero-Section-1.jpg')\">\n        <div class=\"container \">\n            \n<h5 class=\" wp-block-heading eplus-wrapper eplus-styles-uid-677210\">Service<\/h5>\n\n\n<h1 class=\" wp-block-heading has-text-align-center eplus-wrapper\">Produits de donn\u00e9es<\/h1>\n\n\n\n<p class=\"body-24 has-text-align-center eplus-wrapper\">Aider les organisations \u00e0 concevoir et \u00e0 faire \u00e9voluer des produits de donn\u00e9es<\/p>\n\n\n        <\/div>\n    <\/div>\n    \n\n    <div class=\"wrapper-container-block overflow-hidden py-[90px] md:!py-[64px] bg-color-gray \"\n         id=\"block_d1ddafc6c15938e1d159df3367db0068\"\n         style=\" padding-top: 90px; padding-bottom: 90px; \">\n        <div class=\"container\">\n            \n<h5 class=\" wp-block-heading has-text-align-center eplus-wrapper eplus-styles-uid-677210\">Ce que nous faisons<\/h5>\n\n<p class=\" has-text-align-center eplus-wrapper eplus-styles-uid-c1a70c\">Nous concevons vos produits de donn\u00e9es afin de maximiser votre impact et vos revenus.<\/p>\n\n        <\/div>\n    <\/div>\n    \n\n    <div class=\"wrapper-container-block overflow-hidden py-[90px] md:!py-[64px] bg-color-white \"\n         id=\"block_5f8e3a2dd9a348e548550e842cdd883c\"\n         style=\" padding-top: 60px; padding-bottom: 60px; \">\n        <div class=\"container\">\n            \n<h5 class=\" wp-block-heading has-text-align-center eplus-wrapper eplus-styles-uid-8071a9\">M\u00c9thodologie<\/h5>\n\n<p class=\" has-text-align-left eplus-wrapper eplus-styles-uid-c1a70c\">Bluesquare accompagne les organisations dans l\u2019automatisation de l\u2019extraction, de la consolidation, du traitement et de la mod\u00e9lisation des donn\u00e9es, et dans la cr\u00e9ation de produits de donn\u00e9es qui fournissent \u00e0 leurs clients et publics cibles des donn\u00e9es continuellement mises \u00e0 jour, sous diff\u00e9rents formats.<\/p>\n\n<p class=\" has-text-align-left eplus-wrapper eplus-styles-uid-c1a70c\">Chez Bluesquare, les produits de donn\u00e9es sont construits sur les plateformes <a href=\"https:\/\/www.bluesquarehub.com\/fr\/produits\/softwares\/openhexa\/\"><mark style=\"background-color:rgba(0, 0, 0, 0)\" class=\"has-inline-color has-blue-color\">OpenHEXA<\/mark><\/a> et <a href=\"https:\/\/www.bluesquarehub.com\/fr\/produits\/softwares\/iaso\/\"><mark style=\"background-color:rgba(0, 0, 0, 0)\" class=\"has-inline-color has-blue-color\">IASO<\/mark><\/a>, ainsi que sur des outils compl\u00e9mentaires lorsque cela est n\u00e9cessaire. Gr\u00e2ce \u00e0 la plateforme OpenHEXA, nos clients peuvent choisir de g\u00e9rer leurs flux de donn\u00e9es de mani\u00e8re autonome et garder un contr\u00f4le total sur les pipelines et les traitements de donn\u00e9es, de confier cette gestion \u00e0 Bluesquare, ou d\u2019opter pour une combinaison des deux.<\/p>\n\n<p class=\" has-text-align-left eplus-wrapper eplus-styles-uid-c1a70c\">Votre produit de donn\u00e9es peut \u00eatre h\u00e9berg\u00e9 dans votre propre infrastructure. OpenHEXA pr\u00e9sente la particularit\u00e9 unique de pouvoir \u00eatre d\u00e9ploy\u00e9 soit dans une infrastructure s\u00e9curis\u00e9e de niveau Tier 1 g\u00e9r\u00e9e par Bluesquare, soit directement sur votre infrastructure, garantissant ainsi une s\u00e9curit\u00e9 totale et la confidentialit\u00e9 des donn\u00e9es.<\/p>\n\n<p class=\" has-text-align-left eplus-wrapper eplus-styles-uid-c1a70c\">Avec OpenHEXA, vos \u00e9quipes b\u00e9n\u00e9ficient \u00e9galement de pipelines de donn\u00e9es d\u00e9velopp\u00e9s par une communaut\u00e9, ce qui permet d\u2019\u00e9conomiser plusieurs jours de travail en data science.<\/p>\n\n\n<h3 class=\" wp-block-heading eplus-wrapper\">Comment vos clients et utilisateurs interagissent-ils avec les donn\u00e9es ?<\/h3>\n\n\n<p class=\" eplus-wrapper eplus-styles-uid-a62243\">Bluesquare vous aide \u00e0 concevoir un produit de donn\u00e9es permettant \u00e0 vos clients et utilisateurs d\u2019acc\u00e9der aux donn\u00e9es via diff\u00e9rentes modalit\u00e9s :<\/p>\n\n<ul class=\" wp-block-list eplus-wrapper eplus-styles-uid-e6b78f\"><li class=\" eplus-wrapper eplus-styles-uid-a62243\"><strong>Applications web d\u00e9di\u00e9es<\/strong> : des interfaces personnalis\u00e9es permettant aux utilisateurs et aux clients d\u2019interagir avec les donn\u00e9es et les processus de traitement, y compris les param\u00e8tres de calcul.<\/li>\n\n<li class=\" eplus-wrapper eplus-styles-uid-a62243\"><strong>Tableaux de bord de business intelligence<\/strong> facilitant l\u2019exploration et l\u2019analyse des donn\u00e9es.<\/li>\n\n<li class=\" eplus-wrapper eplus-styles-uid-a62243\"><strong>Rapports automatis\u00e9s et personnalis\u00e9s<\/strong> aux formats DOC, PDF ou PPT, pouvant \u00eatre diffus\u00e9s par e-mail.<\/li>\n\n<li class=\" eplus-wrapper eplus-styles-uid-a62243\"><strong>Interfaces s\u00e9curis\u00e9es par mot de passe<\/strong> permettant l\u2019acc\u00e8s aux donn\u00e9es brutes.<\/li><\/ul>\n\n        <\/div>\n    <\/div>\n    \n\n    <div class=\"wrapper-container-block overflow-hidden py-[90px] md:!py-[64px] bg-color-white \"\n         id=\"block_85abb6a7e5ce8e2918316a173c8f085d\"\n         style=\" padding-top: 40px; padding-bottom: 40px; \">\n        <div class=\"container\">\n            \n<h5 class=\" wp-block-heading has-text-align-center eplus-wrapper eplus-styles-uid-8071a9\">nos produits de donn\u00e9es en action<\/h5>\n\n\n<h2 class=\" wp-block-heading eplus-wrapper\">Bo\u00eete \u00e0 outils SNT : pour l&rsquo;adaptation infranationale<\/h2>\n\n\n<p class=\" eplus-wrapper eplus-styles-uid-a62243\">La Fondation Gates a mandat\u00e9 Bluesquare pour d\u00e9velopper un produit de donn\u00e9es. L&rsquo;objectif : aider les pays \u00e0 optimiser l\u2019allocation des produits de lutte contre le paludisme. <a href=\"https:\/\/www.snt-toolbox.org\/\"><mark style=\"background-color:rgba(0, 0, 0, 0)\" class=\"has-inline-color has-blue-color\">D\u00e9couvrez la bo\u00eete \u00e0 outils SNT<\/mark><\/a>.<\/p>\n\n\n<h2 class=\" wp-block-heading eplus-wrapper\">Epimaps<\/h2>\n\n\n<p class=\" eplus-wrapper eplus-styles-uid-a62243\">Bluesquare automatise la production et la g\u00e9n\u00e9ration de cartes \u00e9pid\u00e9miologiques et de cartes des risques. <a href=\"https:\/\/www.bluesquarehub.com\/fr\/services\/produits-donnees\/epimaps\/\"><mark style=\"background-color:rgba(0, 0, 0, 0)\" class=\"has-inline-color has-blue-color\">D\u00e9couvrez nos Epimaps<\/mark><\/a>.<\/p>\n\n\n<h2 class=\" wp-block-heading eplus-wrapper\">Microplans<\/h2>\n\n\n<p class=\" eplus-wrapper eplus-styles-uid-a62243\">Les microplans servent de guides op\u00e9rationnels d\u00e9taill\u00e9s pour diff\u00e9rents programmes, garantissant que les interventions cibl\u00e9es identifi\u00e9es gr\u00e2ce \u00e0 l\u2019analyse des donn\u00e9es soient effectivement mises en \u0153uvre sur le terrain. <a href=\"https:\/\/www.bluesquarehub.com\/fr\/services\/produits-donnees\/microplan\/microplan\/\"><mark style=\"background-color:rgba(0, 0, 0, 0)\" class=\"has-inline-color has-blue-color\">D\u00e9couvrez nos Microplans<\/mark><\/a>.<\/p>\n\n\n<h2 class=\" wp-block-heading eplus-wrapper\">GAPS<\/h2>\n\n\n<p class=\" eplus-wrapper eplus-styles-uid-a62243\">GAPS (Gap and Allocation Planning Suite) est un\u00a0<strong>outil automatis\u00e9 con\u00e7u sur mesure<\/strong>. Il permet de suivre pr\u00e9cis\u00e9ment les d\u00e9ficits de financement et d\u2019explorer diff\u00e9rents sc\u00e9narios d\u2019allocation en temps r\u00e9el. <a href=\"https:\/\/www.bluesquarehub.com\/fr\/services\/produits-donnees\/gaps\/\"><mark style=\"background-color:rgba(0, 0, 0, 0)\" class=\"has-inline-color has-blue-color\">D\u00e9couvrez GAPS<\/mark><\/a>. <\/p>\n\n\n<h2 class=\" wp-block-heading eplus-wrapper\">Accessibilit\u00e9 aux services de sant\u00e9<\/h2>\n\n\n<p class=\" eplus-wrapper eplus-styles-uid-a62243\">Gr\u00e2ce \u00e0 notre produit de donn\u00e9es sur l\u2019accessibilit\u00e9 aux services de sant\u00e9, l\u2019analyse g\u00e9ospatiale permet de r\u00e9v\u00e9ler o\u00f9 les populations sont mal desservies ; et o\u00f9 investir pour combler les \u00e9carts. <a href=\"https:\/\/www.bluesquarehub.com\/fr\/services\/produits-donnees\/accessibilite-services-sante\/\" type=\"page\" id=\"16718\"><mark style=\"background-color:rgba(0, 0, 0, 0)\" class=\"has-inline-color has-blue-link-color\">D\u00e9couvrez comment rendre accessibles les services de sant\u00e9<\/mark><\/a>. <\/p>\n\n        <\/div>\n    <\/div>\n    \n\n    <div class=\"wrapper-container-block overflow-hidden py-[90px] md:!py-[64px] bg-color-white \"\n         id=\"block_739e5b93d1724aaf74712ab1c902dd94\"\n         style=\" padding-top: 20px; padding-bottom: 20px; \">\n        <div class=\"container\">\n            \n<div class=\"gradient-section wp-block-group has-background eplus-wrapper eplus-styles-uid-aa584b\" style=\"background:linear-gradient(90deg,rgb(25,32,65) 2%,rgb(102,0,0) 100%)\"><div class=\"wp-block-group__inner-container is-layout-constrained wp-block-group-is-layout-constrained\">\n<h2 class=\"wp-block-heading has-text-align-center has-white-color has-text-color has-link-color eplus-wrapper wp-elements-540d70d9cc2cc2d31e27f130c9d2a6fa\">Pr\u00eat \u00e0 lib\u00e9rer le potentiel de vos donn\u00e9es ?<\/h2>\n\n\n\n<p class=\"body-24 has-text-align-center has-white-color has-text-color has-link-color eplus-wrapper wp-elements-2c61a6d1651806f62da16261cd9a5641\">Parlez \u00e0 un expert Bluesquare.<\/p>\n\n\n\n<div class=\"wp-block-buttons eplus-wrapper is-content-justification-center is-layout-flex wp-container-core-buttons-is-layout-16018d1d wp-block-buttons-is-layout-flex\"><div class=\" wp-block-button eplus-wrapper eplus-styles-uid-90bfe2\"><a class=\"wp-block-button__link has-background wp-element-button\" href=\"https:\/\/www.bluesquarehub.com\/fr\/contact\/\" style=\"background-color:#4361ee\" target=\"_blank\" rel=\"noreferrer noopener\">Contactez-nous maintenant<\/a><\/div><\/div>\n<\/div><\/div>\n\n        <\/div>\n    <\/div>\n    \n\n    <div class=\"wrapper-container-block overflow-hidden py-[90px] md:!py-[64px] bg-color-gray \"\n         id=\"block_e9013ad7d4a1a16c066ed4c777fd1444\"\n         style=\"  \">\n        <div class=\"container\">\n            \n<h5 class=\" wp-block-heading has-text-align-center eplus-wrapper eplus-styles-uid-677210\">Pourquoi Bluesquare<\/h5>\n\n<h2 class=\" wp-block-heading has-text-align-center eplus-wrapper eplus-styles-uid-4a74ad\">Transformer les donn\u00e9es en informations exploitables<\/h2>\n\n<ul class=\" wp-block-list eplus-wrapper eplus-styles-uid-48ba16\"><li class=\" eplus-wrapper eplus-styles-uid-a62243\"><strong>Expertise de bout en bout<\/strong>\u00a0: de la collecte de donn\u00e9es \u00e0 la mod\u00e9lisation et \u00e0 la visualisation avanc\u00e9es.<\/li>\n\n<li class=\" eplus-wrapper eplus-styles-uid-a62243\"><strong>\u00c9quipe multidisciplinaire<\/strong>\u00a0: scientifiques des donn\u00e9es, ing\u00e9nieurs, experts en sant\u00e9 publique et chefs de projet.<\/li>\n\n<li class=\" eplus-wrapper eplus-styles-uid-a62243\"><strong>Solutions test\u00e9es sur le terrain<\/strong>\u00a0: con\u00e7ues pour les contraintes du monde r\u00e9el et la durabilit\u00e9.<\/li>\n\n<li class=\" eplus-wrapper eplus-styles-uid-a62243\"><strong>Plateformes internes<\/strong>\u00a0: <a href=\"https:\/\/www.openiaso.com\/fr\/\" target=\"_blank\" rel=\"noreferrer noopener\">IASO<\/a> pour la collecte de donn\u00e9es et <a href=\"https:\/\/www.bluesquarehub.com\/fr\/produits\/softwares\/openhexa\/\" target=\"_blank\" rel=\"noreferrer noopener\">OpenHEXA<\/a> pour l\u2019int\u00e9gration.<\/li><\/ul>\n\n        <\/div>\n    <\/div>\n    ","protected":false},"excerpt":{"rendered":"","protected":false},"author":4,"featured_media":0,"parent":14072,"menu_order":0,"comment_status":"closed","ping_status":"closed","template":"","meta":{"_acf_changed":false,"content-type":"","editor_plus_copied_stylings":"{}","footnotes":""},"class_list":["post-15677","page","type-page","status-publish","hentry"],"acf":[],"yoast_head":"<!-- This site is optimized with the Yoast SEO plugin v27.1.1 - https:\/\/yoast.com\/product\/yoast-seo-wordpress\/ -->\n<title>Produits de donn\u00e9es - Bluesquare<\/title>\n<meta name=\"description\" content=\"Aider les organisations \u00e0 concevoir et \u00e0 faire \u00e9voluer des produits de donn\u00e9es. Bluesquare les con\u00e7oit et maximise votre impact.\" \/>\n<meta name=\"robots\" content=\"index, follow, max-snippet:-1, max-image-preview:large, max-video-preview:-1\" \/>\n<link rel=\"canonical\" href=\"https:\/\/www.bluesquarehub.com\/fr\/services\/produits-donnees\/\" \/>\n<meta property=\"og:locale\" content=\"fr_FR\" \/>\n<meta property=\"og:type\" content=\"article\" \/>\n<meta property=\"og:title\" content=\"Produits de donn\u00e9es - Bluesquare\" \/>\n<meta property=\"og:description\" content=\"Aider les organisations \u00e0 concevoir et \u00e0 faire \u00e9voluer des produits de donn\u00e9es. Bluesquare les con\u00e7oit et maximise votre impact.\" \/>\n<meta property=\"og:url\" content=\"https:\/\/www.bluesquarehub.com\/fr\/services\/produits-donnees\/\" \/>\n<meta property=\"og:site_name\" content=\"Bluesquare\" \/>\n<meta property=\"article:modified_time\" content=\"2026-03-18T10:55:31+00:00\" \/>\n<meta name=\"twitter:card\" content=\"summary_large_image\" \/>\n<meta name=\"twitter:site\" content=\"@blsqhub\" \/>\n<meta name=\"twitter:label1\" content=\"Dur\u00e9e de lecture estim\u00e9e\" \/>\n\t<meta name=\"twitter:data1\" content=\"3 minutes\" \/>\n<script type=\"application\/ld+json\" class=\"yoast-schema-graph\">{\"@context\":\"https:\/\/schema.org\",\"@graph\":[{\"@type\":\"WebPage\",\"@id\":\"https:\/\/www.bluesquarehub.com\/fr\/services\/produits-donnees\/\",\"url\":\"https:\/\/www.bluesquarehub.com\/fr\/services\/produits-donnees\/\",\"name\":\"Produits de donn\u00e9es - Bluesquare\",\"isPartOf\":{\"@id\":\"https:\/\/www.bluesquarehub.com\/fr\/#website\"},\"datePublished\":\"2026-01-27T13:53:31+00:00\",\"dateModified\":\"2026-03-18T10:55:31+00:00\",\"description\":\"Aider les organisations \u00e0 concevoir et \u00e0 faire \u00e9voluer des produits de donn\u00e9es. Bluesquare les con\u00e7oit et maximise votre impact.\",\"breadcrumb\":{\"@id\":\"https:\/\/www.bluesquarehub.com\/fr\/services\/produits-donnees\/#breadcrumb\"},\"inLanguage\":\"fr-FR\",\"potentialAction\":[{\"@type\":\"ReadAction\",\"target\":[\"https:\/\/www.bluesquarehub.com\/fr\/services\/produits-donnees\/\"]}]},{\"@type\":\"BreadcrumbList\",\"@id\":\"https:\/\/www.bluesquarehub.com\/fr\/services\/produits-donnees\/#breadcrumb\",\"itemListElement\":[{\"@type\":\"ListItem\",\"position\":1,\"name\":\"Home\",\"item\":\"https:\/\/www.bluesquarehub.com\/fr\/\"},{\"@type\":\"ListItem\",\"position\":2,\"name\":\"Services\",\"item\":\"https:\/\/www.bluesquarehub.com\/fr\/services\/\"},{\"@type\":\"ListItem\",\"position\":3,\"name\":\"Produits de donn\u00e9es\"}]},{\"@type\":\"WebSite\",\"@id\":\"https:\/\/www.bluesquarehub.com\/fr\/#website\",\"url\":\"https:\/\/www.bluesquarehub.com\/fr\/\",\"name\":\"Bluesquare\",\"description\":\"\",\"publisher\":{\"@id\":\"https:\/\/www.bluesquarehub.com\/fr\/#organization\"},\"potentialAction\":[{\"@type\":\"SearchAction\",\"target\":{\"@type\":\"EntryPoint\",\"urlTemplate\":\"https:\/\/www.bluesquarehub.com\/fr\/?s={search_term_string}\"},\"query-input\":{\"@type\":\"PropertyValueSpecification\",\"valueRequired\":true,\"valueName\":\"search_term_string\"}}],\"inLanguage\":\"fr-FR\"},{\"@type\":\"Organization\",\"@id\":\"https:\/\/www.bluesquarehub.com\/fr\/#organization\",\"name\":\"Bluesquare\",\"url\":\"https:\/\/www.bluesquarehub.com\/fr\/\",\"logo\":{\"@type\":\"ImageObject\",\"inLanguage\":\"fr-FR\",\"@id\":\"https:\/\/www.bluesquarehub.com\/fr\/#\/schema\/logo\/image\/\",\"url\":\"https:\/\/www.bluesquarehub.com\/wp-content\/uploads\/2025\/10\/Logo-Banner.png\",\"contentUrl\":\"https:\/\/www.bluesquarehub.com\/wp-content\/uploads\/2025\/10\/Logo-Banner.png\",\"width\":2400,\"height\":1260,\"caption\":\"Bluesquare\"},\"image\":{\"@id\":\"https:\/\/www.bluesquarehub.com\/fr\/#\/schema\/logo\/image\/\"},\"sameAs\":[\"https:\/\/x.com\/blsqhub\",\"https:\/\/www.linkedin.com\/company\/bluesquarehub\",\"https:\/\/www.youtube.com\/channel\/UC33QxHTlZzQyXUJnXtWeyBw\/\"]}]}<\/script>\n<!-- \/ Yoast SEO plugin. -->","yoast_head_json":{"title":"Produits de donn\u00e9es - Bluesquare","description":"Aider les organisations \u00e0 concevoir et \u00e0 faire \u00e9voluer des produits de donn\u00e9es. Bluesquare les con\u00e7oit et maximise votre impact.","robots":{"index":"index","follow":"follow","max-snippet":"max-snippet:-1","max-image-preview":"max-image-preview:large","max-video-preview":"max-video-preview:-1"},"canonical":"https:\/\/www.bluesquarehub.com\/fr\/services\/produits-donnees\/","og_locale":"fr_FR","og_type":"article","og_title":"Produits de donn\u00e9es - Bluesquare","og_description":"Aider les organisations \u00e0 concevoir et \u00e0 faire \u00e9voluer des produits de donn\u00e9es. Bluesquare les con\u00e7oit et maximise votre impact.","og_url":"https:\/\/www.bluesquarehub.com\/fr\/services\/produits-donnees\/","og_site_name":"Bluesquare","article_modified_time":"2026-03-18T10:55:31+00:00","twitter_card":"summary_large_image","twitter_site":"@blsqhub","twitter_misc":{"Dur\u00e9e de lecture estim\u00e9e":"3 minutes"},"schema":{"@context":"https:\/\/schema.org","@graph":[{"@type":"WebPage","@id":"https:\/\/www.bluesquarehub.com\/fr\/services\/produits-donnees\/","url":"https:\/\/www.bluesquarehub.com\/fr\/services\/produits-donnees\/","name":"Produits de donn\u00e9es - Bluesquare","isPartOf":{"@id":"https:\/\/www.bluesquarehub.com\/fr\/#website"},"datePublished":"2026-01-27T13:53:31+00:00","dateModified":"2026-03-18T10:55:31+00:00","description":"Aider les organisations \u00e0 concevoir et \u00e0 faire \u00e9voluer des produits de donn\u00e9es. Bluesquare les con\u00e7oit et maximise votre impact.","breadcrumb":{"@id":"https:\/\/www.bluesquarehub.com\/fr\/services\/produits-donnees\/#breadcrumb"},"inLanguage":"fr-FR","potentialAction":[{"@type":"ReadAction","target":["https:\/\/www.bluesquarehub.com\/fr\/services\/produits-donnees\/"]}]},{"@type":"BreadcrumbList","@id":"https:\/\/www.bluesquarehub.com\/fr\/services\/produits-donnees\/#breadcrumb","itemListElement":[{"@type":"ListItem","position":1,"name":"Home","item":"https:\/\/www.bluesquarehub.com\/fr\/"},{"@type":"ListItem","position":2,"name":"Services","item":"https:\/\/www.bluesquarehub.com\/fr\/services\/"},{"@type":"ListItem","position":3,"name":"Produits de donn\u00e9es"}]},{"@type":"WebSite","@id":"https:\/\/www.bluesquarehub.com\/fr\/#website","url":"https:\/\/www.bluesquarehub.com\/fr\/","name":"Bluesquare","description":"","publisher":{"@id":"https:\/\/www.bluesquarehub.com\/fr\/#organization"},"potentialAction":[{"@type":"SearchAction","target":{"@type":"EntryPoint","urlTemplate":"https:\/\/www.bluesquarehub.com\/fr\/?s={search_term_string}"},"query-input":{"@type":"PropertyValueSpecification","valueRequired":true,"valueName":"search_term_string"}}],"inLanguage":"fr-FR"},{"@type":"Organization","@id":"https:\/\/www.bluesquarehub.com\/fr\/#organization","name":"Bluesquare","url":"https:\/\/www.bluesquarehub.com\/fr\/","logo":{"@type":"ImageObject","inLanguage":"fr-FR","@id":"https:\/\/www.bluesquarehub.com\/fr\/#\/schema\/logo\/image\/","url":"https:\/\/www.bluesquarehub.com\/wp-content\/uploads\/2025\/10\/Logo-Banner.png","contentUrl":"https:\/\/www.bluesquarehub.com\/wp-content\/uploads\/2025\/10\/Logo-Banner.png","width":2400,"height":1260,"caption":"Bluesquare"},"image":{"@id":"https:\/\/www.bluesquarehub.com\/fr\/#\/schema\/logo\/image\/"},"sameAs":["https:\/\/x.com\/blsqhub","https:\/\/www.linkedin.com\/company\/bluesquarehub","https:\/\/www.youtube.com\/channel\/UC33QxHTlZzQyXUJnXtWeyBw\/"]}]}},"_links":{"self":[{"href":"https:\/\/www.bluesquarehub.com\/fr\/wp-json\/wp\/v2\/pages\/15677","targetHints":{"allow":["GET"]}}],"collection":[{"href":"https:\/\/www.bluesquarehub.com\/fr\/wp-json\/wp\/v2\/pages"}],"about":[{"href":"https:\/\/www.bluesquarehub.com\/fr\/wp-json\/wp\/v2\/types\/page"}],"author":[{"embeddable":true,"href":"https:\/\/www.bluesquarehub.com\/fr\/wp-json\/wp\/v2\/users\/4"}],"replies":[{"embeddable":true,"href":"https:\/\/www.bluesquarehub.com\/fr\/wp-json\/wp\/v2\/comments?post=15677"}],"version-history":[{"count":8,"href":"https:\/\/www.bluesquarehub.com\/fr\/wp-json\/wp\/v2\/pages\/15677\/revisions"}],"predecessor-version":[{"id":16747,"href":"https:\/\/www.bluesquarehub.com\/fr\/wp-json\/wp\/v2\/pages\/15677\/revisions\/16747"}],"up":[{"embeddable":true,"href":"https:\/\/www.bluesquarehub.com\/fr\/wp-json\/wp\/v2\/pages\/14072"}],"wp:attachment":[{"href":"https:\/\/www.bluesquarehub.com\/fr\/wp-json\/wp\/v2\/media?parent=15677"}],"curies":[{"name":"wp","href":"https:\/\/api.w.org\/{rel}","templated":true}]}}