{"id":16009,"date":"2026-02-05T17:23:57","date_gmt":"2026-02-05T16:23:57","guid":{"rendered":"https:\/\/www.bluesquarehub.com\/?page_id=16009"},"modified":"2026-02-05T17:45:27","modified_gmt":"2026-02-05T16:45:27","slug":"gaps","status":"publish","type":"page","link":"https:\/\/www.bluesquarehub.com\/fr\/services\/produits-donnees\/gaps\/","title":{"rendered":"GAPS"},"content":{"rendered":"    <div class=\"hero-section  py-60 md:py-[160px] text-center bg-cover bg-center  bg-dark text-white  [&#038;_.sub-title-home]:opacity-80 [&#038;_.sub-title-home]:text-[32px] md:[&#038;_.sub-title-home]:text-[20px]\"\n         style=\"background-image: url('https:\/\/www.bluesquarehub.com\/wp-content\/uploads\/2025\/07\/Hero-Section-1.jpg')\">\n        <div class=\"container \">\n            \n<h5 class=\" wp-block-heading eplus-wrapper eplus-styles-uid-677210\">produit de donn\u00e9es<\/h5>\n\n\n<h1 class=\" wp-block-heading has-text-align-center eplus-wrapper\">GAPS<\/h1>\n\n\n\n<p class=\"body-24 has-text-align-center eplus-wrapper\">Optimisez l&rsquo;allocation de vos ressources pour un impact global.<\/p>\n\n\n        <\/div>\n    <\/div>\n    \n\n    <div class=\"wrapper-container-block overflow-hidden py-[90px] md:!py-[64px] bg-color-gray \"\n         id=\"block_5cc2b07c3c9b7d4db58384908951bb94\"\n         style=\" padding-top: 90px; padding-bottom: 90px; \">\n        <div class=\"container\">\n            \n<h5 class=\" wp-block-heading has-text-align-center eplus-wrapper eplus-styles-uid-677210\">ce que nous faisons<\/h5>\n\n<p class=\" has-text-align-center eplus-wrapper eplus-styles-uid-c1a70c\">GAPS (Gap and Allocation Planning Suite) est un <strong>outil automatis\u00e9 con\u00e7u sur mesure<\/strong> pour les besoins des \u00e9quipes financi\u00e8res de l&rsquo;Initiative Mondiale pour l&rsquo;\u00c9radication de la Polio (GPEI). Il permet de suivre pr\u00e9cis\u00e9ment les d\u00e9ficits de financement et d&rsquo;explorer diff\u00e9rents sc\u00e9narios d&rsquo;allocation en temps r\u00e9el.<\/p>\n\n<p class=\" eplus-wrapper eplus-styles-uid-da1967\">Contrairement aux processus traditionnels bas\u00e9s sur des feuilles de calcul manuelles et dispers\u00e9es, GAPS <strong>centralise les donn\u00e9es <\/strong>pour offrir une vision claire et consolid\u00e9e de la situation financi\u00e8re. En <strong>automatisant l&rsquo;ingestion et la transformation des donn\u00e9es<\/strong>, notre solution transforme des flux de travail complexes et opaques en <strong>processus num\u00e9riques tra\u00e7ables et efficaces<\/strong>.<\/p>\n\n<p class=\" eplus-wrapper eplus-styles-uid-fe641a\">GAPS n&rsquo;est pas seulement un outil de reporting ; c&rsquo;est un moteur de <strong>d\u00e9cision strat\u00e9gique<\/strong>. Le passage de tableurs \u00e0 un algorithme intelligent et automatis\u00e9 acc\u00e9l\u00e8re les flux de travail et <a href=\"https:\/\/www.bluesquarehub.com\/fr\/expertise\/health-system-strengthening\/financement-de-la-sante\/\"><mark style=\"background-color:rgba(0, 0, 0, 0)\" class=\"has-inline-color has-blue-color\">maximise l&rsquo;impact de chaque dollar allou\u00e9<\/mark>.<\/a><\/p>\n\n<p class=\" has-text-align-left eplus-wrapper eplus-styles-uid-fe641a\">En int\u00e9grant nativement le versionnage des donn\u00e9es et des simulations dynamiques, nous soutenons techniquement <a href=\"https:\/\/www.who.int\/fr\"><mark style=\"background-color:rgba(0, 0, 0, 0)\" class=\"has-inline-color has-blue-color\">l&rsquo;OMS<\/mark><\/a> et\u00a0 <a href=\"https:\/\/www.unicef.fr\/\"><mark style=\"background-color:rgba(0, 0, 0, 0)\" class=\"has-inline-color has-blue-color\">l&rsquo;UNICEF<\/mark><\/a> dans leur planification proactive et transparente.<\/p>\n\n        <\/div>\n    <\/div>\n    \n\n    <div class=\"wrapper-container-block overflow-hidden py-[90px] md:!py-[64px] bg-color-white \"\n         id=\"block_89e6bbc4738ff2ff1e42ec5a6cf77df5\"\n         style=\" padding-top: 60px; padding-bottom: 60px; \">\n        <div class=\"container\">\n            \n<h5 class=\" wp-block-heading has-text-align-center eplus-wrapper eplus-styles-uid-677210\">M\u00c9THODOLOGIE<\/h5>\n\n<p class=\" has-text-align-center eplus-wrapper eplus-styles-uid-c1a70c\">GAPS repose sur une architecture robuste qui int\u00e8gre la logique m\u00e9tier complexe du cycle de financement du GPEI pour garantir une pr\u00e9cision maximale.<\/p>\n\n        <\/div>\n    <\/div>\n    \n\n    <div class=\"wrapper-container-block overflow-hidden py-[90px] md:!py-[64px] bg-color-white \"\n         id=\"block_e896b2e2e0495dddc35414707f5002f4\"\n         style=\" padding-top: 40px; padding-bottom: 40px; \">\n        <div class=\"container\">\n            \n    <div style=\"--color: #7990FF\" class=\"number-text-image-block flex w-full justify-between  gap-8  md:!flex-col\">\n        <div class=\"w-full flex flex-col justify-center max-w-[500px]  md:max-w-none\">\n                        <div class=\"relative max-w-[36px] leading-none\">\n                <span class=\"absolute left-1\/2 top-1\/2 -translate-x-1\/2\n                -translate-y-1\/2 font-extrabold text-[20px] text-white\">\n                    1                <\/span>\n                <svg xmlns=\"http:\/\/www.w3.org\/2000\/svg\" width=\"36\" height=\"38\" viewBox=\"0 0 36 38\" fill=\"none\">\n                    <path d=\"M14 1.3094C16.4752 -0.119662 19.5248 -0.119662 22 1.3094L31.3205 6.6906C33.7957 8.11966 35.3205 10.7607 35.3205 13.6188V24.3812C35.3205 27.2393 33.7957 29.8803 31.3205 31.3094L22 36.6906C19.5248 38.1197 16.4752 38.1197 14 36.6906L4.67949 31.3094C2.20428 29.8803 0.679491 27.2393 0.679491 24.3812V13.6188C0.679491 10.7607 2.20428 8.11966 4.67949 6.6906L14 1.3094Z\"\n                          fill=\"#7990FF\"\/>\n                <\/svg>\n            <\/div>\n                        \n\n<h3 class=\" wp-block-heading eplus-wrapper\">Ingestion automatis\u00e9e des donn\u00e9es<\/h3>\n\n\n\n<p class=\" eplus-wrapper\">Le syst\u00e8me importe et valide les donn\u00e9es budg\u00e9taires (subventions, besoins) provenant de fichiers Excel souvent h\u00e9t\u00e9rog\u00e8nes et sujets aux erreurs, ainsi que du syst\u00e8me de gestion GSM (Global Management System).<\/p>\n\n\n        <\/div>\n                    <div class=\"w-full max-w-[500px] min-h-[400px] relative rounded-[24px] overflow-hidden md:max-w-none\">\n                <img decoding=\"async\" class=\"absolute inset-0 w-full object-cover h-full rounded-[24px]\" src=\"https:\/\/www.bluesquarehub.com\/wp-content\/uploads\/2026\/02\/Data-management-uploading-documents.png\">\n            <\/div>\n            <\/div>\n    \n\n        <\/div>\n    <\/div>\n    \n\n    <div class=\"wrapper-container-block overflow-hidden py-[90px] md:!py-[64px] bg-color-white \"\n         id=\"block_f7c8d316414d5d60d07664da3b0e9ee7\"\n         style=\" padding-top: 60px; padding-bottom: 60px; \">\n        <div class=\"container\">\n            \n    <div style=\"--color: #7990FF\" class=\"number-text-image-block flex w-full justify-between  gap-8 flex-row-reverse md:!flex-col\">\n        <div class=\"w-full flex flex-col justify-center max-w-[500px]  md:max-w-none\">\n                        <div class=\"relative max-w-[36px] leading-none\">\n                <span class=\"absolute left-1\/2 top-1\/2 -translate-x-1\/2\n                -translate-y-1\/2 font-extrabold text-[20px] text-white\">\n                    2                <\/span>\n                <svg xmlns=\"http:\/\/www.w3.org\/2000\/svg\" width=\"36\" height=\"38\" viewBox=\"0 0 36 38\" fill=\"none\">\n                    <path d=\"M14 1.3094C16.4752 -0.119662 19.5248 -0.119662 22 1.3094L31.3205 6.6906C33.7957 8.11966 35.3205 10.7607 35.3205 13.6188V24.3812C35.3205 27.2393 33.7957 29.8803 31.3205 31.3094L22 36.6906C19.5248 38.1197 16.4752 38.1197 14 36.6906L4.67949 31.3094C2.20428 29.8803 0.679491 27.2393 0.679491 24.3812V13.6188C0.679491 10.7607 2.20428 8.11966 4.67949 6.6906L14 1.3094Z\"\n                          fill=\"#7990FF\"\/>\n                <\/svg>\n            <\/div>\n                        \n\n<h3 class=\" wp-block-heading eplus-wrapper\">Algorithmes d&rsquo;allocation intelligents<\/h3>\n\n\n\n<p class=\" eplus-wrapper\">La plateforme utilise des algorithmes pour sugg\u00e9rer des allocations provisionnelles automatiques, optimisant ainsi l&rsquo;utilisation des fonds flexibles restants tout en respectant les <strong>contraintes sp\u00e9cifiques<\/strong> des donateurs (niveau de risque, zone g\u00e9ographique, date d&rsquo;expiration).<\/p>\n\n\n        <\/div>\n                    <div class=\"w-full max-w-[500px] min-h-[400px] relative rounded-[24px] overflow-hidden md:max-w-none\">\n                <img decoding=\"async\" class=\"absolute inset-0 w-full object-cover h-full rounded-[24px]\" src=\"https:\/\/www.bluesquarehub.com\/wp-content\/uploads\/2026\/02\/Scenario-explorer.png\">\n            <\/div>\n            <\/div>\n    \n\n        <\/div>\n    <\/div>\n    \n\n    <div class=\"wrapper-container-block overflow-hidden py-[90px] md:!py-[64px] bg-color-white \"\n         id=\"block_f7c8d316414d5d60d07664da3b0e9ee7\"\n         style=\" padding-top: 60px; padding-bottom: 60px; \">\n        <div class=\"container\">\n            \n    <div style=\"--color: #7990FF\" class=\"number-text-image-block flex w-full justify-between  gap-8  md:!flex-col\">\n        <div class=\"w-full flex flex-col justify-center max-w-[500px]  md:max-w-none\">\n                        <div class=\"relative max-w-[36px] leading-none\">\n                <span class=\"absolute left-1\/2 top-1\/2 -translate-x-1\/2\n                -translate-y-1\/2 font-extrabold text-[20px] text-white\">\n                    3                <\/span>\n                <svg xmlns=\"http:\/\/www.w3.org\/2000\/svg\" width=\"36\" height=\"38\" viewBox=\"0 0 36 38\" fill=\"none\">\n                    <path d=\"M14 1.3094C16.4752 -0.119662 19.5248 -0.119662 22 1.3094L31.3205 6.6906C33.7957 8.11966 35.3205 10.7607 35.3205 13.6188V24.3812C35.3205 27.2393 33.7957 29.8803 31.3205 31.3094L22 36.6906C19.5248 38.1197 16.4752 38.1197 14 36.6906L4.67949 31.3094C2.20428 29.8803 0.679491 27.2393 0.679491 24.3812V13.6188C0.679491 10.7607 2.20428 8.11966 4.67949 6.6906L14 1.3094Z\"\n                          fill=\"#7990FF\"\/>\n                <\/svg>\n            <\/div>\n                        \n\n<h3 class=\" wp-block-heading eplus-wrapper\">Tableaux de bord d&rsquo;aide \u00e0 la d\u00e9cision : comparaison de sc\u00e9narios<\/h3>\n\n\n\n<p class=\" eplus-wrapper\">Le logiciel permet la comparaison de plusieurs strat\u00e9gies d&rsquo;allocation pour analyser les r\u00e9sultats potentiels, et ce avant finalisation. Ce nouveau levier de d\u00e9cision est un vrai atout pour l\u2019\u00e9quipe de mobilisation des ressources qui peut utiliser utiliser des arguments quantifi\u00e9s en terme d\u2019impact pour acc\u00e9l\u00e9rer l\u2019arriv\u00e9e de fonds de certains donateurs voire d\u2019augmenter le montant de la donation.<\/p>\n\n\n\n<p class=\" eplus-wrapper\">Gr\u00e2ce \u00e0 sa <strong>structure de donn\u00e9es optimis\u00e9e<\/strong>, GAPS r\u00e9duit le temps de planification et acc\u00e8s au cash flow annuel pr\u00e9visionnel, passant de 3 semaines de travail manuel \u00e0 seulement quelques jours (selon nos estimations).<\/p>\n\n\n        <\/div>\n                    <div class=\"w-full max-w-[500px] min-h-[400px] relative rounded-[24px] overflow-hidden md:max-w-none\">\n                <img decoding=\"async\" class=\"absolute inset-0 w-full object-cover h-full rounded-[24px]\" src=\"https:\/\/www.bluesquarehub.com\/wp-content\/uploads\/2026\/02\/Budget-gaps.png\">\n            <\/div>\n            <\/div>\n    \n\n        <\/div>\n    <\/div>\n    \n\n    <div class=\"wrapper-container-block overflow-hidden py-[90px] md:!py-[64px] bg-color-white \"\n         id=\"block_f7c8d316414d5d60d07664da3b0e9ee7\"\n         style=\" padding-top: 60px; padding-bottom: 60px; \">\n        <div class=\"container\">\n            \n    <div style=\"--color: #7990FF\" class=\"number-text-image-block flex w-full justify-between  gap-8 flex-row-reverse md:!flex-col\">\n        <div class=\"w-full flex flex-col justify-center max-w-[500px]  md:max-w-none\">\n                        <div class=\"relative max-w-[36px] leading-none\">\n                <span class=\"absolute left-1\/2 top-1\/2 -translate-x-1\/2\n                -translate-y-1\/2 font-extrabold text-[20px] text-white\">\n                    4                <\/span>\n                <svg xmlns=\"http:\/\/www.w3.org\/2000\/svg\" width=\"36\" height=\"38\" viewBox=\"0 0 36 38\" fill=\"none\">\n                    <path d=\"M14 1.3094C16.4752 -0.119662 19.5248 -0.119662 22 1.3094L31.3205 6.6906C33.7957 8.11966 35.3205 10.7607 35.3205 13.6188V24.3812C35.3205 27.2393 33.7957 29.8803 31.3205 31.3094L22 36.6906C19.5248 38.1197 16.4752 38.1197 14 36.6906L4.67949 31.3094C2.20428 29.8803 0.679491 27.2393 0.679491 24.3812V13.6188C0.679491 10.7607 2.20428 8.11966 4.67949 6.6906L14 1.3094Z\"\n                          fill=\"#7990FF\"\/>\n                <\/svg>\n            <\/div>\n                        \n\n<h3 class=\" wp-block-heading eplus-wrapper\">Gouvernance et coh\u00e9rence<\/h3>\n\n\n\n<p class=\" eplus-wrapper\">GAPS assure l&rsquo;exactitude des donn\u00e9es par des m\u00e9canismes de d\u00e9tection d&rsquo;erreurs et de validation, permettant un audit complet et une surveillance continue des mouvements budg\u00e9taires.<\/p>\n\n\n        <\/div>\n                    <div class=\"w-full max-w-[500px] min-h-[400px] relative rounded-[24px] overflow-hidden md:max-w-none\">\n                <img decoding=\"async\" class=\"absolute inset-0 w-full object-cover h-full rounded-[24px]\" src=\"https:\/\/www.bluesquarehub.com\/wp-content\/uploads\/2026\/02\/Allocations.png\">\n            <\/div>\n            <\/div>\n    \n\n        <\/div>\n    <\/div>\n    \n\n    <div class=\"wrapper-container-block overflow-hidden py-[90px] md:!py-[64px] bg-color-white \"\n         id=\"block_89e6bbc4738ff2ff1e42ec5a6cf77df5\"\n         style=\" padding-top: 60px; padding-bottom: 60px; \">\n        <div class=\"container\">\n            \n<h5 class=\" wp-block-heading has-text-align-center eplus-wrapper eplus-styles-uid-677210\">vision<\/h5>\n\n<p class=\" has-text-align-center eplus-wrapper eplus-styles-uid-c1a70c\">Pour renforcer davantage la souverainet\u00e9 des donn\u00e9es et l&rsquo;agilit\u00e9 op\u00e9rationnelle, nous d\u00e9veloppons de nouvelles capacit\u00e9s :<\/p>\n\n<ul class=\" wp-block-list eplus-wrapper eplus-styles-uid-9672cb\"><li class=\" eplus-wrapper eplus-styles-uid-629702\"><strong>Modules d&rsquo;analyse de donn\u00e9es avanc\u00e9s<\/strong> : Audit automatique des donn\u00e9es financi\u00e8res de l\u2019OMS pour identifier notamment le taux d\u2019utilisation des fonds allou\u00e9s \u00e0 ces activit\u00e9s, en temps r\u00e9el, pour augmenter la transparence du programme et pour mieux planifier l\u2019allocation de ressources plus tard.<\/li>\n\n<li class=\" eplus-wrapper eplus-styles-uid-629702\"><strong>Interface utilisateur intuitive et sur-mesure<\/strong> Une interface con\u00e7ue sp\u00e9cifiquement pour suivre les processus propres \u00e0 l&rsquo;OMS et \u00e0 l&rsquo;UNICEF, r\u00e9duisant ainsi les temps de formation et les risques op\u00e9rationnels.<\/li>\n\n<li class=\" eplus-wrapper eplus-styles-uid-fe641a\"><strong>Conformit\u00e9 avec les anciens syst\u00e8mes<\/strong> : Une fonction d&rsquo;exportation g\u00e9n\u00e9rant un grand livre d&rsquo;allocation au format Excel, permettant de maintenir les flux de travail traditionnels de reporting tout en b\u00e9n\u00e9ficiant de la pr\u00e9cision de l&rsquo;automatisation.<\/li><\/ul>\n\n        <\/div>\n    <\/div>\n    \n\n    <div class=\"wrapper-container-block overflow-hidden py-[90px] md:!py-[64px] bg-color-gray \"\n         id=\"block_82d6167ec1ecb6045b046de1bbeac378\"\n         style=\"  \">\n        <div class=\"container\">\n            \n<h5 class=\" wp-block-heading has-text-align-center eplus-wrapper eplus-styles-uid-677210\">Pourquoi Bluesquare<\/h5>\n\n<h2 class=\" wp-block-heading has-text-align-center eplus-wrapper eplus-styles-uid-4a74ad\">Transformer les donn\u00e9es en informations exploitables<\/h2>\n\n<p class=\"body-20 has-text-align-center eplus-wrapper eplus-styles-uid-4a74ad\">Chez Bluesquare, nous pr\u00e9sentons une combinaison unique d&rsquo;expertise technique, d&rsquo;outils innovants et d&rsquo;approche centr\u00e9e sur le client pour le secteur de la sant\u00e9 mondiale.<br><br>Nous d\u00e9veloppons des solutions logicielles open source, fournissant aux organisations des outils reconnus mondialement pour leur impact et leur adaptabilit\u00e9.<br><br>En plus de son engagement envers une r\u00e9ponse et un support client rapides, Bluesquare offre des solutions fiables, innovantes et impactantes pour favoriser la prise de d\u00e9cision et am\u00e9liorer les r\u00e9sultats de sant\u00e9.<\/p>\n\n        <\/div>\n    <\/div>\n    ","protected":false},"excerpt":{"rendered":"","protected":false},"author":4,"featured_media":0,"parent":15677,"menu_order":0,"comment_status":"closed","ping_status":"closed","template":"","meta":{"_acf_changed":false,"content-type":"","editor_plus_copied_stylings":"{}","footnotes":""},"class_list":["post-16009","page","type-page","status-publish","hentry"],"acf":[],"yoast_head":"<!-- This site is optimized with the Yoast SEO plugin v27.1.1 - https:\/\/yoast.com\/product\/yoast-seo-wordpress\/ -->\n<title>GAPS - Bluesquare<\/title>\n<meta name=\"description\" content=\"D\u00e9couvrez GAPS (Gap and Allocation Planning Suite), l&#039;outil automatis\u00e9 con\u00e7u sur mesure pour les besoins des \u00e9quipes financi\u00e8res.\" \/>\n<meta name=\"robots\" content=\"index, follow, max-snippet:-1, max-image-preview:large, max-video-preview:-1\" \/>\n<link rel=\"canonical\" href=\"https:\/\/www.bluesquarehub.com\/fr\/services\/produits-donnees\/gaps\/\" \/>\n<meta property=\"og:locale\" content=\"fr_FR\" \/>\n<meta property=\"og:type\" content=\"article\" \/>\n<meta property=\"og:title\" content=\"GAPS - Bluesquare\" \/>\n<meta property=\"og:description\" content=\"D\u00e9couvrez GAPS (Gap and Allocation Planning Suite), l&#039;outil automatis\u00e9 con\u00e7u sur mesure pour les besoins des \u00e9quipes financi\u00e8res.\" \/>\n<meta property=\"og:url\" content=\"https:\/\/www.bluesquarehub.com\/fr\/services\/produits-donnees\/gaps\/\" \/>\n<meta property=\"og:site_name\" content=\"Bluesquare\" \/>\n<meta property=\"article:modified_time\" content=\"2026-02-05T16:45:27+00:00\" \/>\n<meta name=\"twitter:card\" content=\"summary_large_image\" \/>\n<meta name=\"twitter:site\" content=\"@blsqhub\" \/>\n<meta name=\"twitter:label1\" content=\"Dur\u00e9e de lecture estim\u00e9e\" \/>\n\t<meta name=\"twitter:data1\" content=\"3 minutes\" \/>\n<script type=\"application\/ld+json\" class=\"yoast-schema-graph\">{\"@context\":\"https:\/\/schema.org\",\"@graph\":[{\"@type\":\"WebPage\",\"@id\":\"https:\/\/www.bluesquarehub.com\/fr\/services\/produits-donnees\/gaps\/\",\"url\":\"https:\/\/www.bluesquarehub.com\/fr\/services\/produits-donnees\/gaps\/\",\"name\":\"GAPS - Bluesquare\",\"isPartOf\":{\"@id\":\"https:\/\/www.bluesquarehub.com\/fr\/#website\"},\"datePublished\":\"2026-02-05T16:23:57+00:00\",\"dateModified\":\"2026-02-05T16:45:27+00:00\",\"description\":\"D\u00e9couvrez GAPS (Gap and Allocation Planning Suite), l'outil automatis\u00e9 con\u00e7u sur mesure pour les besoins des \u00e9quipes financi\u00e8res.\",\"breadcrumb\":{\"@id\":\"https:\/\/www.bluesquarehub.com\/fr\/services\/produits-donnees\/gaps\/#breadcrumb\"},\"inLanguage\":\"fr-FR\",\"potentialAction\":[{\"@type\":\"ReadAction\",\"target\":[\"https:\/\/www.bluesquarehub.com\/fr\/services\/produits-donnees\/gaps\/\"]}]},{\"@type\":\"BreadcrumbList\",\"@id\":\"https:\/\/www.bluesquarehub.com\/fr\/services\/produits-donnees\/gaps\/#breadcrumb\",\"itemListElement\":[{\"@type\":\"ListItem\",\"position\":1,\"name\":\"Home\",\"item\":\"https:\/\/www.bluesquarehub.com\/fr\/\"},{\"@type\":\"ListItem\",\"position\":2,\"name\":\"Services\",\"item\":\"https:\/\/www.bluesquarehub.com\/fr\/services\/\"},{\"@type\":\"ListItem\",\"position\":3,\"name\":\"Produits de donn\u00e9es\",\"item\":\"https:\/\/www.bluesquarehub.com\/fr\/services\/produits-donnees\/\"},{\"@type\":\"ListItem\",\"position\":4,\"name\":\"GAPS\"}]},{\"@type\":\"WebSite\",\"@id\":\"https:\/\/www.bluesquarehub.com\/fr\/#website\",\"url\":\"https:\/\/www.bluesquarehub.com\/fr\/\",\"name\":\"Bluesquare\",\"description\":\"\",\"publisher\":{\"@id\":\"https:\/\/www.bluesquarehub.com\/fr\/#organization\"},\"potentialAction\":[{\"@type\":\"SearchAction\",\"target\":{\"@type\":\"EntryPoint\",\"urlTemplate\":\"https:\/\/www.bluesquarehub.com\/fr\/?s={search_term_string}\"},\"query-input\":{\"@type\":\"PropertyValueSpecification\",\"valueRequired\":true,\"valueName\":\"search_term_string\"}}],\"inLanguage\":\"fr-FR\"},{\"@type\":\"Organization\",\"@id\":\"https:\/\/www.bluesquarehub.com\/fr\/#organization\",\"name\":\"Bluesquare\",\"url\":\"https:\/\/www.bluesquarehub.com\/fr\/\",\"logo\":{\"@type\":\"ImageObject\",\"inLanguage\":\"fr-FR\",\"@id\":\"https:\/\/www.bluesquarehub.com\/fr\/#\/schema\/logo\/image\/\",\"url\":\"https:\/\/www.bluesquarehub.com\/wp-content\/uploads\/2025\/10\/Logo-Banner.png\",\"contentUrl\":\"https:\/\/www.bluesquarehub.com\/wp-content\/uploads\/2025\/10\/Logo-Banner.png\",\"width\":2400,\"height\":1260,\"caption\":\"Bluesquare\"},\"image\":{\"@id\":\"https:\/\/www.bluesquarehub.com\/fr\/#\/schema\/logo\/image\/\"},\"sameAs\":[\"https:\/\/x.com\/blsqhub\",\"https:\/\/www.linkedin.com\/company\/bluesquarehub\",\"https:\/\/www.youtube.com\/channel\/UC33QxHTlZzQyXUJnXtWeyBw\/\"]}]}<\/script>\n<!-- \/ Yoast SEO plugin. -->","yoast_head_json":{"title":"GAPS - Bluesquare","description":"D\u00e9couvrez GAPS (Gap and Allocation Planning Suite), l'outil automatis\u00e9 con\u00e7u sur mesure pour les besoins des \u00e9quipes financi\u00e8res.","robots":{"index":"index","follow":"follow","max-snippet":"max-snippet:-1","max-image-preview":"max-image-preview:large","max-video-preview":"max-video-preview:-1"},"canonical":"https:\/\/www.bluesquarehub.com\/fr\/services\/produits-donnees\/gaps\/","og_locale":"fr_FR","og_type":"article","og_title":"GAPS - Bluesquare","og_description":"D\u00e9couvrez GAPS (Gap and Allocation Planning Suite), l'outil automatis\u00e9 con\u00e7u sur mesure pour les besoins des \u00e9quipes financi\u00e8res.","og_url":"https:\/\/www.bluesquarehub.com\/fr\/services\/produits-donnees\/gaps\/","og_site_name":"Bluesquare","article_modified_time":"2026-02-05T16:45:27+00:00","twitter_card":"summary_large_image","twitter_site":"@blsqhub","twitter_misc":{"Dur\u00e9e de lecture estim\u00e9e":"3 minutes"},"schema":{"@context":"https:\/\/schema.org","@graph":[{"@type":"WebPage","@id":"https:\/\/www.bluesquarehub.com\/fr\/services\/produits-donnees\/gaps\/","url":"https:\/\/www.bluesquarehub.com\/fr\/services\/produits-donnees\/gaps\/","name":"GAPS - Bluesquare","isPartOf":{"@id":"https:\/\/www.bluesquarehub.com\/fr\/#website"},"datePublished":"2026-02-05T16:23:57+00:00","dateModified":"2026-02-05T16:45:27+00:00","description":"D\u00e9couvrez GAPS (Gap and Allocation Planning Suite), l'outil automatis\u00e9 con\u00e7u sur mesure pour les besoins des \u00e9quipes financi\u00e8res.","breadcrumb":{"@id":"https:\/\/www.bluesquarehub.com\/fr\/services\/produits-donnees\/gaps\/#breadcrumb"},"inLanguage":"fr-FR","potentialAction":[{"@type":"ReadAction","target":["https:\/\/www.bluesquarehub.com\/fr\/services\/produits-donnees\/gaps\/"]}]},{"@type":"BreadcrumbList","@id":"https:\/\/www.bluesquarehub.com\/fr\/services\/produits-donnees\/gaps\/#breadcrumb","itemListElement":[{"@type":"ListItem","position":1,"name":"Home","item":"https:\/\/www.bluesquarehub.com\/fr\/"},{"@type":"ListItem","position":2,"name":"Services","item":"https:\/\/www.bluesquarehub.com\/fr\/services\/"},{"@type":"ListItem","position":3,"name":"Produits de donn\u00e9es","item":"https:\/\/www.bluesquarehub.com\/fr\/services\/produits-donnees\/"},{"@type":"ListItem","position":4,"name":"GAPS"}]},{"@type":"WebSite","@id":"https:\/\/www.bluesquarehub.com\/fr\/#website","url":"https:\/\/www.bluesquarehub.com\/fr\/","name":"Bluesquare","description":"","publisher":{"@id":"https:\/\/www.bluesquarehub.com\/fr\/#organization"},"potentialAction":[{"@type":"SearchAction","target":{"@type":"EntryPoint","urlTemplate":"https:\/\/www.bluesquarehub.com\/fr\/?s={search_term_string}"},"query-input":{"@type":"PropertyValueSpecification","valueRequired":true,"valueName":"search_term_string"}}],"inLanguage":"fr-FR"},{"@type":"Organization","@id":"https:\/\/www.bluesquarehub.com\/fr\/#organization","name":"Bluesquare","url":"https:\/\/www.bluesquarehub.com\/fr\/","logo":{"@type":"ImageObject","inLanguage":"fr-FR","@id":"https:\/\/www.bluesquarehub.com\/fr\/#\/schema\/logo\/image\/","url":"https:\/\/www.bluesquarehub.com\/wp-content\/uploads\/2025\/10\/Logo-Banner.png","contentUrl":"https:\/\/www.bluesquarehub.com\/wp-content\/uploads\/2025\/10\/Logo-Banner.png","width":2400,"height":1260,"caption":"Bluesquare"},"image":{"@id":"https:\/\/www.bluesquarehub.com\/fr\/#\/schema\/logo\/image\/"},"sameAs":["https:\/\/x.com\/blsqhub","https:\/\/www.linkedin.com\/company\/bluesquarehub","https:\/\/www.youtube.com\/channel\/UC33QxHTlZzQyXUJnXtWeyBw\/"]}]}},"_links":{"self":[{"href":"https:\/\/www.bluesquarehub.com\/fr\/wp-json\/wp\/v2\/pages\/16009","targetHints":{"allow":["GET"]}}],"collection":[{"href":"https:\/\/www.bluesquarehub.com\/fr\/wp-json\/wp\/v2\/pages"}],"about":[{"href":"https:\/\/www.bluesquarehub.com\/fr\/wp-json\/wp\/v2\/types\/page"}],"author":[{"embeddable":true,"href":"https:\/\/www.bluesquarehub.com\/fr\/wp-json\/wp\/v2\/users\/4"}],"replies":[{"embeddable":true,"href":"https:\/\/www.bluesquarehub.com\/fr\/wp-json\/wp\/v2\/comments?post=16009"}],"version-history":[{"count":6,"href":"https:\/\/www.bluesquarehub.com\/fr\/wp-json\/wp\/v2\/pages\/16009\/revisions"}],"predecessor-version":[{"id":16038,"href":"https:\/\/www.bluesquarehub.com\/fr\/wp-json\/wp\/v2\/pages\/16009\/revisions\/16038"}],"up":[{"embeddable":true,"href":"https:\/\/www.bluesquarehub.com\/fr\/wp-json\/wp\/v2\/pages\/15677"}],"wp:attachment":[{"href":"https:\/\/www.bluesquarehub.com\/fr\/wp-json\/wp\/v2\/media?parent=16009"}],"curies":[{"name":"wp","href":"https:\/\/api.w.org\/{rel}","templated":true}]}}