{"id":16410,"date":"2026-03-04T10:51:42","date_gmt":"2026-03-04T09:51:42","guid":{"rendered":"https:\/\/www.bluesquarehub.com\/?page_id=16410"},"modified":"2026-03-18T11:44:23","modified_gmt":"2026-03-18T10:44:23","slug":"open-source-souverainete-donnees","status":"publish","type":"page","link":"https:\/\/www.bluesquarehub.com\/fr\/open-source-souverainete-donnees\/","title":{"rendered":"Open source et souverainet\u00e9 des donn\u00e9es"},"content":{"rendered":"    <div class=\"hero-section  py-60 md:py-[160px] text-center bg-cover bg-center  bg-dark text-white  [&#038;_.sub-title-home]:opacity-80 [&#038;_.sub-title-home]:text-[32px] md:[&#038;_.sub-title-home]:text-[20px]\"\n         style=\"background-image: url('https:\/\/www.bluesquarehub.com\/wp-content\/uploads\/2025\/07\/Hero-Section-1.jpg')\">\n        <div class=\"container \">\n            \n<h5 class=\" wp-block-heading eplus-wrapper eplus-styles-uid-677210\">\u00c0 propos<\/h5>\n\n<h1 class=\" wp-block-heading has-text-align-center eplus-wrapper eplus-styles-uid-7780dd\">Open source et souverainet\u00e9 des donn\u00e9es<\/h1>\n\n<p class=\"body-24 has-text-align-center eplus-wrapper eplus-styles-uid-fb498d\">Garantir la souverainet\u00e9 et l&rsquo;impact durable<\/p>\n\n        <\/div>\n    <\/div>\n    \n\n    <div class=\"wrapper-container-block overflow-hidden py-[90px] md:!py-[64px] bg-color-gray \"\n         id=\"about-us\"\n         style=\" padding-top: 50px; padding-bottom: 50px; \">\n        <div class=\"container\">\n            \n<div class=\"wp-block-columns eplus-wrapper is-layout-flex wp-container-core-columns-is-layout-9d6595d7 wp-block-columns-is-layout-flex eplus-styles-uid-12cb99\">\n<div class=\"wp-block-column eplus-wrapper is-layout-flow wp-block-column-is-layout-flow\">\n<h5 class=\" wp-block-heading has-text-align-center eplus-wrapper\">Notre approche<\/h5>\n\n\n<p class=\"body-20 has-text-align-center eplus-wrapper eplus-styles-uid-e572ab\">L&rsquo;acc\u00e8s \u00e0 des solutions agiles et pertinentes ne devrait jamais \u00eatre un luxe, surtout lorsqu&rsquo;il s&rsquo;agit de th\u00e9matiques aussi importantes que la sant\u00e9 et tout ce qui tourne autour, allant de l\u2019environnement au climat, en passant par la nutrition. Chez Bluesquare, nous d\u00e9veloppons des technologies en open source parce que nous sommes convaincus que nos solutions doivent atteindre le plus grand nombre de personnes possible. Pour nous, l&rsquo;ouverture du code n&rsquo;est pas une simple modalit\u00e9 technique, c&rsquo;est une philosophie d&rsquo;impact et un engagement envers la souverainet\u00e9 num\u00e9rique des syst\u00e8mes que nous soutenons.<\/p><\/div>\n<\/div>\n\n        <\/div>\n    <\/div>\n    \n\n    <div class=\"wrapper-container-block overflow-hidden py-[90px] md:!py-[64px] bg-color-white \"\n         id=\"block_32b6697497f6eff8bba20db533d52843\"\n         style=\"  \">\n        <div class=\"container\">\n            \n\n<h2 class=\" wp-block-heading has-text-align-center eplus-wrapper\">Le cercle vertueux de l&rsquo;open source<\/h2>\n\n\n<p class=\" has-text-align-left eplus-wrapper eplus-styles-uid-f024be\">L&rsquo;adoption de <strong>logiciels libres <\/strong>cr\u00e9e un \u00e9cosyst\u00e8me o\u00f9 chaque investissement b\u00e9n\u00e9ficie \u00e0 l&rsquo;ensemble de la communaut\u00e9. En collaborant avec des bailleurs de fonds qui partagent cette vision, nous transformons le financement du d\u00e9veloppement en un <strong>levier de croissance collective<\/strong>.<\/p>\n\n<div class=\"wp-block-columns eplus-wrapper is-layout-flex wp-container-core-columns-is-layout-9d6595d7 wp-block-columns-is-layout-flex eplus-styles-uid-6e07ce\">\n<div class=\"wp-block-column eplus-wrapper is-layout-flow wp-block-column-is-layout-flow\" style=\"flex-basis:50%\"><h3 class=\" wp-block-heading has-text-align-left eplus-wrapper eplus-styles-uid-767789\">Un mod\u00e8le sans verrouillage technologique<\/h3>\n\n<p class=\" eplus-wrapper eplus-styles-uid-f024be\">Contrairement aux solutions propri\u00e9taires, notre approche garantit qu&rsquo;aucun pays ou organisation n&rsquo;est captif d&rsquo;un seul prestataire. En d\u00e9veloppant de <strong>nouvelles fonctionnalit\u00e9s<\/strong> et en am\u00e9liorant nos <strong>outils de mani\u00e8re ouverte<\/strong>, nous rendons ces innovations imm\u00e9diatement disponibles pour les futurs utilisateurs. Ce mod\u00e8le permet une appropriation r\u00e9elle par des organisations comme les minist\u00e8res de la Sant\u00e9 et autres institutions publiques, ou toute organisation, qui souhaite <strong>maintenir et faire \u00e9voluer ses outils en toute autonomie<\/strong>.<\/p>\n\n<h3 class=\" wp-block-heading has-text-align-left eplus-wrapper eplus-styles-uid-767789\">Maximiser l&rsquo;investissement des donateurs<\/h3>\n\n<p class=\" eplus-wrapper eplus-styles-uid-1ec3eb\">Chaque ligne de code financ\u00e9e pour un projet sp\u00e9cifique vient enrichir le socle commun de nos <a href=\"https:\/\/www.digitalpublicgoods.net\/\"><strong><mark style=\"background-color:rgba(0, 0, 0, 0)\" class=\"has-inline-color has-blue-link-color\">Biens Publics Num\u00e9riques<\/mark><\/strong><\/a>. Ce m\u00e9canisme permet de r\u00e9duire les co\u00fbts \u00e0 long terme : les nouveaux partenaires n&rsquo;ont pas \u00e0 r\u00e9inventer la roue, mais capitalisent sur les outils d\u00e9j\u00e0 \u00e9prouv\u00e9s et am\u00e9lior\u00e9s par leurs pr\u00e9d\u00e9cesseurs.<\/p>\n\n<p class=\" eplus-wrapper eplus-styles-uid-1ec3eb\">Nos outils <a href=\"https:\/\/www.digitalpublicgoods.net\/r\/openhexa\"><mark style=\"background-color:rgba(0, 0, 0, 0)\" class=\"has-inline-color has-blue-link-color\">OpenHEXA<\/mark><\/a> et <a href=\"https:\/\/www.digitalpublicgoods.net\/r\/iaso\"><mark style=\"background-color:rgba(0, 0, 0, 0)\" class=\"has-inline-color has-blue-link-color\">IASO<\/mark><\/a> sont tous deux certifi\u00e9s Biens Publics Num\u00e9riques.\u00a0<\/p><\/div>\n\n\n<div class=\"wp-block-column eplus-wrapper is-layout-flow wp-block-column-is-layout-flow eplus-styles-uid-a4c9f0\" style=\"flex-basis:50%\"><div class=\"wp-block-image \">\n<figure class=\"aligncenter size-large eplus-wrapper\"><img decoding=\"async\" width=\"1024\" height=\"768\" src=\"https:\/\/www.bluesquarehub.com\/wp-content\/uploads\/2026\/03\/Digital-Public-Goods-1024x768.jpg\" alt=\"\" class=\"wp-image-16631\" srcset=\"https:\/\/www.bluesquarehub.com\/wp-content\/uploads\/2026\/03\/Digital-Public-Goods-1024x768.jpg 1024w, https:\/\/www.bluesquarehub.com\/wp-content\/uploads\/2026\/03\/Digital-Public-Goods-300x225.jpg 300w, https:\/\/www.bluesquarehub.com\/wp-content\/uploads\/2026\/03\/Digital-Public-Goods-768x576.jpg 768w, https:\/\/www.bluesquarehub.com\/wp-content\/uploads\/2026\/03\/Digital-Public-Goods-1536x1152.jpg 1536w, https:\/\/www.bluesquarehub.com\/wp-content\/uploads\/2026\/03\/Digital-Public-Goods-2048x1536.jpg 2048w\" sizes=\"(max-width: 1024px) 100vw, 1024px\" \/><\/figure>\n<\/div><\/div><\/div>\n\n<h2 class=\" wp-block-heading has-text-align-center eplus-wrapper eplus-styles-uid-f024be\">Une expertise enracin\u00e9e dans la culture du logiciel libre<\/h2>\n\n<p class=\" eplus-wrapper eplus-styles-uid-f024be\">Chez Bluesquare, l&rsquo;open source n&rsquo;est pas une \u00e9tiquette marketing, c&rsquo;est notre ADN. Nos bureaux sont situ\u00e9s \u00e0 Bruxelles, un v\u00e9ritable carrefour europ\u00e9en des <strong>technologies ouvertes<\/strong>.<\/p>\n\n<h3 class=\" wp-block-heading has-text-align-left eplus-wrapper eplus-styles-uid-767789\">De l&rsquo;ULB au FOSDEM : un ancrage local et global<\/h3>\n\n<p class=\" eplus-wrapper eplus-styles-uid-f024be\">Bruxelles h\u00e9berge chaque ann\u00e9e le <a href=\"https:\/\/fosdem.org\/2026\/\"><mark style=\"background-color:rgba(0, 0, 0, 0)\" class=\"has-inline-color has-blue-link-color\">FOSDEM<\/mark><\/a> \u00e0 l&rsquo;Universit\u00e9 Libre de Bruxelles (ULB), le plus grand rassemblement de d<strong>\u00e9veloppeurs open source<\/strong> en Europe. Nombre de nos ing\u00e9nieurs et data scientists sont issus de cet \u00e9cosyst\u00e8me ou y sont activement impliqu\u00e9s. Cette proximit\u00e9 nous permet de recruter des talents qui ne se contentent pas d&rsquo;utiliser des outils existants, mais qui ma\u00eetrisent les rouages profonds du code ouvert pour b\u00e2tir des solutions robustes comme <a href=\"https:\/\/www.bluesquarehub.com\/iaso\/\"><mark style=\"background-color:rgba(0, 0, 0, 0)\" class=\"has-inline-color has-blue-link-color\">IASO<\/mark><\/a> ou <a href=\"https:\/\/www.bluesquarehub.com\/openhexa\/\"><mark style=\"background-color:rgba(0, 0, 0, 0)\" class=\"has-inline-color has-blue-link-color\">OpenHEXA<\/mark><\/a>.<\/p>\n\n<h3 class=\" wp-block-heading has-text-align-left eplus-wrapper eplus-styles-uid-767789\">Des d\u00e9veloppeurs engag\u00e9s pour le bien commun<\/h3>\n\n<p class=\" eplus-wrapper eplus-styles-uid-1ec3eb\">Nos \u00e9quipes voient le code comme un outil de transformation sociale, pas comme une propri\u00e9t\u00e9 priv\u00e9e. Cette culture du partage garantit \u00e0 nos partenaires une rigueur technique exceptionnelle et une transparence totale. En choisissant des technologies comme <strong>Python<\/strong>, <strong>Django<\/strong> ou <strong>PostGIS<\/strong>, nous nous assurons que nos outils sont <strong>auditables<\/strong>, <strong>s\u00e9curis\u00e9s<\/strong> et <strong>bas\u00e9s sur des standards mondiaux<\/strong>.<\/p>\n\n<h2 class=\" wp-block-heading has-text-align-center eplus-wrapper eplus-styles-uid-98134e\">La souverainet\u00e9 des donn\u00e9es comme priorit\u00e9 absolue<\/h2>\n\n<p class=\" eplus-wrapper eplus-styles-uid-f024be\">Dans un monde o\u00f9 la ma\u00eetrise de l&rsquo;information est devenue un enjeu de pouvoir, la question de la <strong>souverainet\u00e9 num\u00e9rique<\/strong> est plus pressante que jamais pour les gouvernements.<\/p>\n\n<h3 class=\" wp-block-heading has-text-align-left eplus-wrapper eplus-styles-uid-767789\">Reprendre le contr\u00f4le sur les infrastructures comme celles de la sant\u00e9<\/h3>\n\n<p class=\" eplus-wrapper eplus-styles-uid-f024be\">L&rsquo;utilisation de solutions propri\u00e9taires expose souvent les pays \u00e0 des risques de d\u00e9pendance et de perte de contr\u00f4le sur leurs propres donn\u00e9es de sant\u00e9. En proposant des <strong>solutions ancr\u00e9es dans l&rsquo;univers open source<\/strong>, Bluesquare permet aux \u00c9tats de d\u00e9ployer leurs infrastructures de donn\u00e9es <a href=\"https:\/\/www.bluesquarehub.com\/fr\/produits\/abonnements-aux-services\/on-premise-hosting\/\"><mark style=\"background-color:rgba(0, 0, 0, 0)\" class=\"has-inline-color has-blue-link-color\">sur leurs propres serveurs<\/mark><\/a>. Ils poss\u00e8dent le code, ils poss\u00e8dent les donn\u00e9es, et ils poss\u00e8dent la cl\u00e9 de leur avenir num\u00e9rique.<\/p>\n\n<h3 class=\" wp-block-heading has-text-align-left eplus-wrapper eplus-styles-uid-767789\">Un engagement pour la transparence et l&rsquo;\u00e9thique<\/h3>\n\n<p class=\" eplus-wrapper eplus-styles-uid-f024be\">Nous sommes fiers de proposer des solutions de donn\u00e9es qui respectent l&rsquo;<strong>autonomie des utilisateurs<\/strong>. La <strong>transparence<\/strong> de nos algorithmes et de nos structures de donn\u00e9es permet une confiance mutuelle indispensable dans des secteurs comme celui de la sant\u00e9 publique. Notre objectif est simple : fournir les outils n\u00e9cessaires pour que chaque pays puisse piloter sa politique de sant\u00e9 avec pr\u00e9cision, sans jamais compromettre sa souverainet\u00e9.<\/p>\n\n<h2 class=\" wp-block-heading has-text-align-center eplus-wrapper eplus-styles-uid-98134e\">B\u00e2tir l&rsquo;avenir sur des fondations ouvertes<\/h2>\n\n<p class=\" eplus-wrapper eplus-styles-uid-f024be\">L&rsquo;<strong>open source<\/strong> est bien plus qu&rsquo;une m\u00e9thode de d\u00e9veloppement ; c&rsquo;est le socle d&rsquo;un syst\u00e8me mondial plus juste et plus efficace. En \u00e9liminant les barri\u00e8res financi\u00e8res et techniques, nous permettons \u00e0 l&rsquo;innovation de circuler librement l\u00e0 o\u00f9 elle est le plus n\u00e9cessaire.<\/p>\n\n        <\/div>\n    <\/div>\n    ","protected":false},"excerpt":{"rendered":"","protected":false},"author":4,"featured_media":13726,"parent":0,"menu_order":0,"comment_status":"closed","ping_status":"closed","template":"","meta":{"_acf_changed":false,"content-type":"","editor_plus_copied_stylings":"{}","footnotes":""},"class_list":["post-16410","page","type-page","status-publish","has-post-thumbnail","hentry"],"acf":[],"yoast_head":"<!-- This site is optimized with the Yoast SEO plugin v27.1.1 - https:\/\/yoast.com\/product\/yoast-seo-wordpress\/ -->\n<title>Open source et souverainet\u00e9 des donn\u00e9es - Bluesquare<\/title>\n<meta name=\"description\" content=\"Chez Bluesquare, l&#039;ouverture du code est une philosophie d&#039;impact et un engagement envers la souverainet\u00e9 num\u00e9rique.\" \/>\n<meta name=\"robots\" content=\"index, follow, max-snippet:-1, max-image-preview:large, max-video-preview:-1\" \/>\n<link rel=\"canonical\" href=\"https:\/\/www.bluesquarehub.com\/fr\/open-source-souverainete-donnees\/\" \/>\n<meta property=\"og:locale\" content=\"fr_FR\" \/>\n<meta property=\"og:type\" content=\"article\" \/>\n<meta property=\"og:title\" content=\"Open source et souverainet\u00e9 des donn\u00e9es - Bluesquare\" \/>\n<meta property=\"og:description\" content=\"Chez Bluesquare, l&#039;ouverture du code est une philosophie d&#039;impact et un engagement envers la souverainet\u00e9 num\u00e9rique.\" \/>\n<meta property=\"og:url\" content=\"https:\/\/www.bluesquarehub.com\/fr\/open-source-souverainete-donnees\/\" \/>\n<meta property=\"og:site_name\" content=\"Bluesquare\" \/>\n<meta property=\"article:modified_time\" content=\"2026-03-18T10:44:23+00:00\" \/>\n<meta property=\"og:image\" content=\"https:\/\/www.bluesquarehub.com\/wp-content\/uploads\/2025\/10\/Logo-Banner.png\" \/>\n\t<meta property=\"og:image:width\" content=\"2400\" \/>\n\t<meta property=\"og:image:height\" content=\"1260\" \/>\n\t<meta property=\"og:image:type\" content=\"image\/png\" \/>\n<meta name=\"twitter:card\" content=\"summary_large_image\" \/>\n<meta name=\"twitter:site\" content=\"@blsqhub\" \/>\n<meta name=\"twitter:label1\" content=\"Dur\u00e9e de lecture estim\u00e9e\" \/>\n\t<meta name=\"twitter:data1\" content=\"4 minutes\" \/>\n<script type=\"application\/ld+json\" class=\"yoast-schema-graph\">{\"@context\":\"https:\/\/schema.org\",\"@graph\":[{\"@type\":\"WebPage\",\"@id\":\"https:\/\/www.bluesquarehub.com\/fr\/open-source-souverainete-donnees\/\",\"url\":\"https:\/\/www.bluesquarehub.com\/fr\/open-source-souverainete-donnees\/\",\"name\":\"Open source et souverainet\u00e9 des donn\u00e9es - Bluesquare\",\"isPartOf\":{\"@id\":\"https:\/\/www.bluesquarehub.com\/fr\/#website\"},\"primaryImageOfPage\":{\"@id\":\"https:\/\/www.bluesquarehub.com\/fr\/open-source-souverainete-donnees\/#primaryimage\"},\"image\":{\"@id\":\"https:\/\/www.bluesquarehub.com\/fr\/open-source-souverainete-donnees\/#primaryimage\"},\"thumbnailUrl\":\"https:\/\/www.bluesquarehub.com\/wp-content\/uploads\/2025\/10\/Logo-Banner.png\",\"datePublished\":\"2026-03-04T09:51:42+00:00\",\"dateModified\":\"2026-03-18T10:44:23+00:00\",\"description\":\"Chez Bluesquare, l'ouverture du code est une philosophie d'impact et un engagement envers la souverainet\u00e9 num\u00e9rique.\",\"breadcrumb\":{\"@id\":\"https:\/\/www.bluesquarehub.com\/fr\/open-source-souverainete-donnees\/#breadcrumb\"},\"inLanguage\":\"fr-FR\",\"potentialAction\":[{\"@type\":\"ReadAction\",\"target\":[\"https:\/\/www.bluesquarehub.com\/fr\/open-source-souverainete-donnees\/\"]}]},{\"@type\":\"ImageObject\",\"inLanguage\":\"fr-FR\",\"@id\":\"https:\/\/www.bluesquarehub.com\/fr\/open-source-souverainete-donnees\/#primaryimage\",\"url\":\"https:\/\/www.bluesquarehub.com\/wp-content\/uploads\/2025\/10\/Logo-Banner.png\",\"contentUrl\":\"https:\/\/www.bluesquarehub.com\/wp-content\/uploads\/2025\/10\/Logo-Banner.png\",\"width\":2400,\"height\":1260},{\"@type\":\"BreadcrumbList\",\"@id\":\"https:\/\/www.bluesquarehub.com\/fr\/open-source-souverainete-donnees\/#breadcrumb\",\"itemListElement\":[{\"@type\":\"ListItem\",\"position\":1,\"name\":\"Home\",\"item\":\"https:\/\/www.bluesquarehub.com\/fr\/\"},{\"@type\":\"ListItem\",\"position\":2,\"name\":\"Open source et souverainet\u00e9 des donn\u00e9es\"}]},{\"@type\":\"WebSite\",\"@id\":\"https:\/\/www.bluesquarehub.com\/fr\/#website\",\"url\":\"https:\/\/www.bluesquarehub.com\/fr\/\",\"name\":\"Bluesquare\",\"description\":\"\",\"publisher\":{\"@id\":\"https:\/\/www.bluesquarehub.com\/fr\/#organization\"},\"potentialAction\":[{\"@type\":\"SearchAction\",\"target\":{\"@type\":\"EntryPoint\",\"urlTemplate\":\"https:\/\/www.bluesquarehub.com\/fr\/?s={search_term_string}\"},\"query-input\":{\"@type\":\"PropertyValueSpecification\",\"valueRequired\":true,\"valueName\":\"search_term_string\"}}],\"inLanguage\":\"fr-FR\"},{\"@type\":\"Organization\",\"@id\":\"https:\/\/www.bluesquarehub.com\/fr\/#organization\",\"name\":\"Bluesquare\",\"url\":\"https:\/\/www.bluesquarehub.com\/fr\/\",\"logo\":{\"@type\":\"ImageObject\",\"inLanguage\":\"fr-FR\",\"@id\":\"https:\/\/www.bluesquarehub.com\/fr\/#\/schema\/logo\/image\/\",\"url\":\"https:\/\/www.bluesquarehub.com\/wp-content\/uploads\/2025\/10\/Logo-Banner.png\",\"contentUrl\":\"https:\/\/www.bluesquarehub.com\/wp-content\/uploads\/2025\/10\/Logo-Banner.png\",\"width\":2400,\"height\":1260,\"caption\":\"Bluesquare\"},\"image\":{\"@id\":\"https:\/\/www.bluesquarehub.com\/fr\/#\/schema\/logo\/image\/\"},\"sameAs\":[\"https:\/\/x.com\/blsqhub\",\"https:\/\/www.linkedin.com\/company\/bluesquarehub\",\"https:\/\/www.youtube.com\/channel\/UC33QxHTlZzQyXUJnXtWeyBw\/\"]}]}<\/script>\n<!-- \/ Yoast SEO plugin. -->","yoast_head_json":{"title":"Open source et souverainet\u00e9 des donn\u00e9es - Bluesquare","description":"Chez Bluesquare, l'ouverture du code est une philosophie d'impact et un engagement envers la souverainet\u00e9 num\u00e9rique.","robots":{"index":"index","follow":"follow","max-snippet":"max-snippet:-1","max-image-preview":"max-image-preview:large","max-video-preview":"max-video-preview:-1"},"canonical":"https:\/\/www.bluesquarehub.com\/fr\/open-source-souverainete-donnees\/","og_locale":"fr_FR","og_type":"article","og_title":"Open source et souverainet\u00e9 des donn\u00e9es - Bluesquare","og_description":"Chez Bluesquare, l'ouverture du code est une philosophie d'impact et un engagement envers la souverainet\u00e9 num\u00e9rique.","og_url":"https:\/\/www.bluesquarehub.com\/fr\/open-source-souverainete-donnees\/","og_site_name":"Bluesquare","article_modified_time":"2026-03-18T10:44:23+00:00","og_image":[{"width":2400,"height":1260,"url":"https:\/\/www.bluesquarehub.com\/wp-content\/uploads\/2025\/10\/Logo-Banner.png","type":"image\/png"}],"twitter_card":"summary_large_image","twitter_site":"@blsqhub","twitter_misc":{"Dur\u00e9e de lecture estim\u00e9e":"4 minutes"},"schema":{"@context":"https:\/\/schema.org","@graph":[{"@type":"WebPage","@id":"https:\/\/www.bluesquarehub.com\/fr\/open-source-souverainete-donnees\/","url":"https:\/\/www.bluesquarehub.com\/fr\/open-source-souverainete-donnees\/","name":"Open source et souverainet\u00e9 des donn\u00e9es - Bluesquare","isPartOf":{"@id":"https:\/\/www.bluesquarehub.com\/fr\/#website"},"primaryImageOfPage":{"@id":"https:\/\/www.bluesquarehub.com\/fr\/open-source-souverainete-donnees\/#primaryimage"},"image":{"@id":"https:\/\/www.bluesquarehub.com\/fr\/open-source-souverainete-donnees\/#primaryimage"},"thumbnailUrl":"https:\/\/www.bluesquarehub.com\/wp-content\/uploads\/2025\/10\/Logo-Banner.png","datePublished":"2026-03-04T09:51:42+00:00","dateModified":"2026-03-18T10:44:23+00:00","description":"Chez Bluesquare, l'ouverture du code est une philosophie d'impact et un engagement envers la souverainet\u00e9 num\u00e9rique.","breadcrumb":{"@id":"https:\/\/www.bluesquarehub.com\/fr\/open-source-souverainete-donnees\/#breadcrumb"},"inLanguage":"fr-FR","potentialAction":[{"@type":"ReadAction","target":["https:\/\/www.bluesquarehub.com\/fr\/open-source-souverainete-donnees\/"]}]},{"@type":"ImageObject","inLanguage":"fr-FR","@id":"https:\/\/www.bluesquarehub.com\/fr\/open-source-souverainete-donnees\/#primaryimage","url":"https:\/\/www.bluesquarehub.com\/wp-content\/uploads\/2025\/10\/Logo-Banner.png","contentUrl":"https:\/\/www.bluesquarehub.com\/wp-content\/uploads\/2025\/10\/Logo-Banner.png","width":2400,"height":1260},{"@type":"BreadcrumbList","@id":"https:\/\/www.bluesquarehub.com\/fr\/open-source-souverainete-donnees\/#breadcrumb","itemListElement":[{"@type":"ListItem","position":1,"name":"Home","item":"https:\/\/www.bluesquarehub.com\/fr\/"},{"@type":"ListItem","position":2,"name":"Open source et souverainet\u00e9 des donn\u00e9es"}]},{"@type":"WebSite","@id":"https:\/\/www.bluesquarehub.com\/fr\/#website","url":"https:\/\/www.bluesquarehub.com\/fr\/","name":"Bluesquare","description":"","publisher":{"@id":"https:\/\/www.bluesquarehub.com\/fr\/#organization"},"potentialAction":[{"@type":"SearchAction","target":{"@type":"EntryPoint","urlTemplate":"https:\/\/www.bluesquarehub.com\/fr\/?s={search_term_string}"},"query-input":{"@type":"PropertyValueSpecification","valueRequired":true,"valueName":"search_term_string"}}],"inLanguage":"fr-FR"},{"@type":"Organization","@id":"https:\/\/www.bluesquarehub.com\/fr\/#organization","name":"Bluesquare","url":"https:\/\/www.bluesquarehub.com\/fr\/","logo":{"@type":"ImageObject","inLanguage":"fr-FR","@id":"https:\/\/www.bluesquarehub.com\/fr\/#\/schema\/logo\/image\/","url":"https:\/\/www.bluesquarehub.com\/wp-content\/uploads\/2025\/10\/Logo-Banner.png","contentUrl":"https:\/\/www.bluesquarehub.com\/wp-content\/uploads\/2025\/10\/Logo-Banner.png","width":2400,"height":1260,"caption":"Bluesquare"},"image":{"@id":"https:\/\/www.bluesquarehub.com\/fr\/#\/schema\/logo\/image\/"},"sameAs":["https:\/\/x.com\/blsqhub","https:\/\/www.linkedin.com\/company\/bluesquarehub","https:\/\/www.youtube.com\/channel\/UC33QxHTlZzQyXUJnXtWeyBw\/"]}]}},"_links":{"self":[{"href":"https:\/\/www.bluesquarehub.com\/fr\/wp-json\/wp\/v2\/pages\/16410","targetHints":{"allow":["GET"]}}],"collection":[{"href":"https:\/\/www.bluesquarehub.com\/fr\/wp-json\/wp\/v2\/pages"}],"about":[{"href":"https:\/\/www.bluesquarehub.com\/fr\/wp-json\/wp\/v2\/types\/page"}],"author":[{"embeddable":true,"href":"https:\/\/www.bluesquarehub.com\/fr\/wp-json\/wp\/v2\/users\/4"}],"replies":[{"embeddable":true,"href":"https:\/\/www.bluesquarehub.com\/fr\/wp-json\/wp\/v2\/comments?post=16410"}],"version-history":[{"count":17,"href":"https:\/\/www.bluesquarehub.com\/fr\/wp-json\/wp\/v2\/pages\/16410\/revisions"}],"predecessor-version":[{"id":16740,"href":"https:\/\/www.bluesquarehub.com\/fr\/wp-json\/wp\/v2\/pages\/16410\/revisions\/16740"}],"wp:featuredmedia":[{"embeddable":true,"href":"https:\/\/www.bluesquarehub.com\/fr\/wp-json\/wp\/v2\/media\/13726"}],"wp:attachment":[{"href":"https:\/\/www.bluesquarehub.com\/fr\/wp-json\/wp\/v2\/media?parent=16410"}],"curies":[{"name":"wp","href":"https:\/\/api.w.org\/{rel}","templated":true}]}}