{"id":681,"date":"2025-07-30T11:55:21","date_gmt":"2025-07-30T10:55:21","guid":{"rendered":"https:\/\/www.bluesquarehub.com\/expertise\/"},"modified":"2026-01-05T14:03:07","modified_gmt":"2026-01-05T13:03:07","slug":"expertise","status":"publish","type":"page","link":"https:\/\/www.bluesquarehub.com\/fr\/expertise\/","title":{"rendered":"Expertise"},"content":{"rendered":"    <div class=\"hero-section  py-60 md:py-[160px] text-center bg-cover bg-center  bg-dark text-white  [&#038;_.sub-title-home]:opacity-80 [&#038;_.sub-title-home]:text-[32px] md:[&#038;_.sub-title-home]:text-[20px]\"\n         style=\"background-image: url('https:\/\/www.bluesquarehub.com\/wp-content\/uploads\/2025\/07\/Hero-Section-1.jpg')\">\n        <div class=\"container \">\n            \n<h5 class=\" wp-block-heading eplus-wrapper eplus-styles-uid-677210\"><\/h5>\n\n\n<h1 class=\" wp-block-heading has-text-align-center eplus-wrapper\">Nos expertises num\u00e9riques pour des syst\u00e8mes plus intelligents<\/h1>\n\n\n        <\/div>\n    <\/div>\n    \n\n    <div class=\"wrapper-container-block overflow-hidden py-[90px] md:!py-[64px] bg-color-white \"\n         id=\"block_232e9512557685ab50af948e871ab31a\"\n         style=\" padding-top: 50px; padding-bottom: 50px; \">\n        <div class=\"container\">\n            \n<h5 class=\" wp-block-heading has-text-align-center eplus-wrapper eplus-styles-uid-677210\">Nos expertises<\/h5>\n\n<h2 class=\" wp-block-heading has-text-align-left eplus-wrapper eplus-styles-uid-1dc980\">Surveillance One Health <\/h2>\n\n<p class=\"body-20 has-text-align-left eplus-wrapper eplus-styles-uid-8bfde2\"><strong>Int\u00e9grer les donn\u00e9es humaines, animales et environnementales<\/strong> afin de d\u00e9tecter plus t\u00f4t les \u00e9pid\u00e9mies et de renforcer la pr\u00e9paration face aux zoonoses et aux menaces sanitaires.<\/p>\n\n<p class=\"body-20 has-text-align-left has-text-color has-link-color eplus-wrapper wp-elements-ae3a42f8f7ab69ef642c45d98a439d2a eplus-styles-uid-2f1179\" style=\"color:#4361ee\"><a href=\"https:\/\/www.bluesquarehub.com\/fr\/expertise\/disease-surveillance-and-control\/surveillance-one-health\/\">D\u00e9couvrez notre expertise One Health<\/a><\/p>\n\n<h2 class=\" wp-block-heading has-text-align-left eplus-wrapper eplus-styles-uid-1dc980\">Syst\u00e8mes de donn\u00e9es sur le paludisme<\/h2>\n\n<p class=\"body-20 has-text-align-left eplus-wrapper eplus-styles-uid-1dc980\">Des outils num\u00e9riques pour am\u00e9liorer la surveillance, la planification et la performance des campagnes contre le paludisme, gr\u00e2ce \u00e0 des tableaux de bord en temps r\u00e9el et des analyses g\u00e9ospatiales.<\/p>\n\n<p class=\"body-20 has-text-align-left has-text-color has-link-color eplus-wrapper wp-elements-b7c09ab30bfccd1f4c8df12bbd8f29f6 eplus-styles-uid-1dc980\" style=\"color:#4361ee\"><a href=\"https:\/\/www.bluesquarehub.com\/fr\/expertise\/disease-surveillance-and-control\/paludisme\/\" target=\"_blank\" rel=\"noreferrer noopener\">D\u00e9couvrez nos syst\u00e8mes de donn\u00e9es sur le paludisme<\/a><\/p>\n\n<h2 class=\" wp-block-heading has-text-align-left eplus-wrapper eplus-styles-uid-1dc980\">SRMNIA &amp; Nutrition<\/h2>\n\n<p class=\"body-20 has-text-align-left eplus-wrapper eplus-styles-uid-1dc980\">Des plateformes de donn\u00e9es int\u00e9gr\u00e9es pour <strong>am\u00e9liorer les programmes de sant\u00e9 et de nutrition<\/strong>, en assurant la continuit\u00e9 des soins tout au long du cycle de vie.<\/p>\n\n<p class=\"body-20 has-text-align-left has-text-color has-link-color eplus-wrapper wp-elements-a11759f8d245f3928c3b72d315b90961 eplus-styles-uid-1dc980\" style=\"color:#4361ee\"><a href=\"https:\/\/www.bluesquarehub.com\/fr\/expertise\/disease-surveillance-and-control\/smni-et-nutrition\/\" target=\"_blank\" rel=\"noreferrer noopener\">D\u00e9couvrez notre expertise SRMNIA &amp; Nutrition<\/a><\/p>\n\n<h2 class=\" wp-block-heading has-text-align-left eplus-wrapper eplus-styles-uid-1dc980\">Maladies Tropicales N\u00e9glig\u00e9es (MTN)<\/h2>\n\n<p class=\"body-20 has-text-align-left eplus-wrapper eplus-styles-uid-1dc980\">Des <strong>syst\u00e8mes num\u00e9riques intelligents <\/strong>pour la surveillance, l\u2019administration massive de m\u00e9dicaments et la mod\u00e9lisation pr\u00e9dictive, soutenant l\u2019\u00e9limination et le contr\u00f4le des MTN.<\/p>\n\n<p class=\"body-20 has-text-align-left has-text-color has-link-color eplus-wrapper wp-elements-d7d80e309ea294dbbef796101792cce8 eplus-styles-uid-1dc980\" style=\"color:#4361ee\"><a href=\"https:\/\/www.bluesquarehub.com\/fr\/expertise\/disease-surveillance-and-control\/maladie-tropicale-negligee\/\" target=\"_blank\" rel=\"noreferrer noopener\">D\u00e9couvrez notre expertise sur les maladies tropicales n\u00e9glig\u00e9es<\/a><\/p>\n\n<h2 class=\" wp-block-heading has-text-align-left eplus-wrapper eplus-styles-uid-1dc980\">Vaccination<\/h2>\n\n<p class=\"body-20 has-text-align-left eplus-wrapper eplus-styles-uid-1dc980\">Nous fournissons des <strong>solutions num\u00e9riques pour des programmes de vaccination plus intelligents<\/strong> \u2014 de la planification des campagnes et l\u2019int\u00e9gration des donn\u00e9es \u00e0 la gestion de la cha\u00eene d\u2019approvisionnement \u2014 aidant les pays \u00e0 am\u00e9liorer la couverture et l\u2019efficacit\u00e9.<\/p>\n\n<p class=\"body-20 has-text-align-left has-text-color has-link-color eplus-wrapper wp-elements-cb41d0ca5089ff4899daee084ff618cf eplus-styles-uid-1dc980\" style=\"color:#4361ee\"><a href=\"https:\/\/www.bluesquarehub.com\/fr\/expertise\/disease-surveillance-and-control\/vaccination\/\" target=\"_blank\" rel=\"noreferrer noopener\">D\u00e9couvrez notre expertise en vaccination<\/a><\/p>\n\n<h2 class=\" wp-block-heading has-text-align-left eplus-wrapper eplus-styles-uid-1dc980\">G\u00e9oregistres et microplanification<\/h2>\n\n<p class=\"body-20 has-text-align-left eplus-wrapper eplus-styles-uid-1dc980\">Des <strong>donn\u00e9es g\u00e9ospatiales robustes<\/strong> et des listes ma\u00eetresses d\u2019\u00e9tablissements pour renforcer la planification sanitaire, optimiser les ressources et am\u00e9liorer la prestation des services.<\/p>\n\n<p class=\"body-20 has-text-align-left has-text-color has-link-color eplus-wrapper wp-elements-b1d269549e302b58bf334111ad01d39c eplus-styles-uid-1dc980\" style=\"color:#4361ee\"><a href=\"https:\/\/www.bluesquarehub.com\/fr\/expertise\/sante-publique-de-precision\/georegistre-et-outils-de-microplanification\/\" target=\"_blank\" rel=\"noreferrer noopener\">D\u00e9couvrez notre expertise en g\u00e9oregistres et microplanification<\/a><\/p>\n\n<h2 class=\" wp-block-heading has-text-align-left eplus-wrapper eplus-styles-uid-1dc980\">Digitalisation des campagnes<\/h2>\n\n<p class=\"body-20 has-text-align-left eplus-wrapper eplus-styles-uid-1dc980\">Des <strong>outils num\u00e9riques de bout en bout <\/strong>pour les campagnes de vaccination, d\u2019administration massive de m\u00e9dicaments (MDA) et de distribution \u2014 de la planification au suivi en temps r\u00e9el et \u00e0 l\u2019analyse post-campagne.<\/p>\n\n<p class=\"body-20 has-text-align-left has-text-color has-link-color eplus-wrapper wp-elements-a146a8b6027079af45542aa0832a8050 eplus-styles-uid-1dc980\" style=\"color:#4361ee\"><a href=\"https:\/\/www.bluesquarehub.com\/fr\/expertise\/sante-publique-de-precision\/digitalisation-des-campagnes\/\" target=\"_blank\" rel=\"noreferrer noopener\">D\u00e9couvrez notre expertise en digitalisation des campagnes<\/a><\/p>\n\n<h2 class=\" wp-block-heading has-text-align-left eplus-wrapper eplus-styles-uid-1dc980\">Financement de la sant\u00e9<\/h2>\n\n<p class=\"body-20 has-text-align-left eplus-wrapper eplus-styles-uid-1dc980\">Des <strong>plateformes int\u00e9gr\u00e9es pour les achats strat\u00e9giques, le suivi budg\u00e9taire et les paiements fond\u00e9s sur la performance<\/strong>, rendant le financement de la sant\u00e9 plus transparent et plus efficace.<\/p>\n\n<p class=\"body-20 has-text-align-left has-text-color has-link-color eplus-wrapper wp-elements-4bb27039d5164a09d1ae934505d4ed01 eplus-styles-uid-1dc980\" style=\"color:#4361ee\"><a href=\"https:\/\/www.bluesquarehub.com\/fr\/expertise\/health-system-strengthening\/financement-de-la-sante\/\" target=\"_blank\" rel=\"noreferrer noopener\">D\u00e9couvrez notre expertise en financement de la sant\u00e9<\/a><\/p>\n\n<h2 class=\" wp-block-heading has-text-align-left eplus-wrapper eplus-styles-uid-1dc980\">Cha\u00eene d\u2019approvisionnement et logistique<\/h2>\n\n<p class=\"body-20 has-text-align-left eplus-wrapper eplus-styles-uid-1dc980\">Des <strong>syst\u00e8mes num\u00e9riques de gestion logistique<\/strong> pour une visibilit\u00e9 en temps r\u00e9el des stocks, la pr\u00e9vision des besoins et la distribution du dernier kilom\u00e8tre des produits de sant\u00e9 essentiels.<\/p>\n\n<p class=\"body-20 has-text-align-left has-text-color has-link-color eplus-wrapper wp-elements-03c2978835befbb4a88ca18019822684 eplus-styles-uid-1dc980\" style=\"color:#4361ee\"><a href=\"https:\/\/www.bluesquarehub.com\/fr\/expertise\/health-system-strengthening\/chaine-dapprovisionnement-et-logistique\/\" target=\"_blank\" rel=\"noreferrer noopener\">D\u00e9couvrez notre expertise en logistique<\/a><\/p>\n\n<h2 class=\" wp-block-heading has-text-align-left eplus-wrapper eplus-styles-uid-1dc980\">Suivi et \u00e9valuation<\/h2>\n\n<p class=\"body-20 has-text-align-left eplus-wrapper eplus-styles-uid-1dc980\">Des <strong>plateformes de suivi et \u00e9valuation sur mesure <\/strong>pour int\u00e9grer les donn\u00e9es, suivre les r\u00e9sultats et g\u00e9n\u00e9rer des <strong>insights<\/strong> (analyses et enseignements), renfor\u00e7ant la responsabilit\u00e9 et la gestion adaptative des programmes.<\/p>\n\n<p class=\"body-20 has-text-align-left has-text-color has-link-color eplus-wrapper wp-elements-3a557893f9949ee1113d5fe83a3ea061 eplus-styles-uid-1dc980\" style=\"color:#4361ee\"><a href=\"https:\/\/www.bluesquarehub.com\/fr\/expertise\/system-monitoring\/suivi-et-evaluation\/\" target=\"_blank\" rel=\"noreferrer noopener\">D\u00e9couvrez notre expertise en suivi et \u00e9valuation<\/a><\/p>\n\n        <\/div>\n    <\/div>\n    \n\n    <div class=\"wrapper-container-block overflow-hidden py-[90px] md:!py-[64px] bg-color-white \"\n         id=\"block_85c75c01306089e5bea95269fe1cffd0\"\n         style=\"  \">\n        <div class=\"container\">\n            \n<div class=\"gradient-section wp-block-group has-background eplus-wrapper eplus-styles-uid-aa584b\" style=\"background:linear-gradient(90deg,rgb(25,32,65) 2%,rgb(102,0,0) 100%)\"><div class=\"wp-block-group__inner-container is-layout-constrained wp-block-group-is-layout-constrained\">\n<h2 class=\"wp-block-heading has-text-align-center has-white-color has-text-color has-link-color eplus-wrapper wp-elements-540d70d9cc2cc2d31e27f130c9d2a6fa\">Pr\u00eat \u00e0 lib\u00e9rer le potentiel de vos donn\u00e9es ?<\/h2>\n\n\n\n<p class=\"body-24 has-text-align-center has-white-color has-text-color has-link-color eplus-wrapper wp-elements-6f07191e50be001776b7ce5797079a19\">Parlez \u00e0 un expert de Bluesquare. Contactez-nous maintenant. <\/p>\n\n\n\n<div class=\"wp-block-buttons eplus-wrapper is-content-justification-center is-layout-flex wp-container-core-buttons-is-layout-16018d1d wp-block-buttons-is-layout-flex\"><div class=\" wp-block-button eplus-wrapper eplus-styles-uid-5bcdbb\"><a class=\"wp-block-button__link has-background wp-element-button\" href=\"https:\/\/www.bluesquarehub.com\/fr\/contact\/\" style=\"background-color:#4361ee\" target=\"_blank\" rel=\"noreferrer noopener\">Contactez-nous maintenant<\/a><\/div><\/div>\n<\/div><\/div>\n\n        <\/div>\n    <\/div>\n    ","protected":false},"excerpt":{"rendered":"","protected":false},"author":1,"featured_media":0,"parent":0,"menu_order":0,"comment_status":"closed","ping_status":"closed","template":"","meta":{"_acf_changed":false,"content-type":"","editor_plus_copied_stylings":"{}","footnotes":""},"class_list":["post-681","page","type-page","status-publish","hentry"],"acf":[],"yoast_head":"<!-- This site is optimized with the Yoast SEO plugin v27.1.1 - https:\/\/yoast.com\/product\/yoast-seo-wordpress\/ -->\n<title>Expertise - Bluesquare<\/title>\n<meta name=\"robots\" content=\"index, follow, max-snippet:-1, max-image-preview:large, max-video-preview:-1\" \/>\n<link rel=\"canonical\" href=\"https:\/\/www.bluesquarehub.com\/fr\/expertise\/\" \/>\n<meta property=\"og:locale\" content=\"fr_FR\" \/>\n<meta property=\"og:type\" content=\"article\" \/>\n<meta property=\"og:title\" content=\"Expertise - Bluesquare\" \/>\n<meta property=\"og:url\" content=\"https:\/\/www.bluesquarehub.com\/fr\/expertise\/\" \/>\n<meta property=\"og:site_name\" content=\"Bluesquare\" \/>\n<meta property=\"article:modified_time\" content=\"2026-01-05T13:03:07+00:00\" \/>\n<meta name=\"twitter:card\" content=\"summary_large_image\" \/>\n<meta name=\"twitter:site\" content=\"@blsqhub\" \/>\n<meta name=\"twitter:label1\" content=\"Dur\u00e9e de lecture estim\u00e9e\" \/>\n\t<meta name=\"twitter:data1\" content=\"2 minutes\" \/>\n<script type=\"application\/ld+json\" class=\"yoast-schema-graph\">{\"@context\":\"https:\/\/schema.org\",\"@graph\":[{\"@type\":\"WebPage\",\"@id\":\"https:\/\/www.bluesquarehub.com\/fr\/expertise\/\",\"url\":\"https:\/\/www.bluesquarehub.com\/fr\/expertise\/\",\"name\":\"Expertise - Bluesquare\",\"isPartOf\":{\"@id\":\"https:\/\/www.bluesquarehub.com\/fr\/#website\"},\"datePublished\":\"2025-07-30T10:55:21+00:00\",\"dateModified\":\"2026-01-05T13:03:07+00:00\",\"breadcrumb\":{\"@id\":\"https:\/\/www.bluesquarehub.com\/fr\/expertise\/#breadcrumb\"},\"inLanguage\":\"fr-FR\",\"potentialAction\":[{\"@type\":\"ReadAction\",\"target\":[\"https:\/\/www.bluesquarehub.com\/fr\/expertise\/\"]}]},{\"@type\":\"BreadcrumbList\",\"@id\":\"https:\/\/www.bluesquarehub.com\/fr\/expertise\/#breadcrumb\",\"itemListElement\":[{\"@type\":\"ListItem\",\"position\":1,\"name\":\"Home\",\"item\":\"https:\/\/www.bluesquarehub.com\/fr\/\"},{\"@type\":\"ListItem\",\"position\":2,\"name\":\"Expertise\"}]},{\"@type\":\"WebSite\",\"@id\":\"https:\/\/www.bluesquarehub.com\/fr\/#website\",\"url\":\"https:\/\/www.bluesquarehub.com\/fr\/\",\"name\":\"Bluesquare\",\"description\":\"\",\"publisher\":{\"@id\":\"https:\/\/www.bluesquarehub.com\/fr\/#organization\"},\"potentialAction\":[{\"@type\":\"SearchAction\",\"target\":{\"@type\":\"EntryPoint\",\"urlTemplate\":\"https:\/\/www.bluesquarehub.com\/fr\/?s={search_term_string}\"},\"query-input\":{\"@type\":\"PropertyValueSpecification\",\"valueRequired\":true,\"valueName\":\"search_term_string\"}}],\"inLanguage\":\"fr-FR\"},{\"@type\":\"Organization\",\"@id\":\"https:\/\/www.bluesquarehub.com\/fr\/#organization\",\"name\":\"Bluesquare\",\"url\":\"https:\/\/www.bluesquarehub.com\/fr\/\",\"logo\":{\"@type\":\"ImageObject\",\"inLanguage\":\"fr-FR\",\"@id\":\"https:\/\/www.bluesquarehub.com\/fr\/#\/schema\/logo\/image\/\",\"url\":\"https:\/\/www.bluesquarehub.com\/wp-content\/uploads\/2025\/10\/Logo-Banner.png\",\"contentUrl\":\"https:\/\/www.bluesquarehub.com\/wp-content\/uploads\/2025\/10\/Logo-Banner.png\",\"width\":2400,\"height\":1260,\"caption\":\"Bluesquare\"},\"image\":{\"@id\":\"https:\/\/www.bluesquarehub.com\/fr\/#\/schema\/logo\/image\/\"},\"sameAs\":[\"https:\/\/x.com\/blsqhub\",\"https:\/\/www.linkedin.com\/company\/bluesquarehub\",\"https:\/\/www.youtube.com\/channel\/UC33QxHTlZzQyXUJnXtWeyBw\/\"]}]}<\/script>\n<!-- \/ Yoast SEO plugin. -->","yoast_head_json":{"title":"Expertise - Bluesquare","robots":{"index":"index","follow":"follow","max-snippet":"max-snippet:-1","max-image-preview":"max-image-preview:large","max-video-preview":"max-video-preview:-1"},"canonical":"https:\/\/www.bluesquarehub.com\/fr\/expertise\/","og_locale":"fr_FR","og_type":"article","og_title":"Expertise - Bluesquare","og_url":"https:\/\/www.bluesquarehub.com\/fr\/expertise\/","og_site_name":"Bluesquare","article_modified_time":"2026-01-05T13:03:07+00:00","twitter_card":"summary_large_image","twitter_site":"@blsqhub","twitter_misc":{"Dur\u00e9e de lecture estim\u00e9e":"2 minutes"},"schema":{"@context":"https:\/\/schema.org","@graph":[{"@type":"WebPage","@id":"https:\/\/www.bluesquarehub.com\/fr\/expertise\/","url":"https:\/\/www.bluesquarehub.com\/fr\/expertise\/","name":"Expertise - Bluesquare","isPartOf":{"@id":"https:\/\/www.bluesquarehub.com\/fr\/#website"},"datePublished":"2025-07-30T10:55:21+00:00","dateModified":"2026-01-05T13:03:07+00:00","breadcrumb":{"@id":"https:\/\/www.bluesquarehub.com\/fr\/expertise\/#breadcrumb"},"inLanguage":"fr-FR","potentialAction":[{"@type":"ReadAction","target":["https:\/\/www.bluesquarehub.com\/fr\/expertise\/"]}]},{"@type":"BreadcrumbList","@id":"https:\/\/www.bluesquarehub.com\/fr\/expertise\/#breadcrumb","itemListElement":[{"@type":"ListItem","position":1,"name":"Home","item":"https:\/\/www.bluesquarehub.com\/fr\/"},{"@type":"ListItem","position":2,"name":"Expertise"}]},{"@type":"WebSite","@id":"https:\/\/www.bluesquarehub.com\/fr\/#website","url":"https:\/\/www.bluesquarehub.com\/fr\/","name":"Bluesquare","description":"","publisher":{"@id":"https:\/\/www.bluesquarehub.com\/fr\/#organization"},"potentialAction":[{"@type":"SearchAction","target":{"@type":"EntryPoint","urlTemplate":"https:\/\/www.bluesquarehub.com\/fr\/?s={search_term_string}"},"query-input":{"@type":"PropertyValueSpecification","valueRequired":true,"valueName":"search_term_string"}}],"inLanguage":"fr-FR"},{"@type":"Organization","@id":"https:\/\/www.bluesquarehub.com\/fr\/#organization","name":"Bluesquare","url":"https:\/\/www.bluesquarehub.com\/fr\/","logo":{"@type":"ImageObject","inLanguage":"fr-FR","@id":"https:\/\/www.bluesquarehub.com\/fr\/#\/schema\/logo\/image\/","url":"https:\/\/www.bluesquarehub.com\/wp-content\/uploads\/2025\/10\/Logo-Banner.png","contentUrl":"https:\/\/www.bluesquarehub.com\/wp-content\/uploads\/2025\/10\/Logo-Banner.png","width":2400,"height":1260,"caption":"Bluesquare"},"image":{"@id":"https:\/\/www.bluesquarehub.com\/fr\/#\/schema\/logo\/image\/"},"sameAs":["https:\/\/x.com\/blsqhub","https:\/\/www.linkedin.com\/company\/bluesquarehub","https:\/\/www.youtube.com\/channel\/UC33QxHTlZzQyXUJnXtWeyBw\/"]}]}},"_links":{"self":[{"href":"https:\/\/www.bluesquarehub.com\/fr\/wp-json\/wp\/v2\/pages\/681","targetHints":{"allow":["GET"]}}],"collection":[{"href":"https:\/\/www.bluesquarehub.com\/fr\/wp-json\/wp\/v2\/pages"}],"about":[{"href":"https:\/\/www.bluesquarehub.com\/fr\/wp-json\/wp\/v2\/types\/page"}],"author":[{"embeddable":true,"href":"https:\/\/www.bluesquarehub.com\/fr\/wp-json\/wp\/v2\/users\/1"}],"replies":[{"embeddable":true,"href":"https:\/\/www.bluesquarehub.com\/fr\/wp-json\/wp\/v2\/comments?post=681"}],"version-history":[{"count":20,"href":"https:\/\/www.bluesquarehub.com\/fr\/wp-json\/wp\/v2\/pages\/681\/revisions"}],"predecessor-version":[{"id":15289,"href":"https:\/\/www.bluesquarehub.com\/fr\/wp-json\/wp\/v2\/pages\/681\/revisions\/15289"}],"wp:attachment":[{"href":"https:\/\/www.bluesquarehub.com\/fr\/wp-json\/wp\/v2\/media?parent=681"}],"curies":[{"name":"wp","href":"https:\/\/api.w.org\/{rel}","templated":true}]}}